{"id":7604,"date":"2019-01-28T14:30:25","date_gmt":"2019-01-28T12:30:25","guid":{"rendered":"https:\/\/mrcap.com\/?page_id=7604\/"},"modified":"2026-02-10T13:16:43","modified_gmt":"2026-02-10T11:16:43","slug":"kontakta-oss","status":"publish","type":"page","link":"https:\/\/mrcap.com\/?page_id=7604","title":{"rendered":"Kontakta oss"},"content":{"rendered":"<section class=\"wpb-content-wrapper\"><p>[vc_row row_overlay=&#8221;&#8221;][vc_column css=&#8221;.vc_custom_1768214219656{padding-top: 300px !important;padding-bottom: 300px !important;background-image: url(https:\/\/mrcap.com\/wp-content\/uploads\/nothing-toc-6Yuq2UEstnU-unsplash-1.jpg?id=12710) !important;background-position: center !important;background-repeat: no-repeat !important;background-size: cover !important;}&#8221; offset=&#8221;vc_hidden-xs&#8221;][\/vc_column][\/vc_row][vc_row row_overlay=&#8221;&#8221;][vc_column css=&#8221;.vc_custom_1768214244927{margin-top: 100px !important;background-position: center !important;background-repeat: no-repeat !important;background-size: cover !important;}&#8221; offset=&#8221;vc_hidden-lg vc_hidden-md vc_hidden-sm&#8221;][vc_single_image image=&#8221;12710&#8243; img_size=&#8221;full&#8221;][\/vc_column][\/vc_row][vc_row row_width=&#8221;wrap-boxed&#8221; row_overlay=&#8221;&#8221;][vc_column css=&#8221;.vc_custom_1765802223653{margin-top: 32px !important;}&#8221;][vc_column_text css=&#8221;.vc_custom_1765282595928{margin-bottom: 0px !important;border-bottom-width: 0px !important;padding-bottom: 0px !important;}&#8221;]<\/p>\n<h1 style=\"text-align: left;\"><span style=\"color: #f6f6f6;\">Kontakta oss<\/span><\/h1>\n<p>[\/vc_column_text][vc_separator color=&#8221;black&#8221; css=&#8221;.vc_custom_1765802195274{margin-top: 32px !important;margin-bottom: 32px !important;border-top-width: 0px !important;border-bottom-width: 0px !important;padding-top: 0px !important;padding-bottom: 0px !important;}&#8221;][\/vc_column][\/vc_row][vc_row row_width=&#8221;wrap-boxed&#8221; row_overlay=&#8221;&#8221;][vc_column width=&#8221;1\/2&#8243; offset=&#8221;vc_hidden-xs&#8221;][vc_column_text]<\/p>\n<h6 style=\"text-align: left;\"><span style=\"color: #f6f6f6;\">Varmt v\u00e4lkommen att kontakta MrCAPs huvudkontor. F\u00f6r \u00e4renden som r\u00f6r bokning, behandlingar eller fr\u00e5gor kring din bil rekommenderar vi att du kontaktar din lokala MrCAP-anl\u00e4ggning. De hj\u00e4lper dig g\u00e4rna vidare.<\/span><\/h6>\n<p>[\/vc_column_text][vc_btn title=&#8221;Se din lokala MrCAP&#8221; style=&#8221;flat&#8221; shape=&#8221;round&#8221; color=&#8221;inverse&#8221; link=&#8221;url:https%3A%2F%2Fmrcap.com%2Fmrcap-staging-si%2F%3Fpage_id%3D6293|title:V%C3%85RA%20ANL%C3%84GGNINGAR&#8221;][vc_column_text css=&#8221;.vc_custom_1765284150957{margin-top: 40px !important;}&#8221;]<\/p>\n<h4 style=\"text-align: left;\"><span style=\"color: #f6f6f6;\">MrCAP Huvudkontor<\/span><\/h4>\n<p style=\"text-align: left;\"><span style=\"color: #adadad;\">\u00d6ster\u00e4ngsv\u00e4gen 6<\/span><br \/>\n<span style=\"color: #adadad;\">554 63 J\u00f6nk\u00f6ping<\/span><\/p>\n<p style=\"text-align: left;\"><span style=\"color: #adadad;\">Org. nr: 559514-5599<\/span><\/p>\n<p style=\"text-align: left;\"><span style=\"color: #adadad;\">E-mail: <a style=\"color: #adadad;\" href=\"mailto:info@mrcap.com\">info@mrcap.com<\/a><br \/>\n<\/span><span style=\"color: #adadad;\">Telefon: 073 516 16 70<\/span>[\/vc_column_text][\/vc_column][vc_column width=&#8221;1\/2&#8243; offset=&#8221;vc_hidden-xs&#8221;][vc_separator color=&#8221;black&#8221; css=&#8221;.vc_custom_1765283456044{margin-top: 40px !important;}&#8221;][\/vc_column][\/vc_row][vc_row row_width=&#8221;wrap-boxed&#8221; row_overlay=&#8221;&#8221;][vc_column offset=&#8221;vc_hidden-lg vc_hidden-md vc_hidden-sm&#8221;][vc_column_text css=&#8221;.vc_custom_1765282601620{margin-top: 0px !important;border-top-width: 0px !important;padding-top: 0px !important;}&#8221;]<\/p>\n<h6 style=\"text-align: left;\"><span style=\"color: #f6f6f6;\">Telefon: 073 516 16 70<\/span><\/h6>\n<p>[\/vc_column_text][vc_column_text]<\/p>\n<p style=\"text-align: left;\"><span style=\"color: #f6f6f6;\">Varmt v\u00e4lkommen att h\u00f6ra av dig till oss. Ring direkt till din lokala MrCAP, s\u00e5 hj\u00e4lper de dig mer \u00e4n g\u00e4rna med bokning av<\/span><span style=\"color: #f6f6f6;\"> behandling och eventuella <\/span><span style=\"color: #f6f6f6;\">fr\u00e5gor.<\/span><\/p>\n<p>[\/vc_column_text][vc_btn title=&#8221;Se din lokala MrCAP&#8221; style=&#8221;flat&#8221; shape=&#8221;round&#8221; color=&#8221;inverse&#8221; link=&#8221;url:https%3A%2F%2Fmrcap.com%2Fmrcap-staging-si%2F%3Fpage_id%3D6293|title:V%C3%85RA%20ANL%C3%84GGNINGAR&#8221; css=&#8221;.vc_custom_1768214382703{margin-top: 24px !important;}&#8221;][vc_separator color=&#8221;black&#8221; css=&#8221;.vc_custom_1765283456044{margin-top: 40px !important;}&#8221;][vc_column_text css=&#8221;.vc_custom_1765284150957{margin-top: 40px !important;}&#8221;]<\/p>\n<h4 style=\"text-align: left;\"><span style=\"color: #f6f6f6;\">MrCAP Huvudkontor<\/span><\/h4>\n<p style=\"text-align: left;\"><span style=\"color: #adadad;\">\u00d6ster\u00e4ngsv\u00e4gen 6<\/span><br \/>\n<span style=\"color: #adadad;\">554 63 J\u00f6nk\u00f6ping<\/span><\/p>\n<p style=\"text-align: left;\"><span style=\"color: #adadad;\">Org. nr: 559514-5599<\/span><\/p>\n<p style=\"text-align: left;\"><span style=\"color: #adadad;\">E-mail: <a style=\"color: #adadad;\" href=\"mailto:info@mrcap.com\">info@mrcap.com<\/a><br \/>\n<\/span><span style=\"color: #adadad;\">Telefon: 073 516 16 70<\/span>[\/vc_column_text][\/vc_column][\/vc_row][vc_row][vc_column][vc_empty_space height=&#8221;220px&#8221;][\/vc_column][\/vc_row]<\/p>\n<\/section>","protected":false},"excerpt":{"rendered":"<p>[vc_row row_overlay=&#8221;&#8221;][vc_column css=&#8221;.vc_custom_1768214219656{padding-top: 300px !important;padding-bottom: 300px !important;background-image: url(https:\/\/mrcap.com\/wp-content\/uploads\/nothing-toc-6Yuq2UEstnU-unsplash-1.jpg?id=12710) !important;background-position: center !important;background-repeat: no-repeat !important;background-size: cover !important;}&#8221; offset=&#8221;vc_hidden-xs&#8221;][\/vc_column][\/vc_row][vc_row row_overlay=&#8221;&#8221;][vc_column css=&#8221;.vc_custom_1768214244927{margin-top: 100px !important;background-position: center !important;background-repeat: no-repeat !important;background-size: cover !important;}&#8221; offset=&#8221;vc_hidden-lg vc_hidden-md vc_hidden-sm&#8221;][vc_single_image image=&#8221;12710&#8243; img_size=&#8221;full&#8221;][\/vc_column][\/vc_row][vc_row row_width=&#8221;wrap-boxed&#8221; row_overlay=&#8221;&#8221;][vc_column css=&#8221;.vc_custom_1765802223653{margin-top: 32px !important;}&#8221;][vc_column_text css=&#8221;.vc_custom_1765282595928{margin-bottom: 0px !important;border-bottom-width: 0px !important;padding-bottom: 0px !important;}&#8221;] Kontakta oss [\/vc_column_text][vc_separator color=&#8221;black&#8221; css=&#8221;.vc_custom_1765802195274{margin-top: 32px !important;margin-bottom: 32px !important;border-top-width: 0px !important;border-bottom-width: 0px [&hellip;]<\/p>\n","protected":false},"author":36,"featured_media":0,"parent":3263,"menu_order":0,"comment_status":"closed","ping_status":"closed","template":"page-vc.php","meta":{"_acf_changed":false,"footnotes":"","_links_to":"","_links_to_target":""},"yst_prominent_words":[],"class_list":["post-7604","page","type-page","status-publish","hentry"],"acf":[],"_links":{"self":[{"href":"https:\/\/mrcap.com\/index.php?rest_route=\/wp\/v2\/pages\/7604","targetHints":{"allow":["GET"]}}],"collection":[{"href":"https:\/\/mrcap.com\/index.php?rest_route=\/wp\/v2\/pages"}],"about":[{"href":"https:\/\/mrcap.com\/index.php?rest_route=\/wp\/v2\/types\/page"}],"author":[{"embeddable":true,"href":"https:\/\/mrcap.com\/index.php?rest_route=\/wp\/v2\/users\/36"}],"replies":[{"embeddable":true,"href":"https:\/\/mrcap.com\/index.php?rest_route=%2Fwp%2Fv2%2Fcomments&post=7604"}],"version-history":[{"count":146,"href":"https:\/\/mrcap.com\/index.php?rest_route=\/wp\/v2\/pages\/7604\/revisions"}],"predecessor-version":[{"id":14267,"href":"https:\/\/mrcap.com\/index.php?rest_route=\/wp\/v2\/pages\/7604\/revisions\/14267"}],"up":[{"embeddable":true,"href":"https:\/\/mrcap.com\/index.php?rest_route=\/wp\/v2\/pages\/3263"}],"wp:attachment":[{"href":"https:\/\/mrcap.com\/index.php?rest_route=%2Fwp%2Fv2%2Fmedia&parent=7604"}],"wp:term":[{"taxonomy":"yst_prominent_words","embeddable":true,"href":"https:\/\/mrcap.com\/index.php?rest_route=%2Fwp%2Fv2%2Fyst_prominent_words&post=7604"}],"curies":[{"name":"wp","href":"https:\/\/api.w.org\/{rel}","templated":true}]}}