{"id":6994,"date":"2018-11-13T15:34:52","date_gmt":"2018-11-13T13:34:52","guid":{"rendered":"https:\/\/mrcap.com\/?page_id=6994\/"},"modified":"2026-01-14T09:50:23","modified_gmt":"2026-01-14T07:50:23","slug":"bilglas","status":"publish","type":"page","link":"https:\/\/mrcap.com\/?page_id=6994","title":{"rendered":"Solfilm"},"content":{"rendered":"<section class=\"wpb-content-wrapper\"><p>[vc_row row_width=&#8221;wrap-boxed&#8221; row_overlay=&#8221;&#8221;][vc_column offset=&#8221;vc_hidden-xs&#8221; css=&#8221;.vc_custom_1765968811152{margin-top: 144px !important;}&#8221;][vc_column_text css=&#8221;.vc_custom_1765968942971{margin-bottom: 80px !important;}&#8221;]<\/p>\n<h6 style=\"text-align: center;\"><span style=\"color: #fffbbf;\">Solfilm<\/span><\/h6>\n<h1 style=\"text-align: center;\"><span style=\"color: #f6f6f6;\">\u00d6kad komfort och b\u00e4ttre<\/span><br \/>\n<span style=\"color: #f6f6f6;\">skydd f\u00f6r interi\u00f6ren<\/span><\/h1>\n<p>[\/vc_column_text][\/vc_column][\/vc_row][vc_row row_width=&#8221;wrap-boxed&#8221; row_overlay=&#8221;&#8221;][vc_column width=&#8221;1\/2&#8243; offset=&#8221;vc_hidden-xs&#8221; css=&#8221;.vc_custom_1768376975627{margin-bottom: 144px !important;}&#8221;][vc_column_text css=&#8221;.vc_custom_1768376818640{margin-bottom: 0px !important;border-bottom-width: 0px !important;padding-right: 40px !important;padding-bottom: 0px !important;}&#8221;]<\/p>\n<p style=\"text-align: left;\"><span style=\"color: #adadad;\">Genom att applicera solfilm p\u00e5 bilens rutor skyddar du dess interi\u00f6r. Som en f\u00f6ljd av att solfilmen reflekterar upp till 99% av UV-str\u00e5lningen fr\u00e5n solljuset skyddar den mot blekning, ger ett b\u00e4ttre insynsskydd och en mer v\u00e4rmeavvisande kup\u00e9. Skulle rutan spricka fungerar solfilmen \u00e4ven som splitterskydd. Ut\u00f6ver de praktiska effekterna ger solfilm bilen ett b\u00e4ttre helhetsintryck.<\/span><\/p>\n<p>[\/vc_column_text][vc_btn title=&#8221;Boka behandling&#8221; style=&#8221;flat&#8221; shape=&#8221;round&#8221; color=&#8221;green&#8221; align=&#8221;left&#8221; link=&#8221;url:http%3A%2F%2Fbooking.mrcap.com%2F&#8221; css=&#8221;.vc_custom_1768376899939{margin-top: 0px !important;margin-bottom: 0px !important;border-top-width: 0px !important;border-bottom-width: 0px !important;padding-top: 24px !important;padding-bottom: 48px !important;}&#8221;][vc_column_text css=&#8221;.vc_custom_1768377021012{padding-right: 40px !important;}&#8221;]<\/p>\n<h3><span style=\"color: #f6f6f6;\">Vad ing\u00e5r i behandlingen?<\/span><\/h3>\n<div id=\"message-list_1763542721.316099\" class=\"c-virtual_list__item\" tabindex=\"0\" role=\"listitem\" aria-setsize=\"-1\" data-qa=\"virtual-list-item\" data-item-key=\"1763542721.316099\">\n<div class=\"c-message_kit__background p-message_pane_message__message c-message_kit__message\" role=\"presentation\" data-qa=\"message_container\" data-qa-unprocessed=\"false\" data-qa-placeholder=\"false\">\n<div class=\"c-message_kit__hover\" role=\"document\" aria-roledescription=\"message\" data-qa-hover=\"true\">\n<div class=\"c-message_kit__actions c-message_kit__actions--default\">\n<div class=\"c-message_kit__gutter\">\n<div class=\"c-message_kit__gutter__right\" role=\"presentation\" data-qa=\"message_content\">\n<div class=\"c-message_kit__blocks c-message_kit__blocks--rich_text\">\n<div class=\"c-message__message_blocks c-message__message_blocks--rich_text\" data-qa=\"message-text\">\n<div class=\"p-block_kit_renderer\" data-qa=\"block-kit-renderer\">\n<div class=\"p-block_kit_renderer__block_wrapper p-block_kit_renderer__block_wrapper--first\">\n<div class=\"p-rich_text_block\" dir=\"auto\">\n<div class=\"p-rich_text_section\"><span style=\"color: #adadad;\">Vid applicering av solfilm p\u00e5 din bil genomf\u00f6r vi f\u00f6rst en skonsam reng\u00f6ring av rutorna. Baserat p\u00e5 dina \u00f6nskem\u00e5l om ljusgenomsl\u00e4pp monterar v\u00e5ra erfarna tekniker solfilmen f\u00f6r hand p\u00e5 insidan av rutorna f\u00f6r att s\u00e4kerst\u00e4lla en perfekt passform efter bilens modell.<\/span><\/div>\n<\/div>\n<\/div>\n<\/div>\n<\/div>\n<\/div>\n<\/div>\n<\/div>\n<\/div>\n<\/div>\n<\/div>\n<\/div>\n<p>[\/vc_column_text][\/vc_column][vc_column width=&#8221;1\/2&#8243; offset=&#8221;vc_hidden-xs&#8221;][vc_single_image image=&#8221;13235&#8243; img_size=&#8221;full&#8221; alignment=&#8221;center&#8221;][\/vc_column][\/vc_row][vc_row row_width=&#8221;wrap-boxed&#8221; row_overlay=&#8221;&#8221;][vc_column offset=&#8221;vc_hidden-lg vc_hidden-md vc_hidden-sm&#8221; css=&#8221;.vc_custom_1765969091190{margin-bottom: 60px !important;}&#8221;][vc_empty_space height=&#8221;120px&#8221;][vc_column_text]<\/p>\n<h6 style=\"text-align: left;\"><span style=\"color: #fffbbf;\">Solfilm<\/span><\/h6>\n<h2 style=\"text-align: left;\"><span style=\"color: #f6f6f6;\">\u00d6kad komfort och b\u00e4ttre<\/span><br \/>\n<span style=\"color: #f6f6f6;\">skydd f\u00f6r interi\u00f6ren<\/span><\/h2>\n<p>[\/vc_column_text][\/vc_column][\/vc_row][vc_row row_width=&#8221;wrap-boxed&#8221; row_overlay=&#8221;&#8221;][vc_column offset=&#8221;vc_hidden-lg vc_hidden-md vc_hidden-sm&#8221;][vc_single_image image=&#8221;13235&#8243; img_size=&#8221;full&#8221; alignment=&#8221;center&#8221;][vc_column_text css=&#8221;.vc_custom_1768213389111{padding-right: 40px !important;}&#8221;]<\/p>\n<p style=\"text-align: left;\"><span style=\"color: #adadad;\">Genom att applicera solfilm p\u00e5 bilens rutor skyddar du dess interi\u00f6r. Som en f\u00f6ljd av att solfilmen reflekterar upp till 99% av UV-str\u00e5lningen fr\u00e5n solljuset skyddar den mot blekning, ger ett b\u00e4ttre insynsskydd och en mer v\u00e4rmeavvisande kup\u00e9. Skulle rutan spricka fungerar solfilmen \u00e4ven som splitterskydd. Ut\u00f6ver de praktiska effekterna ger solfilm bilen ett b\u00e4ttre helhetsintryck.<\/span><\/p>\n<p>[\/vc_column_text][\/vc_column][\/vc_row][vc_row row_width=&#8221;wrap-boxed&#8221; row_overlay=&#8221;&#8221;][vc_column offset=&#8221;vc_hidden-lg vc_hidden-md vc_hidden-sm&#8221;][vc_btn title=&#8221;Boka behandling&#8221; style=&#8221;flat&#8221; shape=&#8221;round&#8221; color=&#8221;green&#8221; size=&#8221;sm&#8221; align=&#8221;left&#8221; link=&#8221;url:http%3A%2F%2Fbooking.mrcap.com%2F&#8221; css=&#8221;.vc_custom_1765889183228{margin-top: 0px !important;border-top-width: 0px !important;padding-top: 16px !important;padding-bottom: 16px !important;}&#8221;][\/vc_column][\/vc_row]<\/p>\n<\/section>","protected":false},"excerpt":{"rendered":"<p>[vc_row row_width=&#8221;wrap-boxed&#8221; row_overlay=&#8221;&#8221;][vc_column offset=&#8221;vc_hidden-xs&#8221; css=&#8221;.vc_custom_1765968811152{margin-top: 144px !important;}&#8221;][vc_column_text css=&#8221;.vc_custom_1765968942971{margin-bottom: 80px !important;}&#8221;] Solfilm \u00d6kad komfort och b\u00e4ttre skydd f\u00f6r interi\u00f6ren [\/vc_column_text][\/vc_column][\/vc_row][vc_row row_width=&#8221;wrap-boxed&#8221; row_overlay=&#8221;&#8221;][vc_column width=&#8221;1\/2&#8243; offset=&#8221;vc_hidden-xs&#8221; css=&#8221;.vc_custom_1768376975627{margin-bottom: 144px !important;}&#8221;][vc_column_text css=&#8221;.vc_custom_1768376818640{margin-bottom: 0px !important;border-bottom-width: 0px !important;padding-right: 40px !important;padding-bottom: 0px !important;}&#8221;] Genom att applicera solfilm p\u00e5 bilens rutor skyddar du dess interi\u00f6r. Som en f\u00f6ljd av att solfilmen reflekterar upp till [&hellip;]<\/p>\n","protected":false},"author":36,"featured_media":0,"parent":3995,"menu_order":0,"comment_status":"closed","ping_status":"closed","template":"page-vc.php","meta":{"_acf_changed":false,"footnotes":"","_links_to":"","_links_to_target":""},"yst_prominent_words":[],"class_list":["post-6994","page","type-page","status-publish","hentry"],"acf":[],"_links":{"self":[{"href":"https:\/\/mrcap.com\/index.php?rest_route=\/wp\/v2\/pages\/6994","targetHints":{"allow":["GET"]}}],"collection":[{"href":"https:\/\/mrcap.com\/index.php?rest_route=\/wp\/v2\/pages"}],"about":[{"href":"https:\/\/mrcap.com\/index.php?rest_route=\/wp\/v2\/types\/page"}],"author":[{"embeddable":true,"href":"https:\/\/mrcap.com\/index.php?rest_route=\/wp\/v2\/users\/36"}],"replies":[{"embeddable":true,"href":"https:\/\/mrcap.com\/index.php?rest_route=%2Fwp%2Fv2%2Fcomments&post=6994"}],"version-history":[{"count":96,"href":"https:\/\/mrcap.com\/index.php?rest_route=\/wp\/v2\/pages\/6994\/revisions"}],"predecessor-version":[{"id":14195,"href":"https:\/\/mrcap.com\/index.php?rest_route=\/wp\/v2\/pages\/6994\/revisions\/14195"}],"up":[{"embeddable":true,"href":"https:\/\/mrcap.com\/index.php?rest_route=\/wp\/v2\/pages\/3995"}],"wp:attachment":[{"href":"https:\/\/mrcap.com\/index.php?rest_route=%2Fwp%2Fv2%2Fmedia&parent=6994"}],"wp:term":[{"taxonomy":"yst_prominent_words","embeddable":true,"href":"https:\/\/mrcap.com\/index.php?rest_route=%2Fwp%2Fv2%2Fyst_prominent_words&post=6994"}],"curies":[{"name":"wp","href":"https:\/\/api.w.org\/{rel}","templated":true}]}}