{"id":6901,"date":"2018-11-13T15:36:38","date_gmt":"2018-11-13T13:36:38","guid":{"rendered":"https:\/\/mrcap.com\/?page_id=6901\/"},"modified":"2026-01-12T12:21:59","modified_gmt":"2026-01-12T10:21:59","slug":"biltvatt","status":"publish","type":"page","link":"https:\/\/mrcap.com\/?page_id=6901","title":{"rendered":"Underh\u00e5ll"},"content":{"rendered":"<section class=\"wpb-content-wrapper\"><p>[vc_row row_width=&#8221;wrap-boxed&#8221; row_overlay=&#8221;&#8221;][vc_column css=&#8221;.vc_custom_1765967675292{margin-top: 144px !important;}&#8221; offset=&#8221;vc_hidden-xs&#8221;][vc_column_text css=&#8221;.vc_custom_1765967651933{margin-top: 0px !important;margin-bottom: 0px !important;border-top-width: 0px !important;border-bottom-width: 0px !important;padding-top: 0px !important;padding-bottom: 0px !important;}&#8221;]<\/p>\n<h6 class=\"p1\" style=\"text-align: center;\"><span style=\"color: #fffbbf;\">Underh\u00e5ll<\/span><\/h6>\n<p>[\/vc_column_text][vc_column_text css=&#8221;.vc_custom_1765967658855{margin-top: 0px !important;margin-bottom: 0px !important;border-top-width: 0px !important;border-bottom-width: 0px !important;padding-top: 0px !important;padding-bottom: 0px !important;}&#8221;]<\/p>\n<h1 class=\"p1\" style=\"text-align: center;\"><span style=\"color: #f6f6f6;\">Kontinuerlig reng\u00f6ring<br \/>\nf\u00f6r ett v\u00e4lv\u00e5rdat intryck<\/span><\/h1>\n<p>[\/vc_column_text][vc_column_text css=&#8221;.vc_custom_1765967664842{margin-top: 24px !important;}&#8221;]<\/p>\n<h6 class=\"p1\" style=\"text-align: center;\"><span style=\"color: #adadad;\">Regelbunden sk\u00f6tsel mellan st\u00f6rre behandlingar \u00e4r ett enkelt s\u00e4tt<br \/>\n<\/span><span style=\"color: #adadad;\">att bibeh\u00e5lla k\u00e4nslan av en bil i nyskick. V\u00e5ra underh\u00e5llstj\u00e4nster utf\u00f6rs<br \/>\n<\/span><span style=\"color: #adadad;\">alltid manuellt <\/span><span style=\"color: #adadad;\">f\u00f6r ett skonsamt och effektivt resultat.<\/span><\/h6>\n<p>[\/vc_column_text][\/vc_column][\/vc_row][vc_row][vc_column][vc_empty_space height=&#8221;50px&#8221;][\/vc_column][\/vc_row][vc_row row_width=&#8221;wrap-boxed&#8221; row_overlay=&#8221;&#8221;][vc_column css=&#8221;.vc_custom_1765968486322{margin-top: 120px !important;margin-bottom: 40px !important;}&#8221; offset=&#8221;vc_hidden-lg vc_hidden-md vc_hidden-sm&#8221;][vc_column_text]<\/p>\n<h6 class=\"p1\" style=\"text-align: left;\"><span style=\"color: #fffbbf;\">Underh\u00e5ll<\/span><\/h6>\n<h3 class=\"p1\" style=\"text-align: left;\"><span style=\"color: #f6f6f6;\">Kontinuerlig reng\u00f6ring<br \/>\nf\u00f6r ett v\u00e4lv\u00e5rdat intryck<\/span><\/h3>\n<p class=\"p1\" style=\"text-align: left;\"><span style=\"color: #adadad;\">Regelbunden sk\u00f6tsel mellan st\u00f6rre behandlingar \u00e4r ett enkelt s\u00e4tt att bibeh\u00e5lla k\u00e4nslan av en bil i nyskick. V\u00e5ra underh\u00e5llstj\u00e4nster utf\u00f6rs alltid manuellt f\u00f6r ett skonsamt och effektivt resultat.<\/span><\/p>\n<p>[\/vc_column_text][\/vc_column][\/vc_row][vc_row row_width=&#8221;wrap-boxed&#8221; row_overlay=&#8221;&#8221;][vc_column width=&#8221;1\/3&#8243; css=&#8221;.vc_custom_1765968301085{margin-bottom: 0px !important;border-bottom-width: 0px !important;padding-bottom: 0px !important;}&#8221; offset=&#8221;vc_hidden-xs&#8221;][vc_empty_space][vc_single_image image=&#8221;13120&#8243; img_size=&#8221;600&#215;450&#8243;][vc_column_text]<\/p>\n<h3><span style=\"color: #f6f6f6;\">QuickWash<\/span><\/h3>\n<p><span style=\"color: #adadad;\">En manuell tv\u00e4tt av bilens exteri\u00f6r. Inkluderar<\/span><span style=\"color: #adadad;\"> reng\u00f6ring av lack, f\u00e4lgar, hjulhus och d\u00f6rrg\u00e5ngar.<br \/>\n<\/span>[\/vc_column_text][\/vc_column][vc_column width=&#8221;1\/3&#8243; css=&#8221;.vc_custom_1765968305782{margin-bottom: 0px !important;border-bottom-width: 0px !important;padding-bottom: 0px !important;}&#8221; offset=&#8221;vc_hidden-xs&#8221;][vc_empty_space][vc_single_image image=&#8221;13114&#8243; img_size=&#8221;600&#215;450&#8243;][vc_column_text]<\/p>\n<h3 style=\"text-align: left;\"><span style=\"color: #f6f6f6;\">WashAll<\/span><\/h3>\n<p style=\"text-align: left;\"><span style=\"color: #adadad;\">En grundlig manuell exteri\u00f6r reng\u00f6ring av lack, f\u00e4lgar, hjulhus, d\u00f6rrg\u00e5ngar, samt in- och utv\u00e4ndig f\u00f6nsterputs och l\u00e4ttare reng\u00f6ring av kup\u00e9n.<\/span><\/p>\n<p>[\/vc_column_text][\/vc_column][vc_column width=&#8221;1\/3&#8243; css=&#8221;.vc_custom_1765968309039{margin-bottom: 0px !important;border-bottom-width: 0px !important;padding-bottom: 0px !important;}&#8221; offset=&#8221;vc_hidden-xs&#8221;][vc_empty_space][vc_single_image image=&#8221;12993&#8243; img_size=&#8221;600&#215;450&#8243;][vc_column_text]<\/p>\n<h3><span style=\"color: #f6f6f6;\">InteriorService<\/span><\/h3>\n<p><span style=\"color: #adadad;\">En noggrann reng\u00f6ring av hela kup\u00e9n, golvmattor samt bagageutrymme. Behandlingen avslutas med en in- och utv\u00e4ndigt f\u00f6nsterputs.<\/span>[\/vc_column_text][\/vc_column][vc_column offset=&#8221;vc_hidden-xs&#8221;][vc_row_inner css=&#8221;.vc_custom_1765968142299{margin-top: 0px !important;margin-bottom: 50px !important;border-top-width: 0px !important;border-bottom-width: 0px !important;padding-top: 0px !important;padding-bottom: 0px !important;}&#8221;][vc_column_inner width=&#8221;1\/3&#8243;][vc_btn title=&#8221;Boka behandling&#8221; style=&#8221;flat&#8221; shape=&#8221;round&#8221; color=&#8221;black&#8221; align=&#8221;left&#8221; link=&#8221;url:http%3A%2F%2Fbooking.mrcap.com%2F&#8221; css=&#8221;.vc_custom_1765968047149{margin-top: 0px !important;border-top-width: 0px !important;padding-top: 0px !important;padding-bottom: 16px !important;}&#8221;][\/vc_column_inner][vc_column_inner width=&#8221;1\/3&#8243;][vc_btn title=&#8221;Boka behandling&#8221; style=&#8221;flat&#8221; shape=&#8221;round&#8221; color=&#8221;black&#8221; align=&#8221;left&#8221; link=&#8221;url:http%3A%2F%2Fbooking.mrcap.com%2F&#8221; css=&#8221;.vc_custom_1765968051714{margin-top: 0px !important;border-top-width: 0px !important;padding-top: 0px !important;padding-bottom: 16px !important;}&#8221;][\/vc_column_inner][vc_column_inner width=&#8221;1\/3&#8243;][vc_btn title=&#8221;Boka behandling&#8221; style=&#8221;flat&#8221; shape=&#8221;round&#8221; color=&#8221;black&#8221; align=&#8221;left&#8221; link=&#8221;url:http%3A%2F%2Fbooking.mrcap.com%2F&#8221; css=&#8221;.vc_custom_1765968056461{margin-top: 0px !important;border-top-width: 0px !important;padding-top: 0px !important;padding-bottom: 16px !important;}&#8221;][\/vc_column_inner][\/vc_row_inner][\/vc_column][vc_column width=&#8221;1\/3&#8243; offset=&#8221;vc_hidden-xs&#8221;][vc_empty_space][vc_single_image image=&#8221;12996&#8243; img_size=&#8221;600&#215;450&#8243;][vc_column_text]<\/p>\n<h3 style=\"text-align: left;\"><span style=\"color: #f6f6f6;\">MachineClean &amp; Dressing<\/span><\/h3>\n<div class=\"wpb_text_column wpb_content_element \">\n<div class=\"wpb_wrapper\">\n<p><span style=\"color: #adadad;\">En varsam manuell reng\u00f6ring f\u00f6r motorutrymmet. Plast- och gummidetaljer f\u00e5r en \u00e5terfuktande behandling.<\/span><\/div>\n<\/div>\n<p>[\/vc_column_text][\/vc_column][vc_column width=&#8221;1\/3&#8243; offset=&#8221;vc_hidden-xs&#8221;][vc_empty_space][vc_single_image image=&#8221;13728&#8243; img_size=&#8221;600&#215;450&#8243;][vc_column_text]<\/p>\n<h3 style=\"text-align: left;\"><span style=\"color: #f6f6f6;\">WashAll &amp; InteriorService<\/span><\/h3>\n<p><span style=\"color: #adadad;\">En kombination av v\u00e5ra behandlingar WashAll och InteriorService. En helt\u00e4ckande noggrann manuell reng\u00f6ring av bilens exteri\u00f6r och interi\u00f6r.<\/span>[\/vc_column_text][\/vc_column][vc_column width=&#8221;1\/3&#8243; offset=&#8221;vc_hidden-xs&#8221;][\/vc_column][vc_column offset=&#8221;vc_hidden-xs&#8221;][vc_row_inner][vc_column_inner width=&#8221;1\/3&#8243;][vc_btn title=&#8221;Boka behandling&#8221; style=&#8221;flat&#8221; shape=&#8221;round&#8221; color=&#8221;black&#8221; align=&#8221;left&#8221; link=&#8221;url:http%3A%2F%2Fbooking.mrcap.com%2F&#8221; css=&#8221;.vc_custom_1765968188945{margin-top: 0px !important;border-top-width: 0px !important;padding-top: 0px !important;}&#8221;][\/vc_column_inner][vc_column_inner width=&#8221;1\/3&#8243;][vc_btn title=&#8221;Boka behandling&#8221; style=&#8221;flat&#8221; shape=&#8221;round&#8221; color=&#8221;black&#8221; align=&#8221;left&#8221; link=&#8221;url:http%3A%2F%2Fbooking.mrcap.com%2F&#8221; css=&#8221;.vc_custom_1765968179818{margin-top: 0px !important;border-top-width: 0px !important;padding-top: 0px !important;}&#8221;][\/vc_column_inner][vc_column_inner width=&#8221;1\/3&#8243;][\/vc_column_inner][\/vc_row_inner][\/vc_column][\/vc_row][vc_row row_width=&#8221;wrap-boxed&#8221; row_overlay=&#8221;&#8221;][vc_column width=&#8221;1\/3&#8243; css=&#8221;.vc_custom_1765968250976{margin-bottom: 0px !important;border-bottom-width: 0px !important;padding-bottom: 0px !important;}&#8221; offset=&#8221;vc_hidden-lg vc_hidden-md vc_hidden-sm&#8221;][vc_empty_space][vc_single_image image=&#8221;13120&#8243; img_size=&#8221;600&#215;450&#8243;][vc_column_text]<\/p>\n<h3><span style=\"color: #f6f6f6;\">QuickWash<\/span><\/h3>\n<p><span style=\"color: #adadad;\">En manuell tv\u00e4tt av bilens exteri\u00f6r. Inkluderar<\/span><span style=\"color: #adadad;\"> reng\u00f6ring av lack, f\u00e4lgar, hjulhus och d\u00f6rrg\u00e5ngar.<br \/>\n<\/span>[\/vc_column_text][vc_btn title=&#8221;Boka behandling&#8221; style=&#8221;flat&#8221; shape=&#8221;round&#8221; color=&#8221;black&#8221; align=&#8221;left&#8221; link=&#8221;url:http%3A%2F%2Fbooking.mrcap.com%2F&#8221; css=&#8221;.vc_custom_1765968358456{margin-top: 0px !important;border-top-width: 0px !important;padding-top: 24px !important;}&#8221;][vc_empty_space][\/vc_column][vc_column width=&#8221;1\/3&#8243; css=&#8221;.vc_custom_1765968257927{margin-bottom: 0px !important;border-bottom-width: 0px !important;padding-bottom: 0px !important;}&#8221; offset=&#8221;vc_hidden-lg vc_hidden-md vc_hidden-sm&#8221;][vc_empty_space][vc_single_image image=&#8221;13114&#8243; img_size=&#8221;600&#215;450&#8243;][vc_column_text]<\/p>\n<h3 style=\"text-align: left;\"><span style=\"color: #f6f6f6;\">WashAll<\/span><\/h3>\n<p style=\"text-align: left;\"><span style=\"color: #adadad;\">En grundlig manuell exteri\u00f6r reng\u00f6ring av lack, f\u00e4lgar, hjulhus, d\u00f6rrg\u00e5ngar, samt in- och utv\u00e4ndig f\u00f6nsterputs och l\u00e4ttare reng\u00f6ring av kup\u00e9n.<\/span><\/p>\n<p>[\/vc_column_text][vc_btn title=&#8221;Boka behandling&#8221; style=&#8221;flat&#8221; shape=&#8221;round&#8221; color=&#8221;black&#8221; align=&#8221;left&#8221; link=&#8221;url:http%3A%2F%2Fbooking.mrcap.com%2F&#8221; css=&#8221;.vc_custom_1765968362942{margin-top: 0px !important;border-top-width: 0px !important;padding-top: 24px !important;}&#8221;][vc_empty_space][\/vc_column][vc_column width=&#8221;1\/3&#8243; css=&#8221;.vc_custom_1765968263073{margin-bottom: 0px !important;border-bottom-width: 0px !important;padding-bottom: 0px !important;}&#8221; offset=&#8221;vc_hidden-lg vc_hidden-md vc_hidden-sm&#8221;][vc_empty_space][vc_single_image image=&#8221;12993&#8243; img_size=&#8221;600&#215;450&#8243;][vc_column_text]<\/p>\n<h3><span style=\"color: #f6f6f6;\">InteriorService<\/span><\/h3>\n<p><span style=\"color: #adadad;\">En noggrann reng\u00f6ring av hela kup\u00e9n, golvmattor samt bagageutrymme. Behandlingen avslutas med en in- och utv\u00e4ndigt f\u00f6nsterputs.<\/span>[\/vc_column_text][vc_btn title=&#8221;Boka behandling&#8221; style=&#8221;flat&#8221; shape=&#8221;round&#8221; color=&#8221;black&#8221; align=&#8221;left&#8221; link=&#8221;url:http%3A%2F%2Fbooking.mrcap.com%2F&#8221; css=&#8221;.vc_custom_1765968367709{margin-top: 0px !important;border-top-width: 0px !important;padding-top: 24px !important;}&#8221;][vc_empty_space][\/vc_column][vc_column width=&#8221;1\/3&#8243; offset=&#8221;vc_hidden-lg vc_hidden-md vc_hidden-sm&#8221;][vc_empty_space][vc_single_image image=&#8221;12996&#8243; img_size=&#8221;600&#215;450&#8243;][vc_column_text]<\/p>\n<h3 style=\"text-align: left;\"><span style=\"color: #f6f6f6;\">MachineClean &amp; Dressing<\/span><\/h3>\n<div class=\"wpb_text_column wpb_content_element \">\n<div class=\"wpb_wrapper\">\n<p><span style=\"color: #adadad;\">En varsam manuell reng\u00f6ring f\u00f6r motorutrymmet. Plast- och gummidetaljer f\u00e5r en \u00e5terfuktande behandling.<\/span><\/div>\n<\/div>\n<p>[\/vc_column_text][vc_btn title=&#8221;Boka behandling&#8221; style=&#8221;flat&#8221; shape=&#8221;round&#8221; color=&#8221;black&#8221; align=&#8221;left&#8221; link=&#8221;url:http%3A%2F%2Fbooking.mrcap.com%2F&#8221; css=&#8221;.vc_custom_1765968371889{margin-top: 0px !important;border-top-width: 0px !important;padding-top: 24px !important;}&#8221;][vc_empty_space][\/vc_column][vc_column width=&#8221;1\/3&#8243; offset=&#8221;vc_hidden-lg vc_hidden-md vc_hidden-sm&#8221;][vc_empty_space][vc_single_image image=&#8221;13728&#8243; img_size=&#8221;600&#215;450&#8243;][vc_column_text]<\/p>\n<h3 style=\"text-align: left;\"><span style=\"color: #f6f6f6;\">WashAll &amp; InteriorService<\/span><\/h3>\n<p><span style=\"color: #adadad;\">En kombination av v\u00e5ra behandlingar WashAll och InteriorService. En helt\u00e4ckande noggrann manuell reng\u00f6ring av bilens exteri\u00f6r och interi\u00f6r.<\/span>[\/vc_column_text][vc_btn title=&#8221;Boka behandling&#8221; style=&#8221;flat&#8221; shape=&#8221;round&#8221; color=&#8221;black&#8221; align=&#8221;left&#8221; link=&#8221;url:http%3A%2F%2Fbooking.mrcap.com%2F&#8221; css=&#8221;.vc_custom_1765968376609{margin-top: 0px !important;border-top-width: 0px !important;padding-top: 24px !important;}&#8221;][vc_empty_space][\/vc_column][vc_column width=&#8221;1\/3&#8243;][\/vc_column][\/vc_row][vc_row][vc_column][vc_empty_space height=&#8221;144px&#8221;][\/vc_column][\/vc_row]<\/p>\n<\/section>","protected":false},"excerpt":{"rendered":"<p>[vc_row row_width=&#8221;wrap-boxed&#8221; row_overlay=&#8221;&#8221;][vc_column css=&#8221;.vc_custom_1765967675292{margin-top: 144px !important;}&#8221; offset=&#8221;vc_hidden-xs&#8221;][vc_column_text css=&#8221;.vc_custom_1765967651933{margin-top: 0px !important;margin-bottom: 0px !important;border-top-width: 0px !important;border-bottom-width: 0px !important;padding-top: 0px !important;padding-bottom: 0px !important;}&#8221;] Underh\u00e5ll [\/vc_column_text][vc_column_text css=&#8221;.vc_custom_1765967658855{margin-top: 0px !important;margin-bottom: 0px !important;border-top-width: 0px !important;border-bottom-width: 0px !important;padding-top: 0px !important;padding-bottom: 0px !important;}&#8221;] Kontinuerlig reng\u00f6ring f\u00f6r ett v\u00e4lv\u00e5rdat intryck [\/vc_column_text][vc_column_text css=&#8221;.vc_custom_1765967664842{margin-top: 24px !important;}&#8221;] Regelbunden sk\u00f6tsel mellan st\u00f6rre behandlingar \u00e4r ett enkelt s\u00e4tt att [&hellip;]<\/p>\n","protected":false},"author":36,"featured_media":0,"parent":3995,"menu_order":0,"comment_status":"closed","ping_status":"closed","template":"page-vc.php","meta":{"_acf_changed":false,"footnotes":"","_links_to":"","_links_to_target":""},"yst_prominent_words":[],"class_list":["post-6901","page","type-page","status-publish","hentry"],"acf":[],"_links":{"self":[{"href":"https:\/\/mrcap.com\/index.php?rest_route=\/wp\/v2\/pages\/6901","targetHints":{"allow":["GET"]}}],"collection":[{"href":"https:\/\/mrcap.com\/index.php?rest_route=\/wp\/v2\/pages"}],"about":[{"href":"https:\/\/mrcap.com\/index.php?rest_route=\/wp\/v2\/types\/page"}],"author":[{"embeddable":true,"href":"https:\/\/mrcap.com\/index.php?rest_route=\/wp\/v2\/users\/36"}],"replies":[{"embeddable":true,"href":"https:\/\/mrcap.com\/index.php?rest_route=%2Fwp%2Fv2%2Fcomments&post=6901"}],"version-history":[{"count":107,"href":"https:\/\/mrcap.com\/index.php?rest_route=\/wp\/v2\/pages\/6901\/revisions"}],"predecessor-version":[{"id":14151,"href":"https:\/\/mrcap.com\/index.php?rest_route=\/wp\/v2\/pages\/6901\/revisions\/14151"}],"up":[{"embeddable":true,"href":"https:\/\/mrcap.com\/index.php?rest_route=\/wp\/v2\/pages\/3995"}],"wp:attachment":[{"href":"https:\/\/mrcap.com\/index.php?rest_route=%2Fwp%2Fv2%2Fmedia&parent=6901"}],"wp:term":[{"taxonomy":"yst_prominent_words","embeddable":true,"href":"https:\/\/mrcap.com\/index.php?rest_route=%2Fwp%2Fv2%2Fyst_prominent_words&post=6901"}],"curies":[{"name":"wp","href":"https:\/\/api.w.org\/{rel}","templated":true}]}}