{"id":6279,"date":"2018-04-17T09:14:23","date_gmt":"2018-04-17T07:14:23","guid":{"rendered":"https:\/\/mrcap.com\/?page_id=6279\/"},"modified":"2026-02-02T09:51:17","modified_gmt":"2026-02-02T07:51:17","slug":"cookies","status":"publish","type":"page","link":"https:\/\/mrcap.com\/?page_id=6279","title":{"rendered":"Personuppgifter"},"content":{"rendered":"<section class=\"wpb-content-wrapper\"><p>[vc_row][vc_column][vc_empty_space height=&#8221;144px&#8221;][\/vc_column][\/vc_row][vc_row][vc_column][vc_column_text]<\/p>\n<h1 class=\"text-center\" style=\"text-align: center;\"><span style=\"color: #f6f6f6;\">Cookies<\/span><\/h1>\n<p>[\/vc_column_text][\/vc_column][\/vc_row][vc_row][vc_column width=&#8221;1\/2&#8243;][vc_column_text]<\/p>\n<h6><span style=\"color: #f6f6f6;\">Vi anv\u00e4nder cookies!<\/span><\/h6>\n<p><span style=\"color: #f6f6f6;\">Mrcap.com anv\u00e4nder cookies f\u00f6r att underl\u00e4tta och m\u00f6jligg\u00f6ra den b\u00e4sta anv\u00e4ndarupplevelsen p\u00e5 v\u00e5r webbplats. En cookie \u00e4r en liten textfil fr\u00e5n v\u00e5r webbserver som sparas i bes\u00f6karens webbl\u00e4sare. Textfilen m\u00f6jligg\u00f6r f\u00f6r oss att kunna personifiera inneh\u00e5llet efter bes\u00f6karen samt f\u00f6lja upp vilket inneh\u00e5ll som bes\u00f6ks p\u00e5 v\u00e5r webbplats. Informationen visas i statistisk samlad form i Google Analytics och inneh\u00e5ller ingen personlig information.\u00a0Vi anv\u00e4nder cookies f\u00f6r att:<\/span><\/p>\n<ul>\n<li><span style=\"color: #f6f6f6;\">Underl\u00e4tta bes\u00f6karens anv\u00e4ndande av mrcap.com.<\/span><\/li>\n<li><span style=\"color: #f6f6f6;\">M\u00f6jligg\u00f6ra lagrad information f\u00f6r v\u00e5ra bes\u00f6kare.<\/span><\/li>\n<li><span style=\"color: #f6f6f6;\">Utveckla och f\u00f6rb\u00e4ttra mrcap.com utifr\u00e5n f\u00f6rst\u00e5else om hur webbplatsen anv\u00e4nds.<\/span><\/li>\n<li><span style=\"color: #f6f6f6;\">Rapportera och ber\u00e4kna trafik och anv\u00e4ndarantal.<\/span><\/li>\n<\/ul>\n<p>[\/vc_column_text][\/vc_column][vc_column width=&#8221;1\/2&#8243;][vc_column_text]<\/p>\n<h6><span style=\"color: #f6f6f6;\">Avaktivera cookies<\/span><\/h6>\n<p><span style=\"color: #f6f6f6;\">Om du inte godk\u00e4nner anv\u00e4ndandet av cookies kan du st\u00e4lla in din webbl\u00e4sare s\u00e5 att det helt eller delvis automatiskt nekas. Notera att om du avaktiverar cookies funktionen kan delar av v\u00e5r webbplats fungera s\u00e4mre eller sluta att fungera. Du kan r\u00e4ven radera cookies fr\u00e5n din h\u00e5rddisk, dock raderas d\u00e5 \u00e4ven dina personliga inst\u00e4llningar.<\/span>[\/vc_column_text][\/vc_column][\/vc_row][vc_row][vc_column][vc_empty_space][vc_column_text]<\/p>\n<h3 class=\"text-center\" style=\"text-align: center;\"><span style=\"color: #f6f6f6;\">S\u00e5h\u00e4r jobbar MrCAP med GDPR<\/span><\/h3>\n<div class=\"black-line\"><\/div>\n<p>[\/vc_column_text][\/vc_column][\/vc_row][vc_row][vc_column width=&#8221;1\/2&#8243;][vc_column_text]<\/p>\n<div class=\"page\" title=\"Page 1\">\n<div class=\"layoutArea\">\n<div class=\"column\">\n<p><span style=\"color: #f6f6f6;\">EU:s dataskyddsf\u00f6rordning GDPR inneb\u00e4r h\u00f6gre krav p\u00e5 hur vi som f\u00f6retag behandlar personuppgifter och ger dig som kund b\u00e4ttre m\u00f6jligheter att p\u00e5verka v\u00e5r hantering. Alla uppgifter du som kund l\u00e4mnar hos MrCAP \u00e4r konfidentiella och Capen AB \u00e4r personuppgiftsansvarig. De uppgifter vi lagrar i kundregistret \u00e4r:<\/span><\/p>\n<ul>\n<li><span style=\"color: #f6f6f6;\">F\u00f6r- och efternamn<\/span><\/li>\n<li><span style=\"color: #f6f6f6;\">Adress<\/span><\/li>\n<li><span style=\"color: #f6f6f6;\">Telefonnummer<\/span><\/li>\n<li><span style=\"color: #f6f6f6;\">E-post<\/span><\/li>\n<li><span style=\"color: #f6f6f6;\">Information om kundens fordon<\/span><\/li>\n<li><span style=\"color: #f6f6f6;\">Information om utf\u00f6rd behandling<\/span><\/li>\n<\/ul>\n<\/div>\n<\/div>\n<\/div>\n<p>[\/vc_column_text][\/vc_column][vc_column width=&#8221;1\/2&#8243;][vc_column_text]<\/p>\n<div class=\"page\" title=\"Page 1\">\n<div class=\"layoutArea\">\n<div class=\"column\">\n<p><span style=\"color: #f6f6f6;\">Uppgifterna sparas i syfte att kunna kontakta dig som kund ang\u00e5ende bokning av behandling, p\u00e5g\u00e5ende behandling, leverans av bil efter behandling, marknadskommunikation eller andra fr\u00e5gor i anslutning till de n\u00e4mnda. Uppgifterna sparas s\u00e5 l\u00e4nge du \u00e4r kund, \u00e4r endast tillg\u00e4ngliga f\u00f6r MrCAP och kommer inte att delas med annan part. Du har r\u00e4tt att inspektera, \u00e4ndra eller ta bort information om dig och f\u00e5 svar inom 30 dagar i elektroniskt format. Vid fr\u00e5gor v\u00e4nligen kontakta din lokala MrCAP-anl\u00e4ggning eller skicka ett mail till info@mrcap.com.<\/span><\/p>\n<\/div>\n<\/div>\n<\/div>\n<p>[\/vc_column_text][\/vc_column][\/vc_row][vc_row][vc_column][vc_empty_space height=&#8221;144px&#8221;][\/vc_column][\/vc_row]<\/p>\n<\/section>","protected":false},"excerpt":{"rendered":"<p>[vc_row][vc_column][vc_empty_space height=&#8221;144px&#8221;][\/vc_column][\/vc_row][vc_row][vc_column][vc_column_text] Cookies [\/vc_column_text][\/vc_column][\/vc_row][vc_row][vc_column width=&#8221;1\/2&#8243;][vc_column_text] Vi anv\u00e4nder cookies! Mrcap.com anv\u00e4nder cookies f\u00f6r att underl\u00e4tta och m\u00f6jligg\u00f6ra den b\u00e4sta anv\u00e4ndarupplevelsen p\u00e5 v\u00e5r webbplats. En cookie \u00e4r en liten textfil fr\u00e5n v\u00e5r webbserver som sparas i bes\u00f6karens webbl\u00e4sare. Textfilen m\u00f6jligg\u00f6r f\u00f6r oss att kunna personifiera inneh\u00e5llet efter bes\u00f6karen samt f\u00f6lja upp vilket inneh\u00e5ll som bes\u00f6ks p\u00e5 v\u00e5r [&hellip;]<\/p>\n","protected":false},"author":36,"featured_media":0,"parent":0,"menu_order":0,"comment_status":"closed","ping_status":"closed","template":"","meta":{"_acf_changed":false,"footnotes":"","_links_to":"","_links_to_target":""},"yst_prominent_words":[],"class_list":["post-6279","page","type-page","status-publish","hentry"],"acf":[],"_links":{"self":[{"href":"https:\/\/mrcap.com\/index.php?rest_route=\/wp\/v2\/pages\/6279","targetHints":{"allow":["GET"]}}],"collection":[{"href":"https:\/\/mrcap.com\/index.php?rest_route=\/wp\/v2\/pages"}],"about":[{"href":"https:\/\/mrcap.com\/index.php?rest_route=\/wp\/v2\/types\/page"}],"author":[{"embeddable":true,"href":"https:\/\/mrcap.com\/index.php?rest_route=\/wp\/v2\/users\/36"}],"replies":[{"embeddable":true,"href":"https:\/\/mrcap.com\/index.php?rest_route=%2Fwp%2Fv2%2Fcomments&post=6279"}],"version-history":[{"count":9,"href":"https:\/\/mrcap.com\/index.php?rest_route=\/wp\/v2\/pages\/6279\/revisions"}],"predecessor-version":[{"id":14258,"href":"https:\/\/mrcap.com\/index.php?rest_route=\/wp\/v2\/pages\/6279\/revisions\/14258"}],"wp:attachment":[{"href":"https:\/\/mrcap.com\/index.php?rest_route=%2Fwp%2Fv2%2Fmedia&parent=6279"}],"wp:term":[{"taxonomy":"yst_prominent_words","embeddable":true,"href":"https:\/\/mrcap.com\/index.php?rest_route=%2Fwp%2Fv2%2Fyst_prominent_words&post=6279"}],"curies":[{"name":"wp","href":"https:\/\/api.w.org\/{rel}","templated":true}]}}