{"id":6229,"date":"2018-04-06T09:56:38","date_gmt":"2018-04-06T07:56:38","guid":{"rendered":"https:\/\/mrcap.com\/?page_id=6229\/"},"modified":"2026-01-14T09:39:44","modified_gmt":"2026-01-14T07:39:44","slug":"shineall","status":"publish","type":"page","link":"https:\/\/mrcap.com\/?page_id=6229","title":{"rendered":"ShineAll"},"content":{"rendered":"<section class=\"wpb-content-wrapper\"><p>[vc_row row_width=&#8221;wrap-boxed&#8221; row_overlay=&#8221;&#8221;][vc_column offset=&#8221;vc_hidden-lg vc_hidden-md vc_hidden-sm&#8221; css=&#8221;.vc_custom_1763976515097{margin-top: 120px !important;}&#8221;][vc_column_text css=&#8221;.vc_custom_1768213720871{margin-bottom: 80px !important;}&#8221;]<\/p>\n<h6 style=\"text-align: left;\"><span style=\"color: #fffbbf;\">ShineAll<\/span><\/h6>\n<h1 style=\"text-align: left;\"><span style=\"color: #f6f6f6;\">Utv\u00e4ndig rekond f\u00f6r en<br \/>\nv\u00e4lpolerad lyster<\/span><\/h1>\n<p>[\/vc_column_text][\/vc_column][\/vc_row][vc_row row_width=&#8221;wrap-boxed&#8221; row_overlay=&#8221;&#8221;][vc_column offset=&#8221;vc_hidden-xs&#8221; css=&#8221;.vc_custom_1768376382643{margin-top: 144px !important;}&#8221;][vc_column_text css=&#8221;.vc_custom_1764757351840{margin-bottom: 80px !important;}&#8221;]<\/p>\n<h6 style=\"text-align: center;\"><span style=\"color: #fffbbf;\">ShineAll<\/span><\/h6>\n<h1 style=\"text-align: center;\"><span style=\"color: #f6f6f6;\">Utv\u00e4ndig rekond f\u00f6r en<br \/>\nv\u00e4lpolerad lyster<\/span><\/h1>\n<p>[\/vc_column_text][\/vc_column][\/vc_row][vc_row row_width=&#8221;wrap-boxed&#8221; row_overlay=&#8221;&#8221;][vc_column width=&#8221;1\/2&#8243; offset=&#8221;vc_hidden-xs&#8221;][vc_column_text css=&#8221;.vc_custom_1766135080616{margin-bottom: 0px !important;border-bottom-width: 0px !important;padding-right: 40px !important;padding-bottom: 0px !important;}&#8221;]<span style=\"color: #adadad;\">ShineAll \u00e4r en utv\u00e4ndig rekond som \u00e5terst\u00e4ller bilens yttre och ger ett rent och v\u00e4lv\u00e5rdat intryck.<\/span><\/p>\n<p>&nbsp;<\/p>\n<p><span style=\"color: #f6f6f6;\">Behandlingen innefattar en fullst\u00e4ndig exteri\u00f6r genomg\u00e5ng,<br \/>\noch passar bra f\u00f6r bil\u00e4gare som:<\/span><\/p>\n<p><span style=\"color: #adadad;\">\u2022 \u00e4r p\u00e5v\u00e4g att s\u00e4lja sin bil och vill ha en attraktivare utsida<\/span><\/p>\n<p><span style=\"color: #adadad;\">\u2022 vill minska risken f\u00f6r on\u00f6diga anm\u00e4rkningar vid<br \/>\n\u00e5terl\u00e4mning av leasing<\/span><\/p>\n<p><span style=\"color: #adadad;\">\u2022 vill ha en tydlig exteri\u00f6r uppfr\u00e4schning utan att applicera<br \/>\nett l\u00e5ngsiktigt lackskydd<\/span>[\/vc_column_text][vc_btn title=&#8221;Boka behandling&#8221; style=&#8221;flat&#8221; shape=&#8221;round&#8221; color=&#8221;green&#8221; align=&#8221;left&#8221; link=&#8221;url:http%3A%2F%2Fbooking.mrcap.com%2F&#8221; css=&#8221;.vc_custom_1765957745413{margin-top: 0px !important;margin-bottom: 0px !important;border-top-width: 0px !important;border-bottom-width: 0px !important;padding-top: 24px !important;}&#8221;][\/vc_column][vc_column width=&#8221;1\/2&#8243; offset=&#8221;vc_hidden-xs&#8221;][vc_single_image image=&#8221;12756&#8243; img_size=&#8221;600&#215;450&#8243; alignment=&#8221;center&#8221; onclick=&#8221;custom_link&#8221; link=&#8221;https:\/\/mrcap.com\/tjanster\/bilglas\/windowtinting\/&#8221;][\/vc_column][\/vc_row][vc_row row_width=&#8221;wrap-boxed&#8221; row_overlay=&#8221;&#8221;][vc_column offset=&#8221;vc_hidden-lg vc_hidden-md vc_hidden-sm&#8221;][vc_single_image image=&#8221;12756&#8243; img_size=&#8221;full&#8221; alignment=&#8221;center&#8221; onclick=&#8221;custom_link&#8221; link=&#8221;https:\/\/mrcap.com\/tjanster\/bilglas\/windowtinting\/&#8221;][\/vc_column][\/vc_row][vc_row row_width=&#8221;wrap-boxed&#8221; row_overlay=&#8221;&#8221;][vc_column offset=&#8221;vc_hidden-lg vc_hidden-md vc_hidden-sm&#8221; css=&#8221;.vc_custom_1764758117121{margin-bottom: 120px !important;}&#8221;][vc_column_text css=&#8221;.vc_custom_1766134732256{padding-right: 40px !important;}&#8221;]<span style=\"color: #adadad;\">ShineAll \u00e4r en utv\u00e4ndig rekond som \u00e5terst\u00e4ller bilens yttre och ger ett rent och v\u00e4lv\u00e5rdat intryck.<\/span><\/p>\n<p><span style=\"color: #f6f6f6;\">Behandlingen innefattar en fullst\u00e4ndig exteri\u00f6r genomg\u00e5ng, och passar bra f\u00f6r bil\u00e4gare som:<\/span><\/p>\n<p><span style=\"color: #adadad;\">\u2022 \u00e4r p\u00e5v\u00e4g att s\u00e4lja sin bil och vill ha en attraktivare utsida<\/span><\/p>\n<p><span style=\"color: #adadad;\">\u2022 vill minska risken f\u00f6r on\u00f6diga anm\u00e4rkningar vid \u00e5terl\u00e4mning av leasing<\/span><\/p>\n<p><span style=\"color: #adadad;\">\u2022 vill ha en tydlig exteri\u00f6r uppfr\u00e4schning utan att applicera ett l\u00e5ngsiktigt lackskydd<\/span>[\/vc_column_text][vc_btn title=&#8221;Boka behandling&#8221; style=&#8221;flat&#8221; shape=&#8221;round&#8221; color=&#8221;green&#8221; size=&#8221;sm&#8221; align=&#8221;left&#8221; link=&#8221;url:http%3A%2F%2Fbooking.mrcap.com%2F&#8221; css=&#8221;.vc_custom_1765957530977{margin-top: 0px !important;border-top-width: 0px !important;padding-top: 24px !important;padding-bottom: 16px !important;}&#8221;][\/vc_column][\/vc_row][vc_row row_width=&#8221;wrap-boxed&#8221; row_overlay=&#8221;&#8221;][vc_column width=&#8221;2\/3&#8243; css=&#8221;.vc_custom_1765957775319{margin-bottom: 100px !important;}&#8221;][vc_separator color=&#8221;black&#8221; css=&#8221;.vc_custom_1765957598355{margin-top: 100px !important;margin-bottom: 32px !important;}&#8221;][vc_column_text]<\/p>\n<h3><span style=\"color: #f6f6f6;\">Vad ing\u00e5r i behandlingen?<\/span><\/h3>\n<div id=\"message-list_1763542721.316099\" class=\"c-virtual_list__item\" tabindex=\"0\" role=\"listitem\" aria-setsize=\"-1\" data-qa=\"virtual-list-item\" data-item-key=\"1763542721.316099\">\n<div class=\"c-message_kit__background p-message_pane_message__message c-message_kit__message\" role=\"presentation\" data-qa=\"message_container\" data-qa-unprocessed=\"false\" data-qa-placeholder=\"false\">\n<div class=\"c-message_kit__hover\" role=\"document\" aria-roledescription=\"message\" data-qa-hover=\"true\">\n<div class=\"c-message_kit__actions c-message_kit__actions--default\">\n<div class=\"c-message_kit__gutter\">\n<div class=\"c-message_kit__gutter__right\" role=\"presentation\" data-qa=\"message_content\">\n<div class=\"c-message_kit__blocks c-message_kit__blocks--rich_text\">\n<div class=\"c-message__message_blocks c-message__message_blocks--rich_text\" data-qa=\"message-text\">\n<div class=\"p-block_kit_renderer\" data-qa=\"block-kit-renderer\">\n<div class=\"p-block_kit_renderer__block_wrapper p-block_kit_renderer__block_wrapper--first\">\n<div class=\"p-rich_text_block\" dir=\"auto\">\n<div class=\"p-rich_text_section\">\n<div class=\"p-rich_text_section\">\n<p><span style=\"color: #adadad;\">ShineAll \u00e4r en kortsiktig utv\u00e4ndig rekond som\u00a0inkluderar f\u00f6ljande moment:<\/span><\/p>\n<p><span style=\"color: #adadad;\">\u2022 Manuell reng\u00f6ring av kaross, f\u00e4lgar och hjulhus<\/span><br \/>\n<span style=\"color: #adadad;\">\u2022 Avl\u00e4gsnande av smuts, trafikfilm och bel\u00e4ggningar<\/span><br \/>\n<span style=\"color: #adadad;\">\u2022 Polering som \u00e5terst\u00e4ller glansen och reducerar mindre repor<\/span><br \/>\n<span style=\"color: #adadad;\">\u2022 Applicering av h\u00f6gglansgivande och skyddande vax<\/span><\/p>\n<p>&nbsp;<\/p>\n<\/div>\n<p><span style=\"color: #adadad;\">ShineAll \u00e4r ett bra val f\u00f6r att f\u00f6rb\u00e4ttra bilens helhetsintryck. Lacken blir blank,<br \/>\nsnygg och underl\u00e4ttar framtida underh\u00e5ll.<\/span><\/p>\n<\/div>\n<\/div>\n<\/div>\n<\/div>\n<\/div>\n<\/div>\n<\/div>\n<\/div>\n<\/div>\n<\/div>\n<\/div>\n<\/div>\n<p>[\/vc_column_text][\/vc_column][\/vc_row][vc_row row_width=&#8221;wrap-boxed&#8221; row_overlay=&#8221;&#8221; css=&#8221;.vc_custom_1766131082944{margin-top: 0px !important;margin-right: 32px !important;margin-bottom: 0px !important;margin-left: 32px !important;border-top-width: 0px !important;border-bottom-width: 0px !important;padding-top: 100px !important;padding-bottom: 100px !important;background-color: #0f0f0f !important;}&#8221;][vc_column width=&#8221;1\/3&#8243; offset=&#8221;vc_hidden-xs&#8221; css=&#8221;.vc_custom_1764758383303{margin-top: 0px !important;margin-bottom: 0px !important;border-top-width: 0px !important;border-bottom-width: 0px !important;padding-top: 0px !important;padding-bottom: 0px !important;}&#8221;][vc_column_text css=&#8221;.vc_custom_1765957666122{margin-top: 0px !important;margin-bottom: 0px !important;border-top-width: 0px !important;border-bottom-width: 0px !important;padding-top: 0px !important;padding-bottom: 0px !important;}&#8221;]<\/p>\n<h3><span style=\"color: #f6f6f6;\">Behandling<\/span><\/h3>\n<p>[\/vc_column_text][\/vc_column][vc_column width=&#8221;1\/3&#8243; offset=&#8221;vc_hidden-xs&#8221; css=&#8221;.vc_custom_1764758319989{margin-top: 0px !important;margin-bottom: 0px !important;border-top-width: 0px !important;border-bottom-width: 0px !important;padding-top: 0px !important;padding-bottom: 0px !important;}&#8221;][vc_column_text css=&#8221;.vc_custom_1765957674490{margin-top: 0px !important;margin-bottom: 0px !important;border-top-width: 0px !important;border-bottom-width: 0px !important;padding-top: 0px !important;padding-bottom: 0px !important;}&#8221;]<\/p>\n<h3><span style=\"color: #f6f6f6;\">Pris<\/span><\/h3>\n<p>[\/vc_column_text][\/vc_column][vc_column width=&#8221;1\/3&#8243; offset=&#8221;vc_hidden-xs&#8221;][\/vc_column][vc_column offset=&#8221;vc_hidden-xs&#8221;][vc_separator color=&#8221;black&#8221; css=&#8221;.vc_custom_1764666231539{margin-top: 16px !important;margin-bottom: 16px !important;border-top-width: 0px !important;border-bottom-width: 0px !important;padding-top: 0px !important;padding-bottom: 0px !important;}&#8221;][\/vc_column][vc_column width=&#8221;1\/3&#8243; offset=&#8221;vc_hidden-xs&#8221;][vc_column_text css=&#8221;.vc_custom_1764758209258{margin-top: 0px !important;margin-bottom: 0px !important;border-top-width: 0px !important;border-bottom-width: 0px !important;padding-top: 0px !important;padding-bottom: 0px !important;}&#8221;]<span style=\"color: #f6f6f6;\">ShineAll<\/span>[\/vc_column_text][\/vc_column][vc_column width=&#8221;1\/3&#8243; offset=&#8221;vc_hidden-xs&#8221;][vc_column_text css=&#8221;.vc_custom_1765957679898{margin-top: 0px !important;margin-bottom: 0px !important;border-top-width: 0px !important;border-bottom-width: 0px !important;padding-top: 0px !important;padding-bottom: 0px !important;}&#8221;]<span style=\"color: #f6f6f6;\"><img loading=\"lazy\" decoding=\"async\" class=\"alignleft wp-image-13635\" src=\"https:\/\/mrcap.com\/wp-content\/uploads\/Arrow-ikon.png\" alt=\"\" width=\"20\" height=\"20\" \/>fr\u00e5n 2 900 kr<\/span>[\/vc_column_text][\/vc_column][vc_column width=&#8221;1\/3&#8243; offset=&#8221;vc_hidden-xs&#8221;][\/vc_column][\/vc_row][vc_row row_width=&#8221;wrap-boxed&#8221; row_overlay=&#8221;&#8221;][vc_column][vc_separator color=&#8221;black&#8221; css=&#8221;.vc_custom_1765957598355{margin-top: 100px !important;margin-bottom: 32px !important;}&#8221;][\/vc_column][\/vc_row][vc_row row_width=&#8221;wrap-boxed&#8221; row_overlay=&#8221;&#8221; css=&#8221;.vc_custom_1764758491218{margin-bottom: 144px !important;}&#8221;][vc_column width=&#8221;2\/3&#8243;][vc_column_text css=&#8221;.vc_custom_1766135233713{margin-bottom: 0px !important;border-bottom-width: 0px !important;padding-bottom: 0px !important;}&#8221;]<\/p>\n<h2><span style=\"color: #f6f6f6;\">Uppgradera till TuneUp<\/span><\/h2>\n<p><span style=\"color: #adadad;\">F\u00e5 ut mer av rekonden med en uppgradering av ShineAll till TuneUp. Ut\u00f6ver en mer tilltalande exteri\u00f6r adderar vi en full genomg\u00e5ng av interi\u00f6ren som ytterligare lyfter bilens helhetsintryck.<\/span>[\/vc_column_text][vc_btn title=&#8221;L\u00e4s mer&#8221; style=&#8221;flat&#8221; shape=&#8221;round&#8221; color=&#8221;black&#8221; align=&#8221;left&#8221; link=&#8221;url:https%3A%2F%2Fmrcap.com%2Fmrcap-staging-si%2F%3Fpage_id%3D6203|title:TuneUp&#8221; css=&#8221;.vc_custom_1765957571161{margin-top: 0px !important;margin-bottom: 0px !important;border-top-width: 0px !important;border-bottom-width: 0px !important;padding-top: 24px !important;padding-bottom: 16px !important;}&#8221;][\/vc_column][\/vc_row]<\/p>\n<\/section>","protected":false},"excerpt":{"rendered":"<p>[vc_row row_width=&#8221;wrap-boxed&#8221; row_overlay=&#8221;&#8221;][vc_column offset=&#8221;vc_hidden-lg vc_hidden-md vc_hidden-sm&#8221; css=&#8221;.vc_custom_1763976515097{margin-top: 120px !important;}&#8221;][vc_column_text css=&#8221;.vc_custom_1768213720871{margin-bottom: 80px !important;}&#8221;] ShineAll Utv\u00e4ndig rekond f\u00f6r en v\u00e4lpolerad lyster [\/vc_column_text][\/vc_column][\/vc_row][vc_row row_width=&#8221;wrap-boxed&#8221; row_overlay=&#8221;&#8221;][vc_column offset=&#8221;vc_hidden-xs&#8221; css=&#8221;.vc_custom_1768376382643{margin-top: 144px !important;}&#8221;][vc_column_text css=&#8221;.vc_custom_1764757351840{margin-bottom: 80px !important;}&#8221;] ShineAll Utv\u00e4ndig rekond f\u00f6r en v\u00e4lpolerad lyster [\/vc_column_text][\/vc_column][\/vc_row][vc_row row_width=&#8221;wrap-boxed&#8221; row_overlay=&#8221;&#8221;][vc_column width=&#8221;1\/2&#8243; offset=&#8221;vc_hidden-xs&#8221;][vc_column_text css=&#8221;.vc_custom_1766135080616{margin-bottom: 0px !important;border-bottom-width: 0px !important;padding-right: 40px !important;padding-bottom: 0px !important;}&#8221;]ShineAll \u00e4r en utv\u00e4ndig rekond som [&hellip;]<\/p>\n","protected":false},"author":36,"featured_media":6225,"parent":3995,"menu_order":0,"comment_status":"closed","ping_status":"closed","template":"page-vc.php","meta":{"_acf_changed":false,"footnotes":"","_links_to":"","_links_to_target":""},"yst_prominent_words":[],"class_list":["post-6229","page","type-page","status-publish","has-post-thumbnail","hentry"],"acf":[],"_links":{"self":[{"href":"https:\/\/mrcap.com\/index.php?rest_route=\/wp\/v2\/pages\/6229","targetHints":{"allow":["GET"]}}],"collection":[{"href":"https:\/\/mrcap.com\/index.php?rest_route=\/wp\/v2\/pages"}],"about":[{"href":"https:\/\/mrcap.com\/index.php?rest_route=\/wp\/v2\/types\/page"}],"author":[{"embeddable":true,"href":"https:\/\/mrcap.com\/index.php?rest_route=\/wp\/v2\/users\/36"}],"replies":[{"embeddable":true,"href":"https:\/\/mrcap.com\/index.php?rest_route=%2Fwp%2Fv2%2Fcomments&post=6229"}],"version-history":[{"count":58,"href":"https:\/\/mrcap.com\/index.php?rest_route=\/wp\/v2\/pages\/6229\/revisions"}],"predecessor-version":[{"id":14185,"href":"https:\/\/mrcap.com\/index.php?rest_route=\/wp\/v2\/pages\/6229\/revisions\/14185"}],"up":[{"embeddable":true,"href":"https:\/\/mrcap.com\/index.php?rest_route=\/wp\/v2\/pages\/3995"}],"wp:featuredmedia":[{"embeddable":true,"href":"https:\/\/mrcap.com\/index.php?rest_route=\/wp\/v2\/media\/6225"}],"wp:attachment":[{"href":"https:\/\/mrcap.com\/index.php?rest_route=%2Fwp%2Fv2%2Fmedia&parent=6229"}],"wp:term":[{"taxonomy":"yst_prominent_words","embeddable":true,"href":"https:\/\/mrcap.com\/index.php?rest_route=%2Fwp%2Fv2%2Fyst_prominent_words&post=6229"}],"curies":[{"name":"wp","href":"https:\/\/api.w.org\/{rel}","templated":true}]}}