{"id":3995,"date":"2017-06-11T11:25:34","date_gmt":"2017-06-11T09:25:34","guid":{"rendered":"https:\/\/mrcap.com\/?page_id=3995"},"modified":"2026-01-15T12:06:55","modified_gmt":"2026-01-15T10:06:55","slug":"tjanster","status":"publish","type":"page","link":"https:\/\/mrcap.com\/?page_id=3995","title":{"rendered":"Behandlingar"},"content":{"rendered":"<section class=\"wpb-content-wrapper\"><p>[vc_row row_width=&#8221;wrap-boxed&#8221; row_overlay=&#8221;&#8221;][vc_column css=&#8221;.vc_custom_1768469490299{margin-top: 144px !important;}&#8221; offset=&#8221;vc_hidden-xs&#8221;][vc_column_text]<\/p>\n<h1 style=\"text-align: center;\"><span style=\"color: #f6f6f6;\">Behandlingar<\/span><\/h1>\n<p>&nbsp;<\/p>\n<h6 style=\"text-align: center;\"><span style=\"color: #adadad;\">MrCAP erbjuder ett brett utbud av olika behandlingar som f\u00f6r\u00e4dlar,<br \/>\nskyddar och \u00f6kar v\u00e4rdet p\u00e5 din bil. V\u00e5ra behandlingar skr\u00e4ddarsys<br \/>\nefter din bil och utf\u00f6rs alltid manuellt av v\u00e5ra utbildade tekniker f\u00f6r att<br \/>\ngarantera ett resultat av h\u00f6gsta kvalit\u00e9.<\/span><\/h6>\n<p>[\/vc_column_text][\/vc_column][\/vc_row][vc_row row_overlay=&#8221;&#8221;][vc_column offset=&#8221;vc_hidden-lg vc_hidden-md vc_hidden-sm&#8221; css=&#8221;.vc_custom_1768471596299{margin-top: 120px !important;margin-right: 16px !important;margin-left: 16px !important;}&#8221;][vc_column_text]<\/p>\n<h3 style=\"text-align: left;\"><span style=\"color: #f6f6f6;\">Behandlingar<\/span><\/h3>\n<p style=\"text-align: left;\"><span style=\"color: #adadad;\">MrCAP erbjuder ett brett utbud av olika behandlingar som f\u00f6r\u00e4dlar,<br \/>\nskyddar och \u00f6kar v\u00e4rdet p\u00e5 din bil. V\u00e5ra behandlingar skr\u00e4ddarsys<br \/>\nefter din bil och utf\u00f6rs alltid manuellt av v\u00e5ra utbildade tekniker f\u00f6r att<br \/>\ngarantera ett resultat av h\u00f6gsta kvalit\u00e9.<\/span><\/p>\n<p>[\/vc_column_text][\/vc_column][\/vc_row][vc_row row_width=&#8221;wrap-boxed&#8221; row_overlay=&#8221;&#8221; css=&#8221;.vc_custom_1765811836033{margin-right: 16px !important;margin-left: 16px !important;}&#8221;][vc_column offset=&#8221;vc_hidden-xs&#8221;][vc_separator color=&#8221;black&#8221; css=&#8221;.vc_custom_1765791010482{margin-top: 60px !important;margin-bottom: 32px !important;}&#8221;][\/vc_column][\/vc_row][vc_row row_width=&#8221;wrap-boxed&#8221; row_overlay=&#8221;&#8221;][vc_column width=&#8221;1\/3&#8243; offset=&#8221;vc_hidden-xs&#8221;][vc_empty_space][vc_single_image image=&#8221;12753&#8243; img_size=&#8221;600&#215;450&#8243; onclick=&#8221;custom_link&#8221; link=&#8221;https:\/\/mrcap.com\/?page_id=6868&#8243;][vc_btn title=&#8221;Lackskydd&#8221; style=&#8221;flat&#8221; shape=&#8221;round&#8221; color=&#8221;black&#8221; align=&#8221;left&#8221; link=&#8221;url:https%3A%2F%2Fmrcap.com%2Fmrcap-staging-si%2F%3Fpage_id%3D6868|title:Lackskydd&#8221;][\/vc_column][vc_column width=&#8221;1\/3&#8243; offset=&#8221;vc_hidden-xs&#8221;][vc_empty_space][vc_single_image image=&#8221;12756&#8243; img_size=&#8221;600&#215;450&#8243; onclick=&#8221;custom_link&#8221; link=&#8221;https:\/\/mrcap.com\/?page_id=12307&#8243;][vc_btn title=&#8221;Rekond&#8221; style=&#8221;flat&#8221; shape=&#8221;round&#8221; color=&#8221;black&#8221; align=&#8221;left&#8221; link=&#8221;url:https%3A%2F%2Fmrcap.com%2Fmrcap-staging-si%2F%3Fpage_id%3D12307|title:Rekond&#8221;][\/vc_column][vc_column width=&#8221;1\/3&#8243; offset=&#8221;vc_hidden-xs&#8221;][vc_empty_space][vc_single_image image=&#8221;12584&#8243; img_size=&#8221;600&#215;450&#8243; onclick=&#8221;custom_link&#8221; link=&#8221;https:\/\/mrcap.com\/?page_id=12309&#8243;][vc_btn title=&#8221;Interi\u00f6r&#8221; style=&#8221;flat&#8221; shape=&#8221;round&#8221; color=&#8221;black&#8221; align=&#8221;left&#8221; link=&#8221;url:https%3A%2F%2Fmrcap.com%2Fmrcap-staging-si%2F%3Fpage_id%3D12309|title:Interi%C3%B6r&#8221;][\/vc_column][\/vc_row][vc_row row_width=&#8221;wrap-boxed&#8221; row_overlay=&#8221;&#8221; css=&#8221;.vc_custom_1764842491550{margin-top: 32px !important;}&#8221;][vc_column width=&#8221;1\/3&#8243; offset=&#8221;vc_hidden-xs&#8221;][vc_empty_space][vc_single_image image=&#8221;12996&#8243; img_size=&#8221;600&#215;450&#8243; onclick=&#8221;custom_link&#8221; link=&#8221;https:\/\/mrcap.com\/?page_id=6901&#8243;][vc_btn title=&#8221;Underh\u00e5ll&#8221; style=&#8221;flat&#8221; shape=&#8221;round&#8221; color=&#8221;black&#8221; align=&#8221;left&#8221; link=&#8221;url:https%3A%2F%2Fmrcap.com%2Fmrcap-staging-si%2F%3Fpage_id%3D6901|title:Underh%C3%A5ll&#8221;][\/vc_column][vc_column width=&#8221;1\/3&#8243; offset=&#8221;vc_hidden-xs&#8221;][vc_empty_space][vc_single_image image=&#8221;13235&#8243; img_size=&#8221;600&#215;450&#8243; onclick=&#8221;custom_link&#8221; link=&#8221;https:\/\/mrcap.com\/?page_id=6994&#8243;][vc_btn title=&#8221;Solfilm&#8221; style=&#8221;flat&#8221; shape=&#8221;round&#8221; color=&#8221;black&#8221; align=&#8221;left&#8221; link=&#8221;url:https%3A%2F%2Fmrcap.com%2Fmrcap-staging-si%2F%3Fpage_id%3D6994|title:Solfilm&#8221;][\/vc_column][vc_column width=&#8221;1\/3&#8243; offset=&#8221;vc_hidden-xs&#8221;][vc_empty_space][vc_single_image image=&#8221;12761&#8243; img_size=&#8221;600&#215;450&#8243; onclick=&#8221;custom_link&#8221; link=&#8221;https:\/\/mrcap.com\/?page_id=3322&#8243;][vc_btn title=&#8221;Fritidsfordon&#8221; style=&#8221;flat&#8221; shape=&#8221;round&#8221; color=&#8221;black&#8221; align=&#8221;left&#8221; link=&#8221;url:https%3A%2F%2Fmrcap.com%2Fmrcap-staging-si%2F%3Fpage_id%3D3322|title:Fritidsfordon&#8221;][\/vc_column][\/vc_row][vc_row row_width=&#8221;wrap-boxed&#8221; row_overlay=&#8221;&#8221; css=&#8221;.vc_custom_1764842498072{margin-top: 32px !important;}&#8221;][vc_column width=&#8221;1\/3&#8243; offset=&#8221;vc_hidden-xs&#8221;][vc_empty_space][vc_single_image image=&#8221;12736&#8243; img_size=&#8221;600&#215;450&#8243; onclick=&#8221;custom_link&#8221; link=&#8221;https:\/\/mrcap.com\/?page_id=3316&#8243;][vc_btn title=&#8221;Sanering&#8221; style=&#8221;flat&#8221; shape=&#8221;round&#8221; color=&#8221;black&#8221; align=&#8221;left&#8221; link=&#8221;url:https%3A%2F%2Fmrcap.com%2Fmrcap-staging-si%2F%3Fpage_id%3D3316|title:Sanering&#8221;][\/vc_column][\/vc_row][vc_row row_overlay=&#8221;&#8221;][vc_column width=&#8221;1\/3&#8243; offset=&#8221;vc_hidden-lg vc_hidden-md vc_hidden-sm&#8221; css=&#8221;.vc_custom_1768471529156{margin-right: 16px !important;margin-left: 16px !important;}&#8221;][vc_empty_space][vc_single_image image=&#8221;12753&#8243; img_size=&#8221;600&#215;450&#8243;][vc_btn title=&#8221;Lackskydd&#8221; style=&#8221;flat&#8221; shape=&#8221;round&#8221; color=&#8221;black&#8221; align=&#8221;left&#8221; link=&#8221;url:https%3A%2F%2Fmrcap.com%2Fmrcap-staging-si%2F%3Fpage_id%3D6868|title:Lackskydd&#8221; css=&#8221;.vc_custom_1765811907322{margin-top: 16px !important;}&#8221;][\/vc_column][vc_column width=&#8221;1\/3&#8243; offset=&#8221;vc_hidden-lg vc_hidden-md vc_hidden-sm&#8221; css=&#8221;.vc_custom_1768471535073{margin-right: 16px !important;margin-left: 16px !important;}&#8221;][vc_empty_space][vc_single_image image=&#8221;12756&#8243; img_size=&#8221;600&#215;450&#8243;][vc_btn title=&#8221;Rekond&#8221; style=&#8221;flat&#8221; shape=&#8221;round&#8221; color=&#8221;black&#8221; align=&#8221;left&#8221; link=&#8221;url:https%3A%2F%2Fmrcap.com%2Fmrcap-staging-si%2F%3Fpage_id%3D12307|title:Rekond&#8221; css=&#8221;.vc_custom_1765811911355{margin-top: 16px !important;}&#8221;][\/vc_column][vc_column width=&#8221;1\/3&#8243; offset=&#8221;vc_hidden-lg vc_hidden-md vc_hidden-sm&#8221; css=&#8221;.vc_custom_1768471541286{margin-right: 16px !important;margin-left: 16px !important;}&#8221;][vc_empty_space][vc_single_image image=&#8221;12584&#8243; img_size=&#8221;600&#215;450&#8243;][vc_btn title=&#8221;Interi\u00f6r&#8221; style=&#8221;flat&#8221; shape=&#8221;round&#8221; color=&#8221;black&#8221; align=&#8221;left&#8221; link=&#8221;url:https%3A%2F%2Fmrcap.com%2Fmrcap-staging-si%2F%3Fpage_id%3D12309|title:Interi%C3%B6r&#8221; css=&#8221;.vc_custom_1765811914930{margin-top: 16px !important;}&#8221;][\/vc_column][\/vc_row][vc_row row_overlay=&#8221;&#8221; css=&#8221;.vc_custom_1765811868826{margin-top: 32px !important;margin-right: 16px !important;margin-left: 16px !important;}&#8221;][vc_column width=&#8221;1\/3&#8243; offset=&#8221;vc_hidden-lg vc_hidden-md vc_hidden-sm&#8221; css=&#8221;.vc_custom_1768471547480{margin-right: 16px !important;margin-left: 16px !important;}&#8221;][vc_empty_space][vc_single_image image=&#8221;12996&#8243; img_size=&#8221;600&#215;450&#8243;][vc_btn title=&#8221;Underh\u00e5ll&#8221; style=&#8221;flat&#8221; shape=&#8221;round&#8221; color=&#8221;black&#8221; align=&#8221;left&#8221; link=&#8221;url:https%3A%2F%2Fmrcap.com%2Fmrcap-staging-si%2F%3Fpage_id%3D6901|title:Underh%C3%A5ll&#8221; css=&#8221;.vc_custom_1765811918842{margin-top: 16px !important;}&#8221;][\/vc_column][vc_column width=&#8221;1\/3&#8243; offset=&#8221;vc_hidden-lg vc_hidden-md vc_hidden-sm&#8221; css=&#8221;.vc_custom_1768471553030{margin-right: 16px !important;margin-left: 16px !important;}&#8221;][vc_empty_space][vc_single_image image=&#8221;13235&#8243; img_size=&#8221;600&#215;450&#8243;][vc_btn title=&#8221;Solfilm&#8221; style=&#8221;flat&#8221; shape=&#8221;round&#8221; color=&#8221;black&#8221; align=&#8221;left&#8221; link=&#8221;url:https%3A%2F%2Fmrcap.com%2Fmrcap-staging-si%2F%3Fpage_id%3D6994|title:Solfilm&#8221; css=&#8221;.vc_custom_1765811922606{margin-top: 16px !important;}&#8221;][\/vc_column][vc_column width=&#8221;1\/3&#8243; offset=&#8221;vc_hidden-lg vc_hidden-md vc_hidden-sm&#8221; css=&#8221;.vc_custom_1768471558633{margin-right: 16px !important;margin-left: 16px !important;}&#8221;][vc_empty_space][vc_single_image image=&#8221;12761&#8243; img_size=&#8221;600&#215;450&#8243;][vc_btn title=&#8221;Fritidsfordon&#8221; style=&#8221;flat&#8221; shape=&#8221;round&#8221; color=&#8221;black&#8221; align=&#8221;left&#8221; link=&#8221;url:https%3A%2F%2Fmrcap.com%2Fmrcap-staging-si%2F%3Fpage_id%3D3322|title:Fritidsfordon&#8221; css=&#8221;.vc_custom_1765811926502{margin-top: 16px !important;}&#8221;][\/vc_column][\/vc_row][vc_row row_overlay=&#8221;&#8221; css=&#8221;.vc_custom_1765811874063{margin-top: 32px !important;margin-right: 16px !important;margin-left: 16px !important;}&#8221;][vc_column width=&#8221;1\/3&#8243; offset=&#8221;vc_hidden-lg vc_hidden-md vc_hidden-sm&#8221; css=&#8221;.vc_custom_1768471564717{margin-right: 16px !important;margin-left: 16px !important;}&#8221;][vc_empty_space][vc_single_image image=&#8221;12736&#8243; img_size=&#8221;600&#215;450&#8243;][vc_btn title=&#8221;Sanering&#8221; style=&#8221;flat&#8221; shape=&#8221;round&#8221; color=&#8221;black&#8221; align=&#8221;left&#8221; link=&#8221;url:https%3A%2F%2Fmrcap.com%2Fmrcap-staging-si%2F%3Fpage_id%3D3316|title:Sanering&#8221; css=&#8221;.vc_custom_1765811930287{margin-top: 16px !important;}&#8221;][\/vc_column][\/vc_row][vc_row][vc_column][vc_empty_space height=&#8221;220px&#8221;][\/vc_column][\/vc_row]<\/p>\n<\/section>","protected":false},"excerpt":{"rendered":"<p>[vc_row row_width=&#8221;wrap-boxed&#8221; row_overlay=&#8221;&#8221;][vc_column css=&#8221;.vc_custom_1768469490299{margin-top: 144px !important;}&#8221; offset=&#8221;vc_hidden-xs&#8221;][vc_column_text] Behandlingar &nbsp; MrCAP erbjuder ett brett utbud av olika behandlingar som f\u00f6r\u00e4dlar, skyddar och \u00f6kar v\u00e4rdet p\u00e5 din bil. V\u00e5ra behandlingar skr\u00e4ddarsys efter din bil och utf\u00f6rs alltid manuellt av v\u00e5ra utbildade tekniker f\u00f6r att garantera ett resultat av h\u00f6gsta kvalit\u00e9. [\/vc_column_text][\/vc_column][\/vc_row][vc_row row_overlay=&#8221;&#8221;][vc_column offset=&#8221;vc_hidden-lg vc_hidden-md vc_hidden-sm&#8221; css=&#8221;.vc_custom_1768471596299{margin-top: 120px [&hellip;]<\/p>\n","protected":false},"author":1,"featured_media":0,"parent":0,"menu_order":0,"comment_status":"closed","ping_status":"closed","template":"page-vc.php","meta":{"_acf_changed":false,"footnotes":"","_links_to":"","_links_to_target":""},"yst_prominent_words":[],"class_list":["post-3995","page","type-page","status-publish","hentry"],"acf":[],"_links":{"self":[{"href":"https:\/\/mrcap.com\/index.php?rest_route=\/wp\/v2\/pages\/3995","targetHints":{"allow":["GET"]}}],"collection":[{"href":"https:\/\/mrcap.com\/index.php?rest_route=\/wp\/v2\/pages"}],"about":[{"href":"https:\/\/mrcap.com\/index.php?rest_route=\/wp\/v2\/types\/page"}],"author":[{"embeddable":true,"href":"https:\/\/mrcap.com\/index.php?rest_route=\/wp\/v2\/users\/1"}],"replies":[{"embeddable":true,"href":"https:\/\/mrcap.com\/index.php?rest_route=%2Fwp%2Fv2%2Fcomments&post=3995"}],"version-history":[{"count":63,"href":"https:\/\/mrcap.com\/index.php?rest_route=\/wp\/v2\/pages\/3995\/revisions"}],"predecessor-version":[{"id":14219,"href":"https:\/\/mrcap.com\/index.php?rest_route=\/wp\/v2\/pages\/3995\/revisions\/14219"}],"wp:attachment":[{"href":"https:\/\/mrcap.com\/index.php?rest_route=%2Fwp%2Fv2%2Fmedia&parent=3995"}],"wp:term":[{"taxonomy":"yst_prominent_words","embeddable":true,"href":"https:\/\/mrcap.com\/index.php?rest_route=%2Fwp%2Fv2%2Fyst_prominent_words&post=3995"}],"curies":[{"name":"wp","href":"https:\/\/api.w.org\/{rel}","templated":true}]}}