{"id":3322,"date":"2017-05-29T22:04:51","date_gmt":"2017-05-29T20:04:51","guid":{"rendered":"http:\/\/89.46.86.101\/?page_id=3322"},"modified":"2026-01-12T12:23:38","modified_gmt":"2026-01-12T10:23:38","slug":"batvard-marine","status":"publish","type":"page","link":"https:\/\/mrcap.com\/?page_id=3322","title":{"rendered":"Fritidsfordon"},"content":{"rendered":"<section class=\"wpb-content-wrapper\"><p>[vc_row row_width=&#8221;wrap-boxed&#8221; row_overlay=&#8221;&#8221;][vc_column offset=&#8221;vc_hidden-xs&#8221; css=&#8221;.vc_custom_1765966542271{margin-top: 144px !important;}&#8221;][vc_column_text css=&#8221;.vc_custom_1766047841717{margin-bottom: 80px !important;}&#8221;]<\/p>\n<h6 style=\"text-align: center;\"><span style=\"color: #fffbbf;\">Fritidsfordon<\/span><\/h6>\n<h1 style=\"text-align: center;\"><span style=\"color: #f6f6f6;\">Lackskydd &amp; underh\u00e5ll<br \/>\n<\/span><span style=\"color: #f6f6f6;\">f\u00f6r fritidsfordon<\/span><\/h1>\n<p>[\/vc_column_text][\/vc_column][\/vc_row][vc_row row_width=&#8221;wrap-boxed&#8221; row_overlay=&#8221;&#8221;][vc_column css=&#8221;.vc_custom_1763976954757{margin-top: 120px !important;}&#8221; offset=&#8221;vc_hidden-lg vc_hidden-md vc_hidden-sm&#8221;][vc_column_text css=&#8221;.vc_custom_1765794037157{margin-bottom: 32px !important;}&#8221;]<\/p>\n<h6><span style=\"color: #fffbbf;\">Fritidsfordon<\/span><\/h6>\n<h2 style=\"text-align: left;\"><span style=\"color: #f6f6f6;\">Motverka slitage p\u00e5 exteri\u00f6ren<\/span><br \/>\n<span style=\"color: #f6f6f6;\">av ditt fritidsfordon<\/span><\/h2>\n<p>[\/vc_column_text][\/vc_column][\/vc_row][vc_row row_width=&#8221;wrap-boxed&#8221; row_overlay=&#8221;&#8221;][vc_column width=&#8221;1\/2&#8243; offset=&#8221;vc_hidden-xs&#8221; css=&#8221;.vc_custom_1765967564868{margin-top: 0px !important;margin-bottom: 0px !important;border-top-width: 0px !important;border-bottom-width: 0px !important;padding-top: 0px !important;padding-bottom: 32px !important;}&#8221;][vc_empty_space][vc_column_text css=&#8221;.vc_custom_1766048174193{margin-top: 0px !important;margin-bottom: 0px !important;border-top-width: 0px !important;border-bottom-width: 0px !important;padding-top: 0px !important;padding-right: 40px !important;padding-bottom: 0px !important;}&#8221;]<span style=\"color: #adadad;\">Fritidsfordon st\u00e4ller andra krav \u00e4n vardagsbilen, s\u00e4rskilt n\u00e4r det g\u00e4ller lackskydd och underh\u00e5ll. Ytorna \u00e4r ofta st\u00f6rre, mer utsatta och i m\u00e5nga fall k\u00e4nsligare, som till exempel gelcoat p\u00e5 b\u00e5t eller husvagn. Samtidigt \u00e4r det fordon som \u00e4r t\u00e4nkta att anv\u00e4ndas och njutas av, inte st\u00e4ndigt tv\u00e4ttas och underh\u00e5llas.<\/span><\/p>\n<p><span style=\"color: #adadad;\">Hos MrCAP arbetar vi med lackskydd f\u00f6r fritidsfordon, anpassat efter material och anv\u00e4ndningsomr\u00e5de, men erbjuder \u00e4ven underh\u00e5llsbehandlingar f\u00f6r dig som vill h\u00e5lla fordonet i gott skick utan att l\u00e4gga tid och energi p\u00e5 arbetet sj\u00e4lv.<\/span><\/p>\n<p><span style=\"color: #adadad;\">F\u00f6r fordon med gelcoat, som b\u00e5t eller husvagn, fungerar v\u00e5rt lackskydd FormulaU f\u00f6r fritidsfordon mycket bra. Det ger ett slitstarkt skydd som minskar risken f\u00f6r oxidering, solblekning och p\u00e5v\u00e4xt, samtidigt som ytan blir betydligt l\u00e4ttare att h\u00e5lla ren.<\/span><\/p>\n<p><span style=\"color: #adadad;\">F\u00f6r fritidsfordon med vanlig lack, exempelvis vissa husbilar, rekommenderas i st\u00e4llet en keramisk behandling. Den ger ett l\u00e5ngvarigt skydd och g\u00f6r att smuts och f\u00f6roreningar f\u00e5r sv\u00e5rare att f\u00e4sta.<\/span><\/p>\n<p><span style=\"color: #adadad;\">Ut\u00f6ver skyddsbehandlingar erbjuder vi \u00e4ven underh\u00e5ll av fritidsfordon, anpassat f\u00f6r stora fordon och k\u00e4nsliga ytor. F\u00f6r dig som vill anv\u00e4nda ditt fritidsfordon, inte l\u00e4gga tiden p\u00e5 underh\u00e5llet.<\/span><\/p>\n<p><span style=\"color: #adadad;\">Oavsett om det handlar om skydd, underh\u00e5ll eller \u00e5terst\u00e4llning vet vi hur olika material ska hanteras f\u00f6r att ge r\u00e4tt resultat \u00f6ver tid.<\/span>[\/vc_column_text][vc_btn title=&#8221;V\u00e5ra anl\u00e4ggningar&#8221; style=&#8221;flat&#8221; shape=&#8221;round&#8221; color=&#8221;black&#8221; align=&#8221;left&#8221; link=&#8221;url:https%3A%2F%2Fmrcap.com%2Fmrcap-staging-si%2Fvara-anlaggningar%2F|||&#8221; css=&#8221;.vc_custom_1765890974832{margin-top: 0px !important;border-top-width: 0px !important;padding-top: 24px !important;}&#8221;][\/vc_column][vc_column width=&#8221;1\/2&#8243; offset=&#8221;vc_hidden-xs&#8221;][vc_single_image image=&#8221;12761&#8243; img_size=&#8221;600&#215;450&#8243; alignment=&#8221;center&#8221; onclick=&#8221;custom_link&#8221; link=&#8221;https:\/\/mrcap.com\/tjanster\/bilglas\/windowtinting\/&#8221;][\/vc_column][\/vc_row][vc_row row_width=&#8221;wrap-boxed&#8221; row_overlay=&#8221;&#8221;][vc_column width=&#8221;1\/2&#8243;][vc_empty_space][\/vc_column][vc_column offset=&#8221;vc_hidden-lg vc_hidden-md vc_hidden-sm&#8221;][vc_single_image image=&#8221;12761&#8243; img_size=&#8221;600&#215;450&#8243; alignment=&#8221;center&#8221; onclick=&#8221;custom_link&#8221; link=&#8221;https:\/\/mrcap.com\/tjanster\/bilglas\/windowtinting\/&#8221;][\/vc_column][\/vc_row][vc_row row_width=&#8221;wrap-boxed&#8221; row_overlay=&#8221;&#8221;][vc_column offset=&#8221;vc_hidden-lg vc_hidden-md vc_hidden-sm&#8221; css=&#8221;.vc_custom_1763977527254{margin-bottom: 60px !important;}&#8221;][vc_column_text css=&#8221;.vc_custom_1768213411877{margin-bottom: 0px !important;border-bottom-width: 0px !important;padding-bottom: 0px !important;}&#8221;]<span style=\"color: #adadad;\">Fritidsfordon st\u00e4ller andra krav \u00e4n vardagsbilen, s\u00e4rskilt n\u00e4r det g\u00e4ller lackskydd och underh\u00e5ll. Ytorna \u00e4r ofta st\u00f6rre, mer utsatta och i m\u00e5nga fall k\u00e4nsligare, som till exempel gelcoat p\u00e5 b\u00e5t eller husvagn. Samtidigt \u00e4r det fordon som \u00e4r t\u00e4nkta att anv\u00e4ndas och njutas av, inte st\u00e4ndigt tv\u00e4ttas och underh\u00e5llas.<\/span><\/p>\n<p><span style=\"color: #adadad;\">Hos MrCAP arbetar vi med lackskydd f\u00f6r fritidsfordon, anpassat efter material och anv\u00e4ndningsomr\u00e5de, men erbjuder \u00e4ven underh\u00e5llsbehandlingar f\u00f6r dig som vill h\u00e5lla fordonet i gott skick utan att l\u00e4gga tid och energi p\u00e5 arbetet sj\u00e4lv.<\/span><\/p>\n<p><span style=\"color: #adadad;\">F\u00f6r fordon med gelcoat, som b\u00e5t eller husvagn, fungerar v\u00e5rt lackskydd FormulaU f\u00f6r fritidsfordon mycket bra. Det ger ett slitstarkt skydd som minskar risken f\u00f6r oxidering, solblekning och p\u00e5v\u00e4xt, samtidigt som ytan blir betydligt l\u00e4ttare att h\u00e5lla ren.<\/span><\/p>\n<p><span style=\"color: #adadad;\">F\u00f6r fritidsfordon med vanlig lack, exempelvis vissa husbilar, rekommenderas i st\u00e4llet en keramisk behandling. Den ger ett l\u00e5ngvarigt skydd och g\u00f6r att smuts och f\u00f6roreningar f\u00e5r sv\u00e5rare att f\u00e4sta.<\/span><\/p>\n<p><span style=\"color: #adadad;\">Ut\u00f6ver skyddsbehandlingar erbjuder vi \u00e4ven underh\u00e5ll av fritidsfordon, anpassat f\u00f6r stora fordon och k\u00e4nsliga ytor. F\u00f6r dig som vill anv\u00e4nda ditt fritidsfordon, inte l\u00e4gga tiden p\u00e5 underh\u00e5llet.<\/span><\/p>\n<p><span style=\"color: #adadad;\">Oavsett om det handlar om skydd, underh\u00e5ll eller \u00e5terst\u00e4llning vet vi hur olika material ska hanteras f\u00f6r att ge r\u00e4tt resultat \u00f6ver tid.<\/span>[\/vc_column_text][vc_btn title=&#8221;V\u00e5ra anl\u00e4ggningar&#8221; style=&#8221;flat&#8221; shape=&#8221;round&#8221; color=&#8221;black&#8221; size=&#8221;sm&#8221; align=&#8221;left&#8221; link=&#8221;url:https%3A%2F%2Fmrcap.com%2Fmrcap-staging-si%2Fvara-anlaggningar%2F|||&#8221; css=&#8221;.vc_custom_1763977537474{margin-top: 0px !important;border-top-width: 0px !important;padding-top: 16px !important;}&#8221;][\/vc_column][\/vc_row][vc_row row_width=&#8221;wrap-boxed&#8221; row_overlay=&#8221;&#8221;][vc_column offset=&#8221;vc_hidden-xs&#8221;][vc_separator color=&#8221;black&#8221; css=&#8221;.vc_custom_1765967552897{margin-top: 100px !important;margin-bottom: 32px !important;}&#8221;][\/vc_column][\/vc_row][vc_row row_width=&#8221;wrap-boxed&#8221; row_overlay=&#8221;&#8221;][vc_column width=&#8221;2\/3&#8243;][vc_column_text]<\/p>\n<h3><span style=\"color: #f6f6f6;\">F\u00e5 ut mer av fritidsk\u00e4nslan med<br \/>\nen behandling av interi\u00f6ren<\/span><\/h3>\n<p><span style=\"color: #adadad;\">Addera en behandling av interi\u00f6ren p\u00e5 ditt fritidsfordon n\u00e4r du st\u00e4rker upp dess exteri\u00f6r. MrCAP erbjuder djupkemreng\u00f6ring och impregnering av textilier, plast, l\u00e4der och vinyl. Har fritidsfordonet problem med m\u00f6gel, d\u00e5lig lukt eller repor har vi s\u00e5klart l\u00f6sningar p\u00e5 det ocks\u00e5.<\/span>[\/vc_column_text][vc_column_text]<em><span style=\"color: #adadad;\">Kontakta din lokala<\/span><span style=\"color: #fffbbf;\"> <a style=\"color: #fffbbf;\" href=\"https:\/\/mrcap.com\/vara-anlaggningar\/\">MrCAP<\/a>\u00a0<\/span><span style=\"color: #adadad;\">f\u00f6r bokning och prisuppgift f\u00f6r just ditt fritidsfordon.<\/span><\/em><strong><br \/>\n<\/strong>[\/vc_column_text][\/vc_column][\/vc_row][vc_row][vc_column][vc_empty_space height=&#8221;144px&#8221;][\/vc_column][\/vc_row]<\/p>\n<\/section>","protected":false},"excerpt":{"rendered":"<p>[vc_row row_width=&#8221;wrap-boxed&#8221; row_overlay=&#8221;&#8221;][vc_column offset=&#8221;vc_hidden-xs&#8221; css=&#8221;.vc_custom_1765966542271{margin-top: 144px !important;}&#8221;][vc_column_text css=&#8221;.vc_custom_1766047841717{margin-bottom: 80px !important;}&#8221;] Fritidsfordon Lackskydd &amp; underh\u00e5ll f\u00f6r fritidsfordon [\/vc_column_text][\/vc_column][\/vc_row][vc_row row_width=&#8221;wrap-boxed&#8221; row_overlay=&#8221;&#8221;][vc_column css=&#8221;.vc_custom_1763976954757{margin-top: 120px !important;}&#8221; offset=&#8221;vc_hidden-lg vc_hidden-md vc_hidden-sm&#8221;][vc_column_text css=&#8221;.vc_custom_1765794037157{margin-bottom: 32px !important;}&#8221;] Fritidsfordon Motverka slitage p\u00e5 exteri\u00f6ren av ditt fritidsfordon [\/vc_column_text][\/vc_column][\/vc_row][vc_row row_width=&#8221;wrap-boxed&#8221; row_overlay=&#8221;&#8221;][vc_column width=&#8221;1\/2&#8243; offset=&#8221;vc_hidden-xs&#8221; css=&#8221;.vc_custom_1765967564868{margin-top: 0px !important;margin-bottom: 0px !important;border-top-width: 0px !important;border-bottom-width: 0px !important;padding-top: 0px !important;padding-bottom: 32px !important;}&#8221;][vc_empty_space][vc_column_text css=&#8221;.vc_custom_1766048174193{margin-top: [&hellip;]<\/p>\n","protected":false},"author":1,"featured_media":3620,"parent":3995,"menu_order":0,"comment_status":"closed","ping_status":"closed","template":"page-vc.php","meta":{"_acf_changed":false,"footnotes":"","_links_to":"","_links_to_target":""},"yst_prominent_words":[],"class_list":["post-3322","page","type-page","status-publish","has-post-thumbnail","hentry"],"acf":[],"_links":{"self":[{"href":"https:\/\/mrcap.com\/index.php?rest_route=\/wp\/v2\/pages\/3322","targetHints":{"allow":["GET"]}}],"collection":[{"href":"https:\/\/mrcap.com\/index.php?rest_route=\/wp\/v2\/pages"}],"about":[{"href":"https:\/\/mrcap.com\/index.php?rest_route=\/wp\/v2\/types\/page"}],"author":[{"embeddable":true,"href":"https:\/\/mrcap.com\/index.php?rest_route=\/wp\/v2\/users\/1"}],"replies":[{"embeddable":true,"href":"https:\/\/mrcap.com\/index.php?rest_route=%2Fwp%2Fv2%2Fcomments&post=3322"}],"version-history":[{"count":82,"href":"https:\/\/mrcap.com\/index.php?rest_route=\/wp\/v2\/pages\/3322\/revisions"}],"predecessor-version":[{"id":14154,"href":"https:\/\/mrcap.com\/index.php?rest_route=\/wp\/v2\/pages\/3322\/revisions\/14154"}],"up":[{"embeddable":true,"href":"https:\/\/mrcap.com\/index.php?rest_route=\/wp\/v2\/pages\/3995"}],"wp:featuredmedia":[{"embeddable":true,"href":"https:\/\/mrcap.com\/index.php?rest_route=\/wp\/v2\/media\/3620"}],"wp:attachment":[{"href":"https:\/\/mrcap.com\/index.php?rest_route=%2Fwp%2Fv2%2Fmedia&parent=3322"}],"wp:term":[{"taxonomy":"yst_prominent_words","embeddable":true,"href":"https:\/\/mrcap.com\/index.php?rest_route=%2Fwp%2Fv2%2Fyst_prominent_words&post=3322"}],"curies":[{"name":"wp","href":"https:\/\/api.w.org\/{rel}","templated":true}]}}