{"id":3316,"date":"2017-05-29T22:03:57","date_gmt":"2017-05-29T20:03:57","guid":{"rendered":"http:\/\/89.46.86.101\/?page_id=3316"},"modified":"2026-01-22T14:07:44","modified_gmt":"2026-01-22T12:07:44","slug":"sanering-damage-sanitation","status":"publish","type":"page","link":"https:\/\/mrcap.com\/?page_id=3316","title":{"rendered":"Sanering"},"content":{"rendered":"<section class=\"wpb-content-wrapper\"><p>[vc_row row_width=&#8221;wrap-boxed&#8221; row_overlay=&#8221;&#8221;][vc_column css=&#8221;.vc_custom_1765976577316{margin-top: 144px !important;}&#8221; offset=&#8221;vc_hidden-xs&#8221;][vc_column_text css=&#8221;.vc_custom_1766047757349{margin-bottom: 50px !important;}&#8221;]<\/p>\n<h6 style=\"text-align: center;\"><span style=\"color: #fffbbf;\">Sanering<\/span><\/h6>\n<h1 style=\"text-align: center;\"><span style=\"color: #f6f6f6;\">N\u00e4r vanlig reng\u00f6ring inte r\u00e4cker<\/span><\/h1>\n<p>[\/vc_column_text][vc_row_inner][vc_column_inner width=&#8221;1\/2&#8243; css=&#8221;.vc_custom_1763980822531{margin-bottom: 144px !important;}&#8221;][vc_column_text css=&#8221;.vc_custom_1769083557292{margin-bottom: 0px !important;border-bottom-width: 0px !important;padding-right: 40px !important;padding-bottom: 0px !important;}&#8221;]<\/p>\n<p style=\"text-align: left;\"><span style=\"color: #adadad;\">V\u00e5r behandling Damage &amp; Sanitation anv\u00e4nds n\u00e4r bilen drabbats av problem som inte g\u00e5r att l\u00f6sa med vanlig reng\u00f6ring. Det kan handla om lukt, fukt, m\u00f6gel eller r\u00f6k- och sotskador, men \u00e4ven ovanliga skador i lack eller interi\u00f6r som kr\u00e4ver s\u00e4rskilda metoder.<\/span><\/p>\n<p style=\"text-align: left;\"><span style=\"color: #adadad;\">V\u00e5r saneringsbehandling bygger p\u00e5 l\u00e5ng erfarenhet av att identifiera orsaken till problemet och se till att det inte \u00e5terkommer. M\u00e5let \u00e4r alltid att \u00e5terst\u00e4lla bilen s\u00e5 l\u00e5ngt som m\u00f6jligt utan att beh\u00f6va lackera om eller byta ut inredningsdetaljer i on\u00f6dan. O\u00f6nskade lukter och f\u00f6roreningar behandlas efter noggrann reng\u00f6ring med hj\u00e4lp av specialutrustning. Metod v\u00e4ljs utifr\u00e5n skadans typ och omfattning. <\/span><\/p>\n<p style=\"text-align: left;\"><span style=\"color: #adadad;\">F\u00f6r att uppn\u00e5 ett h\u00e5llbart resultat \u00e4r det avg\u00f6rande att g\u00e5 till botten med problemet, inte bara behandla symptomen. D\u00e4rf\u00f6r anpassas varje sanering efter bilens faktiska behov.<\/span><\/p>\n<p style=\"text-align: left;\"><span style=\"color: #adadad;\">Kontakta din lokala<\/span><span style=\"color: #adadad;\">\u00a0<\/span><span style=\"color: #fffbbf;\"><a style=\"color: #fffbbf;\" href=\"https:\/\/mrcap.com\/vara-anlaggningar\/\">MrCAP anl\u00e4ggning<\/a> <\/span><span style=\"color: #adadad;\">f\u00f6r en bed\u00f6mning av problemet.<\/span><\/p>\n<p>[\/vc_column_text][vc_btn title=&#8221;Boka behandling&#8221; style=&#8221;flat&#8221; shape=&#8221;round&#8221; color=&#8221;green&#8221; align=&#8221;left&#8221; link=&#8221;url:https%3A%2F%2Fbooking.mrcap.com%2F&#8221; css=&#8221;.vc_custom_1765890999362{margin-top: 0px !important;margin-bottom: 0px !important;border-top-width: 0px !important;border-bottom-width: 0px !important;padding-top: 24px !important;padding-bottom: 16px !important;}&#8221;][\/vc_column_inner][vc_column_inner width=&#8221;1\/2&#8243; css=&#8221;.vc_custom_1763542037829{margin-top: 0px !important;margin-right: 0px !important;margin-bottom: 0px !important;margin-left: 0px !important;border-top-width: 0px !important;border-right-width: 0px !important;border-bottom-width: 0px !important;border-left-width: 0px !important;padding-top: 0px !important;padding-right: 0px !important;padding-bottom: 0px !important;padding-left: 0px !important;}&#8221;][vc_single_image image=&#8221;12736&#8243; img_size=&#8221;full&#8221; alignment=&#8221;center&#8221; onclick=&#8221;custom_link&#8221; link=&#8221;https:\/\/mrcap.com\/tjanster\/bilglas\/windowtinting\/&#8221;][\/vc_column_inner][\/vc_row_inner][\/vc_column][\/vc_row][vc_row row_width=&#8221;wrap-boxed&#8221; row_overlay=&#8221;&#8221;][vc_column offset=&#8221;vc_hidden-lg vc_hidden-md vc_hidden-sm&#8221;][vc_column_text css=&#8221;.vc_custom_1765976510992{margin-top: 120px !important;margin-bottom: 60px !important;}&#8221;]<\/p>\n<h6 style=\"text-align: left;\"><span style=\"color: #fffbbf;\">Sanering<\/span><\/h6>\n<h3 style=\"text-align: left;\"><span style=\"color: #f6f6f6;\">N\u00e4r vanlig reng\u00f6ring inte r\u00e4cker<\/span><\/h3>\n<p>[\/vc_column_text][vc_row_inner][vc_column_inner css=&#8221;.vc_custom_1765976476606{margin-bottom: 144px !important;}&#8221; offset=&#8221;vc_hidden-lg vc_hidden-md vc_hidden-sm&#8221;][vc_single_image image=&#8221;12736&#8243; img_size=&#8221;full&#8221; alignment=&#8221;center&#8221; onclick=&#8221;custom_link&#8221; link=&#8221;https:\/\/mrcap.com\/tjanster\/bilglas\/windowtinting\/&#8221;][vc_column_text css=&#8221;.vc_custom_1769083636181{margin-bottom: 0px !important;border-bottom-width: 0px !important;padding-right: 40px !important;padding-bottom: 0px !important;}&#8221;]<\/p>\n<p style=\"text-align: left;\"><span style=\"color: #adadad;\">V\u00e5r behandling Damage &amp; Sanitation anv\u00e4nds n\u00e4r bilen drabbats av problem som inte g\u00e5r att l\u00f6sa med vanlig reng\u00f6ring. Det kan handla om lukt, fukt, m\u00f6gel eller r\u00f6k- och sotskador \u2013 men ocks\u00e5 om ovanliga skador i lack eller interi\u00f6r som kr\u00e4ver s\u00e4rskilda metoder.<\/span><\/p>\n<p style=\"text-align: left;\"><span style=\"color: #adadad;\">V\u00e5r saneringsbehandling bygger p\u00e5 l\u00e5ng erfarenhet av att identifiera orsaken till problemet och se till att det inte \u00e5terkommer. M\u00e5let \u00e4r alltid att \u00e5terst\u00e4lla bilen s\u00e5 l\u00e5ngt som m\u00f6jligt utan att beh\u00f6va lackera om eller byta ut inredningsdetaljer i on\u00f6dan. O\u00f6nskade lukter och f\u00f6roreningar behandlas efter noggrann reng\u00f6ring med hj\u00e4lp av specialutrustning. Metod v\u00e4ljs utifr\u00e5n skadans typ och omfattning. <\/span><\/p>\n<p style=\"text-align: left;\"><span style=\"color: #adadad;\">F\u00f6r att uppn\u00e5 ett h\u00e5llbart resultat \u00e4r det avg\u00f6rande att g\u00e5 till botten med problemet, inte bara behandla symptomen. D\u00e4rf\u00f6r anpassas varje sanering efter bilens faktiska behov.<\/span><\/p>\n<p style=\"text-align: left;\"><span style=\"color: #adadad;\">Kontakta din lokala<\/span><span style=\"color: #adadad;\">\u00a0<\/span><span style=\"color: #fffbbf;\"><a style=\"color: #fffbbf;\" href=\"https:\/\/mrcap.com\/vara-anlaggningar\/\">MrCAP anl\u00e4ggning<\/a> <\/span><span style=\"color: #adadad;\">f\u00f6r en bed\u00f6mning av problemet.<\/span><\/p>\n<p>[\/vc_column_text][vc_btn title=&#8221;Boka behandling&#8221; style=&#8221;flat&#8221; shape=&#8221;round&#8221; color=&#8221;green&#8221; align=&#8221;left&#8221; link=&#8221;url:https%3A%2F%2Fbooking.mrcap.com%2F&#8221; css=&#8221;.vc_custom_1765890999362{margin-top: 0px !important;margin-bottom: 0px !important;border-top-width: 0px !important;border-bottom-width: 0px !important;padding-top: 24px !important;padding-bottom: 16px !important;}&#8221;][\/vc_column_inner][\/vc_row_inner][\/vc_column][\/vc_row][vc_row][vc_column][vc_empty_space height=&#8221;144px&#8221;][\/vc_column][\/vc_row]<\/p>\n<\/section>","protected":false},"excerpt":{"rendered":"<p>[vc_row row_width=&#8221;wrap-boxed&#8221; row_overlay=&#8221;&#8221;][vc_column css=&#8221;.vc_custom_1765976577316{margin-top: 144px !important;}&#8221; offset=&#8221;vc_hidden-xs&#8221;][vc_column_text css=&#8221;.vc_custom_1766047757349{margin-bottom: 50px !important;}&#8221;] Sanering N\u00e4r vanlig reng\u00f6ring inte r\u00e4cker [\/vc_column_text][vc_row_inner][vc_column_inner width=&#8221;1\/2&#8243; css=&#8221;.vc_custom_1763980822531{margin-bottom: 144px !important;}&#8221;][vc_column_text css=&#8221;.vc_custom_1769083557292{margin-bottom: 0px !important;border-bottom-width: 0px !important;padding-right: 40px !important;padding-bottom: 0px !important;}&#8221;] V\u00e5r behandling Damage &amp; Sanitation anv\u00e4nds n\u00e4r bilen drabbats av problem som inte g\u00e5r att l\u00f6sa med vanlig reng\u00f6ring. Det kan handla om lukt, fukt, [&hellip;]<\/p>\n","protected":false},"author":1,"featured_media":3617,"parent":3995,"menu_order":0,"comment_status":"closed","ping_status":"closed","template":"page-vc.php","meta":{"_acf_changed":false,"footnotes":"","_links_to":"","_links_to_target":""},"yst_prominent_words":[],"class_list":["post-3316","page","type-page","status-publish","has-post-thumbnail","hentry"],"acf":[],"_links":{"self":[{"href":"https:\/\/mrcap.com\/index.php?rest_route=\/wp\/v2\/pages\/3316","targetHints":{"allow":["GET"]}}],"collection":[{"href":"https:\/\/mrcap.com\/index.php?rest_route=\/wp\/v2\/pages"}],"about":[{"href":"https:\/\/mrcap.com\/index.php?rest_route=\/wp\/v2\/types\/page"}],"author":[{"embeddable":true,"href":"https:\/\/mrcap.com\/index.php?rest_route=\/wp\/v2\/users\/1"}],"replies":[{"embeddable":true,"href":"https:\/\/mrcap.com\/index.php?rest_route=%2Fwp%2Fv2%2Fcomments&post=3316"}],"version-history":[{"count":46,"href":"https:\/\/mrcap.com\/index.php?rest_route=\/wp\/v2\/pages\/3316\/revisions"}],"predecessor-version":[{"id":14234,"href":"https:\/\/mrcap.com\/index.php?rest_route=\/wp\/v2\/pages\/3316\/revisions\/14234"}],"up":[{"embeddable":true,"href":"https:\/\/mrcap.com\/index.php?rest_route=\/wp\/v2\/pages\/3995"}],"wp:featuredmedia":[{"embeddable":true,"href":"https:\/\/mrcap.com\/index.php?rest_route=\/wp\/v2\/media\/3617"}],"wp:attachment":[{"href":"https:\/\/mrcap.com\/index.php?rest_route=%2Fwp%2Fv2%2Fmedia&parent=3316"}],"wp:term":[{"taxonomy":"yst_prominent_words","embeddable":true,"href":"https:\/\/mrcap.com\/index.php?rest_route=%2Fwp%2Fv2%2Fyst_prominent_words&post=3316"}],"curies":[{"name":"wp","href":"https:\/\/api.w.org\/{rel}","templated":true}]}}