{"id":3306,"date":"2017-05-29T22:02:39","date_gmt":"2017-05-29T20:02:39","guid":{"rendered":"http:\/\/89.46.86.101\/?page_id=3306"},"modified":"2026-01-14T09:41:50","modified_gmt":"2026-01-14T07:41:50","slug":"ladervard-leathercare-interiorservice","status":"publish","type":"page","link":"https:\/\/mrcap.com\/?page_id=3306","title":{"rendered":"LeatherCare &#038; InteriorService"},"content":{"rendered":"<section class=\"wpb-content-wrapper\"><p>[vc_row row_width=&#8221;wrap-boxed&#8221; row_overlay=&#8221;&#8221;][vc_column offset=&#8221;vc_hidden-lg vc_hidden-md vc_hidden-sm&#8221; css=&#8221;.vc_custom_1763976515097{margin-top: 120px !important;}&#8221;][vc_column_text css=&#8221;.vc_custom_1768213681719{margin-bottom: 80px !important;}&#8221;]<\/p>\n<h6 style=\"text-align: left;\"><span style=\"color: #fffbbf;\">LeatherCare &amp; InteriorService<\/span><\/h6>\n<h1 style=\"text-align: left;\"><span style=\"color: #f6f6f6;\">\u00c5terst\u00e4llande och omsorgsfull <\/span><span style=\"color: #f6f6f6;\">reng\u00f6ring av bilens l\u00e4derinteri\u00f6r<\/span><\/h1>\n<p>[\/vc_column_text][\/vc_column][\/vc_row][vc_row row_width=&#8221;wrap-boxed&#8221; row_overlay=&#8221;&#8221;][vc_column offset=&#8221;vc_hidden-xs&#8221; css=&#8221;.vc_custom_1768376508661{margin-top: 144px !important;}&#8221;][vc_column_text css=&#8221;.vc_custom_1766134392402{margin-bottom: 80px !important;}&#8221;]<\/p>\n<h6 style=\"text-align: center;\"><span style=\"color: #fffbbf;\">LeatherCare &amp; InteriorService<\/span><\/h6>\n<h1 style=\"text-align: center;\"><span style=\"color: #f6f6f6;\">\u00c5terst\u00e4llande och omsorgsfull<\/span><\/h1>\n<h1 style=\"text-align: center;\"><span style=\"color: #f6f6f6;\">reng\u00f6ring av bilens l\u00e4derinteri\u00f6r<\/span><\/h1>\n<p>[\/vc_column_text][\/vc_column][\/vc_row][vc_row row_width=&#8221;wrap-boxed&#8221; row_overlay=&#8221;&#8221;][vc_column width=&#8221;1\/2&#8243; offset=&#8221;vc_hidden-xs&#8221;][vc_column_text css=&#8221;.vc_custom_1766135023593{margin-bottom: 0px !important;border-bottom-width: 0px !important;padding-right: 40px !important;padding-bottom: 0px !important;}&#8221;]<span style=\"color: #adadad;\">LeatherCare \u00e4r v\u00e5r interi\u00f6ra behandling speciellt anpassad f\u00f6r bilar med l\u00e4derinredning. Behandlingen l\u00e4gger stort fokus vid att omsorgsfullt reng\u00f6ra och \u00e5terfukta l\u00e4dret f\u00f6r att motverka uttorkning, krackelering och missf\u00e4rgningar, och h\u00f6jer upplevelsen av kup\u00e9n.<\/span><\/p>\n<p>&nbsp;<\/p>\n<p><span style=\"color: #f6f6f6;\">Behandlingen passar bilar som:<\/span><\/p>\n<p><span style=\"color: #adadad;\">\u2022 har l\u00e4derinredning som blivit torr eller glansig<\/span><br \/>\n<span style=\"color: #adadad;\">\u2022 har l\u00e4derinredning och beh\u00f6ver reng\u00f6ra kup\u00e9n p\u00e5 djupet<\/span>[\/vc_column_text][vc_btn title=&#8221;Boka behandling&#8221; style=&#8221;flat&#8221; shape=&#8221;round&#8221; color=&#8221;green&#8221; align=&#8221;left&#8221; link=&#8221;url:http%3A%2F%2Fbooking.mrcap.com%2F&#8221; css=&#8221;.vc_custom_1765956790334{margin-top: 0px !important;margin-bottom: 0px !important;border-top-width: 0px !important;border-bottom-width: 0px !important;padding-top: 24px !important;padding-bottom: 16px !important;}&#8221;][\/vc_column][vc_column width=&#8221;1\/2&#8243; offset=&#8221;vc_hidden-xs&#8221;][vc_single_image image=&#8221;12584&#8243; img_size=&#8221;full&#8221; alignment=&#8221;center&#8221; onclick=&#8221;custom_link&#8221; link=&#8221;https:\/\/mrcap.com\/tjanster\/bilglas\/windowtinting\/&#8221;][\/vc_column][\/vc_row][vc_row row_width=&#8221;wrap-boxed&#8221; row_overlay=&#8221;&#8221;][vc_column offset=&#8221;vc_hidden-lg vc_hidden-md vc_hidden-sm&#8221;][vc_single_image image=&#8221;12584&#8243; img_size=&#8221;full&#8221; alignment=&#8221;center&#8221; onclick=&#8221;custom_link&#8221; link=&#8221;https:\/\/mrcap.com\/tjanster\/bilglas\/windowtinting\/&#8221;][\/vc_column][\/vc_row][vc_row row_width=&#8221;wrap-boxed&#8221; row_overlay=&#8221;&#8221;][vc_column offset=&#8221;vc_hidden-lg vc_hidden-md vc_hidden-sm&#8221;][vc_column_text css=&#8221;.vc_custom_1766134560843{padding-right: 40px !important;}&#8221;]<\/p>\n<h5><span style=\"color: #f6f6f6;\">\u00c5terst\u00e4llande och omsorgsfull reng\u00f6ring av bilens l\u00e4derinteri\u00f6r<\/span><\/h5>\n<p><span style=\"color: #adadad;\">LeatherCare \u00e4r v\u00e5r interi\u00f6ra behandling speciellt anpassad f\u00f6r bilar med l\u00e4derinredning. Behandlingen l\u00e4gger stort fokus vid att omsorgsfullt reng\u00f6ra och \u00e5terfukta l\u00e4dret f\u00f6r att motverka uttorkning, krackelering och missf\u00e4rgningar, och h\u00f6jer upplevelsen av kup\u00e9n!<\/span><\/p>\n<p><span style=\"color: #f6f6f6;\">Behandlingen passar bilar som:<\/span><\/p>\n<p><span style=\"color: #adadad;\">\u2022 har l\u00e4derinredning som blivit torr eller glansig<\/span><br \/>\n<span style=\"color: #adadad;\">\u2022 har l\u00e4derinredning och beh\u00f6ver reng\u00f6ra kup\u00e9n p\u00e5 djupet<\/span>[\/vc_column_text][vc_btn title=&#8221;Boka behandling&#8221; style=&#8221;flat&#8221; shape=&#8221;round&#8221; color=&#8221;green&#8221; size=&#8221;sm&#8221; align=&#8221;left&#8221; link=&#8221;url:http%3A%2F%2Fbooking.mrcap.com%2F&#8221; css=&#8221;.vc_custom_1765956769077{margin-top: 0px !important;border-top-width: 0px !important;padding-top: 24px !important;padding-bottom: 16px !important;}&#8221;][vc_btn title=&#8221;V\u00e5ra anl\u00e4ggningar&#8221; style=&#8221;flat&#8221; shape=&#8221;round&#8221; color=&#8221;black&#8221; size=&#8221;sm&#8221; align=&#8221;left&#8221; link=&#8221;url:https%3A%2F%2Fmrcap.com%2Fmrcap-staging-si%2Fvara-anlaggningar%2F|||&#8221;][\/vc_column][\/vc_row][vc_row row_width=&#8221;wrap-boxed&#8221; row_overlay=&#8221;&#8221;][vc_column][\/vc_column][\/vc_row][vc_row row_width=&#8221;wrap-boxed&#8221; row_overlay=&#8221;&#8221; css=&#8221;.vc_custom_1763460492374{margin-bottom: 144px !important;}&#8221;][vc_column width=&#8221;2\/3&#8243;][vc_separator color=&#8221;black&#8221; css=&#8221;.vc_custom_1763543386214{margin-top: 120px !important;margin-bottom: 32px !important;}&#8221;][vc_column_text]<\/p>\n<h3><span style=\"color: #f6f6f6;\">Vad ing\u00e5r i behandlingen?<\/span><\/h3>\n<p><span style=\"color: #adadad; font-size: 16px;\">LeatherCare \u00e4r en varsam behandling av bilens l\u00e4derinredning och en djupreng\u00f6ring och av bilens<br \/>\nkup\u00e9 som <\/span><span style=\"color: #adadad; font-size: 16px;\">inkluderar f\u00f6ljande moment:<\/span><\/p>\n<div id=\"message-list_1763542721.316099\" class=\"c-virtual_list__item\" tabindex=\"0\" role=\"listitem\" aria-setsize=\"-1\" data-qa=\"virtual-list-item\" data-item-key=\"1763542721.316099\">\n<div class=\"c-message_kit__background p-message_pane_message__message c-message_kit__message\" role=\"presentation\" data-qa=\"message_container\" data-qa-unprocessed=\"false\" data-qa-placeholder=\"false\">\n<div class=\"c-message_kit__hover\" role=\"document\" aria-roledescription=\"message\" data-qa-hover=\"true\">\n<div class=\"c-message_kit__actions c-message_kit__actions--default\">\n<div class=\"c-message_kit__gutter\">\n<div class=\"c-message_kit__gutter__right\" role=\"presentation\" data-qa=\"message_content\">\n<div class=\"c-message_kit__blocks c-message_kit__blocks--rich_text\">\n<div class=\"c-message__message_blocks c-message__message_blocks--rich_text\" data-qa=\"message-text\">\n<div class=\"p-block_kit_renderer\" data-qa=\"block-kit-renderer\">\n<div class=\"p-block_kit_renderer__block_wrapper p-block_kit_renderer__block_wrapper--first\">\n<div class=\"p-rich_text_block\" dir=\"auto\">\n<div class=\"p-rich_text_section\">\n<p><span style=\"color: #adadad;\">\u2022 grundlig reng\u00f6ring och \u00e5terfuktande behandling av l\u00e4derytor<\/span><br \/>\n<span style=\"color: #adadad;\">\u2022 dammsugning av kup\u00e9 och bagage<\/span><br \/>\n<span style=\"color: #adadad;\">\u2022 reng\u00f6ring av sv\u00e5r\u00e5tkomliga ytor med tryckluft<\/span><br \/>\n<span style=\"color: #adadad;\">\u2022 reng\u00f6ring av panel och plastytor<\/span><br \/>\n<span style=\"color: #adadad;\">\u2022 inv\u00e4ndig f\u00f6nsterputs<\/span><\/p>\n<p><span style=\"color: #adadad;\">LeatherCare utf\u00f6rs alltid manuellt av erfarna tekniker f\u00f6r att undvika rispor eller andra defekter. Efter behandlingen f\u00e5r du tillbaka din bil med en v\u00e4l rengjord och mer motst\u00e5ndskraftig interi\u00f6r.<\/span><\/p>\n<p><span style=\"color: #adadad;\"><em>Pris s\u00e4tts per anl\u00e4ggning och varierar beroende p\u00e5 bilens storlek och skick.<\/em><\/span><\/p>\n<\/div>\n<\/div>\n<\/div>\n<\/div>\n<\/div>\n<\/div>\n<\/div>\n<\/div>\n<\/div>\n<\/div>\n<\/div>\n<\/div>\n<p>[\/vc_column_text][\/vc_column][\/vc_row]<\/p>\n<\/section>","protected":false},"excerpt":{"rendered":"<p>[vc_row row_width=&#8221;wrap-boxed&#8221; row_overlay=&#8221;&#8221;][vc_column offset=&#8221;vc_hidden-lg vc_hidden-md vc_hidden-sm&#8221; css=&#8221;.vc_custom_1763976515097{margin-top: 120px !important;}&#8221;][vc_column_text css=&#8221;.vc_custom_1768213681719{margin-bottom: 80px !important;}&#8221;] LeatherCare &amp; InteriorService \u00c5terst\u00e4llande och omsorgsfull reng\u00f6ring av bilens l\u00e4derinteri\u00f6r [\/vc_column_text][\/vc_column][\/vc_row][vc_row row_width=&#8221;wrap-boxed&#8221; row_overlay=&#8221;&#8221;][vc_column offset=&#8221;vc_hidden-xs&#8221; css=&#8221;.vc_custom_1768376508661{margin-top: 144px !important;}&#8221;][vc_column_text css=&#8221;.vc_custom_1766134392402{margin-bottom: 80px !important;}&#8221;] LeatherCare &amp; InteriorService \u00c5terst\u00e4llande och omsorgsfull reng\u00f6ring av bilens l\u00e4derinteri\u00f6r [\/vc_column_text][\/vc_column][\/vc_row][vc_row row_width=&#8221;wrap-boxed&#8221; row_overlay=&#8221;&#8221;][vc_column width=&#8221;1\/2&#8243; offset=&#8221;vc_hidden-xs&#8221;][vc_column_text css=&#8221;.vc_custom_1766135023593{margin-bottom: 0px !important;border-bottom-width: 0px !important;padding-right: 40px !important;padding-bottom: 0px [&hellip;]<\/p>\n","protected":false},"author":1,"featured_media":3802,"parent":3995,"menu_order":0,"comment_status":"closed","ping_status":"closed","template":"page-vc.php","meta":{"_acf_changed":false,"footnotes":"","_links_to":"","_links_to_target":""},"yst_prominent_words":[],"class_list":["post-3306","page","type-page","status-publish","has-post-thumbnail","hentry"],"acf":[],"_links":{"self":[{"href":"https:\/\/mrcap.com\/index.php?rest_route=\/wp\/v2\/pages\/3306","targetHints":{"allow":["GET"]}}],"collection":[{"href":"https:\/\/mrcap.com\/index.php?rest_route=\/wp\/v2\/pages"}],"about":[{"href":"https:\/\/mrcap.com\/index.php?rest_route=\/wp\/v2\/types\/page"}],"author":[{"embeddable":true,"href":"https:\/\/mrcap.com\/index.php?rest_route=\/wp\/v2\/users\/1"}],"replies":[{"embeddable":true,"href":"https:\/\/mrcap.com\/index.php?rest_route=%2Fwp%2Fv2%2Fcomments&post=3306"}],"version-history":[{"count":53,"href":"https:\/\/mrcap.com\/index.php?rest_route=\/wp\/v2\/pages\/3306\/revisions"}],"predecessor-version":[{"id":14188,"href":"https:\/\/mrcap.com\/index.php?rest_route=\/wp\/v2\/pages\/3306\/revisions\/14188"}],"up":[{"embeddable":true,"href":"https:\/\/mrcap.com\/index.php?rest_route=\/wp\/v2\/pages\/3995"}],"wp:featuredmedia":[{"embeddable":true,"href":"https:\/\/mrcap.com\/index.php?rest_route=\/wp\/v2\/media\/3802"}],"wp:attachment":[{"href":"https:\/\/mrcap.com\/index.php?rest_route=%2Fwp%2Fv2%2Fmedia&parent=3306"}],"wp:term":[{"taxonomy":"yst_prominent_words","embeddable":true,"href":"https:\/\/mrcap.com\/index.php?rest_route=%2Fwp%2Fv2%2Fyst_prominent_words&post=3306"}],"curies":[{"name":"wp","href":"https:\/\/api.w.org\/{rel}","templated":true}]}}