{"id":3304,"date":"2017-05-29T22:02:24","date_gmt":"2017-05-29T20:02:24","guid":{"rendered":"http:\/\/89.46.86.101\/?page_id=3304"},"modified":"2026-01-14T09:42:16","modified_gmt":"2026-01-14T07:42:16","slug":"newmatizing","status":"publish","type":"page","link":"https:\/\/mrcap.com\/?page_id=3304","title":{"rendered":"NewMatizing"},"content":{"rendered":"<section class=\"wpb-content-wrapper\"><p>[vc_row row_width=&#8221;wrap-boxed&#8221; row_overlay=&#8221;&#8221;][vc_column offset=&#8221;vc_hidden-lg vc_hidden-md vc_hidden-sm&#8221; css=&#8221;.vc_custom_1763976515097{margin-top: 120px !important;}&#8221;][vc_column_text css=&#8221;.vc_custom_1768213639880{margin-bottom: 80px !important;}&#8221;]<\/p>\n<h6 style=\"text-align: left;\"><span style=\"color: #fffbbf;\">NewMatizing<\/span><\/h6>\n<h1 style=\"text-align: left;\"><span style=\"color: #f6f6f6;\">Interi\u00f6rtv\u00e4tt med fokus <\/span><span style=\"color: #f6f6f6;\">p\u00e5 detaljerna<\/span><\/h1>\n<p>[\/vc_column_text][\/vc_column][\/vc_row][vc_row row_width=&#8221;wrap-boxed&#8221; row_overlay=&#8221;&#8221;][vc_column offset=&#8221;vc_hidden-xs&#8221; css=&#8221;.vc_custom_1768376534773{margin-top: 144px !important;}&#8221;][vc_column_text css=&#8221;.vc_custom_1766134496527{margin-bottom: 80px !important;}&#8221;]<\/p>\n<h6 style=\"text-align: center;\"><span style=\"color: #fffbbf;\">NewMatizing<\/span><\/h6>\n<h1 style=\"text-align: center;\"><span style=\"color: #f6f6f6;\">Interi\u00f6rtv\u00e4tt med fokus<\/span><\/h1>\n<h1 style=\"text-align: center;\"><span style=\"color: #f6f6f6;\">p\u00e5 detaljerna<\/span><\/h1>\n<p>[\/vc_column_text][\/vc_column][\/vc_row][vc_row row_width=&#8221;wrap-boxed&#8221; row_overlay=&#8221;&#8221;][vc_column width=&#8221;1\/2&#8243; offset=&#8221;vc_hidden-xs&#8221;][vc_column_text css=&#8221;.vc_custom_1766135047473{margin-bottom: 0px !important;border-bottom-width: 0px !important;padding-right: 40px !important;padding-bottom: 0px !important;}&#8221;]<span style=\"color: #adadad;\">NewMatizing \u00e4r v\u00e5r mest omfattande och helt\u00e4ckande interi\u00f6ra behandling, speciellt anpassad f\u00f6r bilar med textilkl\u00e4dsel. Behandlingen kombinerar djupkemreng\u00f6ring, impregnering och ett noggrant arbete av v\u00e5ra tekniker f\u00f6r att \u00e5terskapa k\u00e4nslan av en kup\u00e9 i nyskick.<\/span><\/p>\n<p>&nbsp;<\/p>\n<p><span style=\"color: #f6f6f6;\">Behandlingen passar bilar som:<\/span><\/p>\n<p><span style=\"color: #adadad;\">\u2022 har smutsig eller fl\u00e4ckig textilkl\u00e4dsel<\/span><br \/>\n<span style=\"color: #adadad;\">\u2022 anv\u00e4nds ofta i vardagen<\/span><br \/>\n<span style=\"color: #adadad;\">\u2022 \u00e4r i behov av ett tydligt lyft och \u00e5terst\u00e4llning<\/span>[\/vc_column_text][vc_btn title=&#8221;Boka behandling&#8221; style=&#8221;flat&#8221; shape=&#8221;round&#8221; color=&#8221;green&#8221; align=&#8221;left&#8221; link=&#8221;url:http%3A%2F%2Fbooking.mrcap.com%2F&#8221; css=&#8221;.vc_custom_1765957461697{margin-top: 0px !important;margin-bottom: 0px !important;border-top-width: 0px !important;border-bottom-width: 0px !important;padding-top: 24px !important;padding-bottom: 16px !important;}&#8221;][\/vc_column][vc_column width=&#8221;1\/2&#8243; offset=&#8221;vc_hidden-xs&#8221;][vc_single_image image=&#8221;13720&#8243; img_size=&#8221;full&#8221; alignment=&#8221;center&#8221; onclick=&#8221;custom_link&#8221; link=&#8221;https:\/\/mrcap.com\/tjanster\/bilglas\/windowtinting\/&#8221;][\/vc_column][\/vc_row][vc_row row_width=&#8221;wrap-boxed&#8221; row_overlay=&#8221;&#8221;][vc_column offset=&#8221;vc_hidden-lg vc_hidden-md vc_hidden-sm&#8221;][vc_single_image image=&#8221;13720&#8243; img_size=&#8221;full&#8221; alignment=&#8221;center&#8221; onclick=&#8221;custom_link&#8221; link=&#8221;https:\/\/mrcap.com\/tjanster\/bilglas\/windowtinting\/&#8221;][\/vc_column][\/vc_row][vc_row row_width=&#8221;wrap-boxed&#8221; row_overlay=&#8221;&#8221;][vc_column offset=&#8221;vc_hidden-lg vc_hidden-md vc_hidden-sm&#8221;][vc_column_text css=&#8221;.vc_custom_1766134638325{padding-right: 40px !important;}&#8221;]<\/p>\n<h5><span style=\"color: #f6f6f6;\">Interi\u00f6rtv\u00e4tt med fokus p\u00e5 detaljerna<\/span><\/h5>\n<p><span style=\"color: #adadad;\">NewMatizing \u00e4r v\u00e5r mest omfattande och helt\u00e4ckande interi\u00f6ra behandling, speciellt anpassad f\u00f6r bilar med textilkl\u00e4dsel. Behandlingen kombinerar djupkemreng\u00f6ring, impregnering och en gedigen handp\u00e5l\u00e4ggning av v\u00e5ra tekniker f\u00f6r att \u00e5terskapa k\u00e4nslan av en kup\u00e9 i nyskick.<\/span><\/p>\n<p><span style=\"color: #f6f6f6;\">Behandlingen passar bilar som:<\/span><\/p>\n<p><span style=\"color: #adadad;\">\u2022 har smutsig eller fl\u00e4ckig textilkl\u00e4dsel<\/span><br \/>\n<span style=\"color: #adadad;\">\u2022 anv\u00e4nds ofta i vardagen<\/span><br \/>\n<span style=\"color: #adadad;\">\u2022 \u00e4r i behov av ett tydligt lyft och \u00e5terst\u00e4llning<\/span>[\/vc_column_text][vc_btn title=&#8221;Boka behandling&#8221; style=&#8221;flat&#8221; shape=&#8221;round&#8221; color=&#8221;green&#8221; size=&#8221;sm&#8221; align=&#8221;left&#8221; link=&#8221;url:http%3A%2F%2Fbooking.mrcap.com%2F&#8221; css=&#8221;.vc_custom_1766134665768{margin-top: 0px !important;border-top-width: 0px !important;padding-top: 24px !important;padding-bottom: 16px !important;}&#8221;][\/vc_column][\/vc_row][vc_row row_width=&#8221;wrap-boxed&#8221; row_overlay=&#8221;&#8221;][vc_column][vc_separator color=&#8221;black&#8221; css=&#8221;.vc_custom_1763543386214{margin-top: 120px !important;margin-bottom: 32px !important;}&#8221;][\/vc_column][\/vc_row][vc_row row_width=&#8221;wrap-boxed&#8221; row_overlay=&#8221;&#8221; css=&#8221;.vc_custom_1763460492374{margin-bottom: 144px !important;}&#8221;][vc_column width=&#8221;2\/3&#8243;][vc_column_text]<\/p>\n<h3><span style=\"color: #f6f6f6;\">Vad ing\u00e5r i behandlingen?<\/span><\/h3>\n<div id=\"message-list_1763542721.316099\" class=\"c-virtual_list__item\" tabindex=\"0\" role=\"listitem\" aria-setsize=\"-1\" data-qa=\"virtual-list-item\" data-item-key=\"1763542721.316099\">\n<div class=\"c-message_kit__background p-message_pane_message__message c-message_kit__message\" role=\"presentation\" data-qa=\"message_container\" data-qa-unprocessed=\"false\" data-qa-placeholder=\"false\">\n<div class=\"c-message_kit__hover\" role=\"document\" aria-roledescription=\"message\" data-qa-hover=\"true\">\n<div class=\"c-message_kit__actions c-message_kit__actions--default\">\n<div class=\"c-message_kit__gutter\">\n<div class=\"c-message_kit__gutter__right\" role=\"presentation\" data-qa=\"message_content\">\n<div class=\"c-message_kit__blocks c-message_kit__blocks--rich_text\">\n<div class=\"c-message__message_blocks c-message__message_blocks--rich_text\" data-qa=\"message-text\">\n<div class=\"p-block_kit_renderer\" data-qa=\"block-kit-renderer\">\n<div class=\"p-block_kit_renderer__block_wrapper p-block_kit_renderer__block_wrapper--first\">\n<div class=\"p-rich_text_block\" dir=\"auto\">\n<div class=\"p-rich_text_section\">\n<p><span style=\"color: #adadad;\">NewMatizing \u00e4r en noggrann reng\u00f6ring av bilens kup\u00e9 och inkluderar f\u00f6ljande moment:<\/span><\/p>\n<p><span style=\"color: #adadad;\">\u2022 djupkemreng\u00f6ring och impregnering av bilens kl\u00e4dsel<\/span><br \/>\n<span style=\"color: #adadad;\">\u2022 fl\u00e4ckborttagning<\/span><br \/>\n<span style=\"color: #adadad;\">\u2022 v\u00e5rd av l\u00e4derdetaljer<\/span><br \/>\n<span style=\"color: #adadad;\">\u2022 reng\u00f6ring av sv\u00e5r\u00e5tkomliga ytor med tryckluft<\/span><br \/>\n<span style=\"color: #adadad;\">\u2022 reng\u00f6ring av panel och plastytor<\/span><br \/>\n<span style=\"color: #adadad;\">\u2022 dammsugning av kup\u00e9 och bagage<\/span><br \/>\n<span style=\"color: #adadad;\">\u2022 inv\u00e4ndig f\u00f6nsterputs<\/span><\/p>\n<p><span style=\"color: #adadad;\">NewMatizing utf\u00f6rs alltid manuellt av erfarna tekniker f\u00f6r att undvika rispor eller andra defekter. Efter behandlingen f\u00e5r du tillbaka din bil med en v\u00e4l rengjord och mer motst\u00e5ndskraftig interi\u00f6r.<\/span><\/p>\n<p><span style=\"color: #adadad;\"><em>Pris s\u00e4tts per anl\u00e4ggning och varierar beroende p\u00e5 bilens storlek och skick.<\/em><\/span><\/p>\n<\/div>\n<\/div>\n<\/div>\n<\/div>\n<\/div>\n<\/div>\n<\/div>\n<\/div>\n<\/div>\n<\/div>\n<\/div>\n<\/div>\n<p>[\/vc_column_text][\/vc_column][\/vc_row]<\/p>\n<\/section>","protected":false},"excerpt":{"rendered":"<p>[vc_row row_width=&#8221;wrap-boxed&#8221; row_overlay=&#8221;&#8221;][vc_column offset=&#8221;vc_hidden-lg vc_hidden-md vc_hidden-sm&#8221; css=&#8221;.vc_custom_1763976515097{margin-top: 120px !important;}&#8221;][vc_column_text css=&#8221;.vc_custom_1768213639880{margin-bottom: 80px !important;}&#8221;] NewMatizing Interi\u00f6rtv\u00e4tt med fokus p\u00e5 detaljerna [\/vc_column_text][\/vc_column][\/vc_row][vc_row row_width=&#8221;wrap-boxed&#8221; row_overlay=&#8221;&#8221;][vc_column offset=&#8221;vc_hidden-xs&#8221; css=&#8221;.vc_custom_1768376534773{margin-top: 144px !important;}&#8221;][vc_column_text css=&#8221;.vc_custom_1766134496527{margin-bottom: 80px !important;}&#8221;] NewMatizing Interi\u00f6rtv\u00e4tt med fokus p\u00e5 detaljerna [\/vc_column_text][\/vc_column][\/vc_row][vc_row row_width=&#8221;wrap-boxed&#8221; row_overlay=&#8221;&#8221;][vc_column width=&#8221;1\/2&#8243; offset=&#8221;vc_hidden-xs&#8221;][vc_column_text css=&#8221;.vc_custom_1766135047473{margin-bottom: 0px !important;border-bottom-width: 0px !important;padding-right: 40px !important;padding-bottom: 0px !important;}&#8221;]NewMatizing \u00e4r v\u00e5r mest omfattande och helt\u00e4ckande interi\u00f6ra [&hellip;]<\/p>\n","protected":false},"author":1,"featured_media":3559,"parent":6942,"menu_order":0,"comment_status":"closed","ping_status":"closed","template":"page-vc.php","meta":{"_acf_changed":false,"footnotes":"","_links_to":"","_links_to_target":""},"yst_prominent_words":[],"class_list":["post-3304","page","type-page","status-publish","has-post-thumbnail","hentry"],"acf":[],"_links":{"self":[{"href":"https:\/\/mrcap.com\/index.php?rest_route=\/wp\/v2\/pages\/3304","targetHints":{"allow":["GET"]}}],"collection":[{"href":"https:\/\/mrcap.com\/index.php?rest_route=\/wp\/v2\/pages"}],"about":[{"href":"https:\/\/mrcap.com\/index.php?rest_route=\/wp\/v2\/types\/page"}],"author":[{"embeddable":true,"href":"https:\/\/mrcap.com\/index.php?rest_route=\/wp\/v2\/users\/1"}],"replies":[{"embeddable":true,"href":"https:\/\/mrcap.com\/index.php?rest_route=%2Fwp%2Fv2%2Fcomments&post=3304"}],"version-history":[{"count":44,"href":"https:\/\/mrcap.com\/index.php?rest_route=\/wp\/v2\/pages\/3304\/revisions"}],"predecessor-version":[{"id":14189,"href":"https:\/\/mrcap.com\/index.php?rest_route=\/wp\/v2\/pages\/3304\/revisions\/14189"}],"up":[{"embeddable":true,"href":"https:\/\/mrcap.com\/index.php?rest_route=\/wp\/v2\/pages\/6942"}],"wp:featuredmedia":[{"embeddable":true,"href":"https:\/\/mrcap.com\/index.php?rest_route=\/wp\/v2\/media\/3559"}],"wp:attachment":[{"href":"https:\/\/mrcap.com\/index.php?rest_route=%2Fwp%2Fv2%2Fmedia&parent=3304"}],"wp:term":[{"taxonomy":"yst_prominent_words","embeddable":true,"href":"https:\/\/mrcap.com\/index.php?rest_route=%2Fwp%2Fv2%2Fyst_prominent_words&post=3304"}],"curies":[{"name":"wp","href":"https:\/\/api.w.org\/{rel}","templated":true}]}}