{"id":3300,"date":"2017-05-29T22:01:44","date_gmt":"2017-05-29T20:01:44","guid":{"rendered":"http:\/\/89.46.86.101\/?page_id=3300"},"modified":"2026-01-14T09:40:22","modified_gmt":"2026-01-14T07:40:22","slug":"formulau","status":"publish","type":"page","link":"https:\/\/mrcap.com\/?page_id=3300","title":{"rendered":"FormulaU"},"content":{"rendered":"<section class=\"wpb-content-wrapper\"><p>[vc_row row_width=&#8221;wrap-boxed&#8221; row_overlay=&#8221;&#8221;][vc_column offset=&#8221;vc_hidden-lg vc_hidden-md vc_hidden-sm&#8221; css=&#8221;.vc_custom_1763976515097{margin-top: 120px !important;}&#8221;][vc_column_text css=&#8221;.vc_custom_1764258394444{margin-bottom: 80px !important;}&#8221;]<\/p>\n<p style=\"text-align: left;\"><span style=\"color: #fffbbf;\">Lackskydd<\/span><\/p>\n<h3 style=\"text-align: left;\"><span style=\"color: #f6f6f6;\">FormulaU<\/span><\/h3>\n<p>[\/vc_column_text][\/vc_column][\/vc_row][vc_row row_width=&#8221;wrap-boxed&#8221; row_overlay=&#8221;&#8221;][vc_column offset=&#8221;vc_hidden-xs&#8221; css=&#8221;.vc_custom_1768376421354{margin-top: 144px !important;}&#8221;][vc_column_text css=&#8221;.vc_custom_1765965118620{margin-bottom: 80px !important;}&#8221;]<\/p>\n<h6 style=\"text-align: center;\"><span style=\"color: #fffbbf;\">FormulaU<\/span><\/h6>\n<h1 style=\"text-align: center;\"><span style=\"color: #f6f6f6;\">Ett t\u00e5ligt lackskydd av kvalit\u00e9<\/span><\/h1>\n<p>[\/vc_column_text][\/vc_column][\/vc_row][vc_row row_width=&#8221;wrap-boxed&#8221; row_overlay=&#8221;&#8221;][vc_column width=&#8221;1\/2&#8243; offset=&#8221;vc_hidden-xs&#8221;][vc_column_text css=&#8221;.vc_custom_1766134991171{margin-bottom: 0px !important;border-bottom-width: 0px !important;padding-right: 40px !important;padding-bottom: 0px !important;}&#8221;]<span style=\"color: #adadad;\">FormulaU \u00e4r v\u00e5r mest bepr\u00f6vade<\/span><span style=\"color: #adadad;\"> lackskyddsbehandling som effektivt g\u00f6r din bil mer resistent mot <\/span><span style=\"color: #adadad;\">v\u00e4der och smuts, och som dessutom g\u00f6r underh\u00e5llet enklare. Behandlingen kombinerar ett gediget f\u00f6rarbete av v\u00e5ra tekniker f\u00f6r att anpassa efter bilen specifika behov, och inkluderar en djupreng\u00f6ring, polering, och \u00e5terst\u00e4llning av lacken f\u00f6r att bevara kvalit\u00e9n \u00f6ver tid.\u00a0<\/span><\/p>\n<p>&nbsp;<\/p>\n<p><span style=\"color: #f6f6f6;\">Behandlingen passar bilar som:<\/span><\/p>\n<p><span style=\"color: #adadad;\">\u2022 \u00e4r nya och i behov av f\u00f6rebyggande lackskydd<\/span><br \/>\n<span style=\"color: #adadad;\">\u2022 \u00e4r begagnade och i behov av att \u00e5terst\u00e4lla sitt lackskydd och dess glans<\/span>[\/vc_column_text][vc_btn title=&#8221;Boka behandling&#8221; style=&#8221;flat&#8221; shape=&#8221;round&#8221; color=&#8221;green&#8221; size=&#8221;sm&#8221; align=&#8221;left&#8221; link=&#8221;url:http%3A%2F%2Fbooking.mrcap.com%2F&#8221; css=&#8221;.vc_custom_1765957012431{margin-top: 0px !important;margin-bottom: 0px !important;border-top-width: 0px !important;border-bottom-width: 0px !important;padding-top: 24px !important;padding-bottom: 16px !important;}&#8221;][vc_btn title=&#8221;V\u00e5ra anl\u00e4ggningar&#8221; style=&#8221;flat&#8221; shape=&#8221;round&#8221; color=&#8221;black&#8221; size=&#8221;sm&#8221; align=&#8221;left&#8221; link=&#8221;url:https%3A%2F%2Fmrcap.com%2Fmrcap-staging-si%2Fvara-anlaggningar%2F|||&#8221;][\/vc_column][vc_column width=&#8221;1\/2&#8243; offset=&#8221;vc_hidden-xs&#8221;][vc_single_image image=&#8221;12753&#8243; img_size=&#8221;600&#215;450&#8243; alignment=&#8221;center&#8221; onclick=&#8221;custom_link&#8221; link=&#8221;https:\/\/mrcap.com\/tjanster\/bilglas\/windowtinting\/&#8221;][\/vc_column][\/vc_row][vc_row row_width=&#8221;wrap-boxed&#8221; row_overlay=&#8221;&#8221;][vc_column offset=&#8221;vc_hidden-lg vc_hidden-md vc_hidden-sm&#8221;][vc_single_image image=&#8221;12753&#8243; img_size=&#8221;full&#8221; alignment=&#8221;center&#8221; onclick=&#8221;custom_link&#8221; link=&#8221;https:\/\/mrcap.com\/tjanster\/bilglas\/windowtinting\/&#8221;][\/vc_column][\/vc_row][vc_row row_width=&#8221;wrap-boxed&#8221; row_overlay=&#8221;&#8221;][vc_column offset=&#8221;vc_hidden-lg vc_hidden-md vc_hidden-sm&#8221;][vc_column_text css=&#8221;.vc_custom_1768213495533{padding-right: 40px !important;}&#8221;]<\/p>\n<h6 style=\"text-align: left;\"><span style=\"color: #fffbbf;\">FormulaU<\/span><\/h6>\n<h1 style=\"text-align: left;\"><span style=\"color: #f6f6f6;\">Ett t\u00e5ligt lackskydd av kvalit\u00e9<\/span><\/h1>\n<p>[\/vc_column_text][vc_column_text css=&#8221;.vc_custom_1768213465028{padding-right: 40px !important;}&#8221;]<span style=\"color: #adadad;\">FormulaU \u00e4r v\u00e5r mest bepr\u00f6vade<\/span><span style=\"color: #adadad;\"> lackskyddsbehandling som effektivt g\u00f6r din bil mer resistent mot <\/span><span style=\"color: #adadad;\">v\u00e4der och smuts, och som dessutom g\u00f6r underh\u00e5llet enklare. Behandlingen kombinerar ett gediget f\u00f6rarbete av v\u00e5ra tekniker f\u00f6r att anpassa efter bilen specifika behov, och inkluderar en djupreng\u00f6ring, polering, och \u00e5terst\u00e4llning av lacken f\u00f6r att bevara kvalit\u00e9n \u00f6ver tid.\u00a0<\/span><\/p>\n<p>&nbsp;<\/p>\n<p><span style=\"color: #f6f6f6;\">Behandlingen passar bilar som:<\/span><\/p>\n<p><span style=\"color: #adadad;\">\u2022 \u00e4r nya och i behov av f\u00f6rebyggande lackskydd<\/span><br \/>\n<span style=\"color: #adadad;\">\u2022 \u00e4r begagnade och i behov av att \u00e5terst\u00e4lla sitt lackskydd och dess glans<\/span>[\/vc_column_text][vc_btn title=&#8221;Boka behandling&#8221; style=&#8221;flat&#8221; shape=&#8221;round&#8221; color=&#8221;green&#8221; size=&#8221;sm&#8221; align=&#8221;left&#8221; link=&#8221;url:http%3A%2F%2Fbooking.mrcap.com%2F&#8221; css=&#8221;.vc_custom_1765957021205{margin-top: 0px !important;border-top-width: 0px !important;padding-top: 24px !important;padding-bottom: 16px !important;}&#8221;][vc_btn title=&#8221;V\u00e5ra anl\u00e4ggningar&#8221; style=&#8221;flat&#8221; shape=&#8221;round&#8221; color=&#8221;black&#8221; size=&#8221;sm&#8221; align=&#8221;left&#8221; link=&#8221;url:https%3A%2F%2Fmrcap.com%2Fmrcap-staging-si%2Fvara-anlaggningar%2F|||&#8221;][\/vc_column][\/vc_row][vc_row row_width=&#8221;wrap-boxed&#8221; row_overlay=&#8221;&#8221;][vc_column][vc_separator color=&#8221;black&#8221; css=&#8221;.vc_custom_1765957085750{margin-top: 80px !important;margin-bottom: 32px !important;}&#8221;][\/vc_column][\/vc_row][vc_row row_width=&#8221;wrap-boxed&#8221; row_overlay=&#8221;&#8221;][vc_column width=&#8221;2\/3&#8243;][vc_column_text]<\/p>\n<h3><span style=\"color: #f6f6f6;\">Vad ing\u00e5r i behandlingen?<\/span><\/h3>\n<div id=\"message-list_1763542721.316099\" class=\"c-virtual_list__item\" tabindex=\"0\" role=\"listitem\" aria-setsize=\"-1\" data-qa=\"virtual-list-item\" data-item-key=\"1763542721.316099\">\n<div class=\"c-message_kit__background p-message_pane_message__message c-message_kit__message\" role=\"presentation\" data-qa=\"message_container\" data-qa-unprocessed=\"false\" data-qa-placeholder=\"false\">\n<div class=\"c-message_kit__hover\" role=\"document\" aria-roledescription=\"message\" data-qa-hover=\"true\">\n<div class=\"c-message_kit__actions c-message_kit__actions--default\">\n<div class=\"c-message_kit__gutter\">\n<div class=\"c-message_kit__gutter__right\" role=\"presentation\" data-qa=\"message_content\">\n<div class=\"c-message_kit__blocks c-message_kit__blocks--rich_text\">\n<div class=\"c-message__message_blocks c-message__message_blocks--rich_text\" data-qa=\"message-text\">\n<div class=\"p-block_kit_renderer\" data-qa=\"block-kit-renderer\">\n<div class=\"p-block_kit_renderer__block_wrapper p-block_kit_renderer__block_wrapper--first\">\n<div class=\"p-rich_text_block\" dir=\"auto\">\n<div class=\"p-rich_text_section\">\n<p><span style=\"color: #adadad;\">FormulaU \u00e4r en specialanpassad lackskyddsbehandling<br \/>\nf\u00f6r nya och begagnade bilar<\/span><span style=\"color: #adadad;\"> som inkluderar f\u00f6ljande moment:<\/span><\/p>\n<p><span style=\"color: #adadad;\">\u2022 individuell bed\u00f6mning och analys<\/span><br \/>\n<span style=\"color: #adadad;\">\u2022 reng\u00f6ring, polering, och \u00e5terst\u00e4llande av lack<br \/>\n<\/span><span style=\"color: #adadad;\">\u2022 applicering och h\u00e4rdning av lackskydd<\/span><\/p>\n<p>&nbsp;<\/p>\n<\/div>\n<p><span style=\"color: #adadad;\">FormulaU utf\u00f6rs alltid manuellt av erfarna tekniker f\u00f6r att undvika rispor eller andra defekter.<br \/>\nEfter behandlingen f\u00e5r du tillbaka din bil med ett starkt och t\u00e5ligt lackskydd som varar under l\u00e5ng tid.<\/span><\/p>\n<\/div>\n<\/div>\n<\/div>\n<\/div>\n<\/div>\n<\/div>\n<\/div>\n<\/div>\n<\/div>\n<\/div>\n<\/div>\n<p>[\/vc_column_text][\/vc_column][\/vc_row][vc_row row_width=&#8221;wrap-boxed&#8221; row_overlay=&#8221;&#8221; css=&#8221;.vc_custom_1766070530347{margin-top: 100px !important;margin-right: 32px !important;margin-left: 32px !important;border-top-width: 0px !important;padding-top: 100px !important;padding-bottom: 100px !important;background-color: #0f0f0f !important;}&#8221;][vc_column width=&#8221;1\/3&#8243; offset=&#8221;vc_hidden-xs&#8221;][\/vc_column][vc_column width=&#8221;1\/3&#8243; offset=&#8221;vc_hidden-xs&#8221;][vc_column_text]<\/p>\n<h3><span style=\"color: #f6f6f6;\">FormulaU<\/span><\/h3>\n<p>[\/vc_column_text][\/vc_column][vc_column width=&#8221;1\/3&#8243; offset=&#8221;vc_hidden-xs&#8221;][vc_column_text]<\/p>\n<h3><span style=\"color: #f6f6f6;\"><span style=\"color: #adadad;\">FormulaU<\/span> MasterTreatment<\/span><\/h3>\n<p>[\/vc_column_text][\/vc_column][vc_column css=&#8221;.vc_custom_1766070320314{margin-top: 0px !important;margin-bottom: 0px !important;border-top-width: 0px !important;border-bottom-width: 0px !important;padding-top: 0px !important;padding-bottom: 0px !important;}&#8221; offset=&#8221;vc_hidden-xs&#8221;][vc_separator color=&#8221;custom&#8221; css=&#8221;.vc_custom_1765985790501{margin-top: 0px !important;margin-bottom: 16px !important;border-top-width: 0px !important;border-bottom-width: 0px !important;padding-top: 0px !important;padding-bottom: 0px !important;}&#8221; accent_color=&#8221;#606060&#8243;][\/vc_column][vc_column width=&#8221;1\/3&#8243; offset=&#8221;vc_hidden-xs&#8221;][vc_column_text]<span style=\"color: #f6f6f6;\">Ny bil<\/span>[\/vc_column_text][\/vc_column][vc_column width=&#8221;1\/3&#8243; offset=&#8221;vc_hidden-xs&#8221;][vc_column_text]<span style=\"color: #f6f6f6;\"><img loading=\"lazy\" decoding=\"async\" class=\"alignleft wp-image-13652\" src=\"https:\/\/mrcap.com\/wp-content\/uploads\/Arrow-ikon-2.png\" alt=\"\" width=\"20\" height=\"20\" \/>Fr\u00e5n 4 995 kr<\/span>[\/vc_column_text][\/vc_column][vc_column width=&#8221;1\/3&#8243; offset=&#8221;vc_hidden-xs&#8221;][vc_column_text]<span style=\"color: #f6f6f6;\"><img loading=\"lazy\" decoding=\"async\" class=\"alignleft wp-image-13635\" src=\"https:\/\/mrcap.com\/wp-content\/uploads\/Arrow-ikon.png\" alt=\"\" width=\"20\" height=\"20\" \/>Fr\u00e5n 5 995 kr<\/span>[\/vc_column_text][\/vc_column][vc_column offset=&#8221;vc_hidden-xs&#8221;][vc_separator color=&#8221;custom&#8221; css=&#8221;.vc_custom_1765985798283{margin-top: 16px !important;margin-bottom: 16px !important;border-top-width: 0px !important;border-bottom-width: 0px !important;padding-top: 0px !important;padding-bottom: 0px !important;}&#8221; accent_color=&#8221;#606060&#8243;][\/vc_column][vc_column width=&#8221;1\/3&#8243; offset=&#8221;vc_hidden-xs&#8221;][vc_column_text css=&#8221;.vc_custom_1764661305925{margin-top: 0px !important;border-top-width: 0px !important;padding-top: 0px !important;}&#8221;]<span style=\"color: #f6f6f6;\">Begagnad bil<\/span>[\/vc_column_text][\/vc_column][vc_column width=&#8221;1\/3&#8243; offset=&#8221;vc_hidden-xs&#8221;][vc_column_text]<span style=\"color: #f6f6f6;\"><img loading=\"lazy\" decoding=\"async\" class=\"alignleft wp-image-13652\" src=\"https:\/\/mrcap.com\/wp-content\/uploads\/Arrow-ikon-2.png\" alt=\"\" width=\"20\" height=\"20\" \/>Fr\u00e5n 6 495 kr<\/span>[\/vc_column_text][\/vc_column][vc_column width=&#8221;1\/3&#8243; offset=&#8221;vc_hidden-xs&#8221;][vc_column_text]<span style=\"color: #f6f6f6;\"><img loading=\"lazy\" decoding=\"async\" class=\"alignleft wp-image-13635\" src=\"https:\/\/mrcap.com\/wp-content\/uploads\/Arrow-ikon.png\" alt=\"\" width=\"20\" height=\"20\" \/>Fr\u00e5n 7 995 kr<\/span>[\/vc_column_text][\/vc_column][vc_column css=&#8221;.vc_custom_1766070421054{margin-right: 0px !important;margin-left: 0px !important;border-right-width: 0px !important;border-left-width: 0px !important;padding-right: 8px !important;padding-left: 8px !important;background-color: #0f0f0f !important;}&#8221; offset=&#8221;vc_hidden-lg vc_hidden-md vc_hidden-sm&#8221;][vc_single_image image=&#8221;14057&#8243; img_size=&#8221;full&#8221;][\/vc_column][\/vc_row][vc_row][vc_column][vc_empty_space height=&#8221;120px&#8221;][\/vc_column][\/vc_row][vc_row row_width=&#8221;wrap-boxed&#8221; row_overlay=&#8221;&#8221; css=&#8221;.vc_custom_1765957284802{margin-right: 32px !important;margin-left: 32px !important;padding-bottom: 100px !important;}&#8221;][vc_column css=&#8221;.vc_custom_1765894872644{margin-top: 0px !important;margin-bottom: 0px !important;border-top-width: 0px !important;border-bottom-width: 0px !important;padding-top: 0px !important;padding-bottom: 0px !important;}&#8221;][vc_column_text css=&#8221;.vc_custom_1765898470478{margin-bottom: 32px !important;}&#8221;]<\/p>\n<h2><span style=\"color: #f6f6f6;\">Uppgradera till MasterTreatment<\/span><\/h2>\n<p>[\/vc_column_text][vc_row_inner css=&#8221;.vc_custom_1765894891132{margin-top: 0px !important;margin-bottom: 0px !important;border-top-width: 0px !important;border-bottom-width: 0px !important;padding-top: 0px !important;padding-bottom: 0px !important;}&#8221;][vc_column_inner css=&#8221;.vc_custom_1765894913403{margin-top: 0px !important;margin-bottom: 0px !important;border-top-width: 0px !important;border-bottom-width: 0px !important;padding-top: 0px !important;padding-bottom: 0px !important;}&#8221;][vc_separator color=&#8221;black&#8221;][\/vc_column_inner][\/vc_row_inner][vc_row_inner css=&#8221;.vc_custom_1765894898566{margin-top: 0px !important;margin-bottom: 0px !important;border-top-width: 0px !important;border-bottom-width: 0px !important;padding-top: 0px !important;padding-bottom: 0px !important;}&#8221;][vc_column_inner width=&#8221;1\/2&#8243; css=&#8221;.vc_custom_1765894920038{margin-top: 0px !important;margin-bottom: 0px !important;border-top-width: 0px !important;border-bottom-width: 0px !important;padding-top: 0px !important;padding-bottom: 0px !important;}&#8221;][vc_column_text css=&#8221;.vc_custom_1765958871004{margin-top: 0px !important;margin-bottom: 32px !important;border-top-width: 0px !important;padding-top: 0px !important;}&#8221;]<span style=\"color: #adadad;\">F\u00f6rh\u00f6j bilupplevelsen med en uppgradering av FormulaU till MasterTreatment. Ut\u00f6ver ett komplett och starkt lackskydd adderas en djupg\u00e5ende behandling av bilens interi\u00f6r och motorrum. MasterTreatment kompletterar FormulaU med en grundlig reng\u00f6ring av bilens kup\u00e9, impregnering av textilier, \u00e5terfuktning av l\u00e4derytor, samt en noggrann manuell tv\u00e4tt under motorhuven. Allt f\u00f6r ett best\u00e5ende helhetsintryck.<\/span>[\/vc_column_text][\/vc_column_inner][vc_column_inner width=&#8221;1\/2&#8243;][\/vc_column_inner][\/vc_row_inner][vc_row_inner css=&#8221;.vc_custom_1765894932932{margin-top: 0px !important;margin-bottom: 0px !important;border-top-width: 0px !important;border-bottom-width: 0px !important;padding-top: 0px !important;padding-bottom: 0px !important;}&#8221;][vc_column_inner css=&#8221;.vc_custom_1765894928695{margin-top: 0px !important;margin-bottom: 0px !important;border-top-width: 0px !important;border-bottom-width: 0px !important;padding-top: 0px !important;padding-bottom: 0px !important;}&#8221;][vc_separator color=&#8221;black&#8221;][\/vc_column_inner][\/vc_row_inner][vc_row_inner css=&#8221;.vc_custom_1765894963957{margin-top: 0px !important;border-top-width: 0px !important;padding-top: 0px !important;}&#8221;][vc_column_inner width=&#8221;1\/2&#8243; css=&#8221;.vc_custom_1765894968844{margin-top: 0px !important;border-top-width: 0px !important;padding-top: 0px !important;}&#8221;][vc_column_text css=&#8221;.vc_custom_1765965079407{margin-top: 0px !important;border-top-width: 0px !important;padding-top: 0px !important;}&#8221;]<\/p>\n<h2><span style=\"color: #f6f6f6;\">Resealant<\/span><\/h2>\n<h6><span style=\"color: #f6f6f6;\">\u2013 reducerat pris med v\u00e5rt \u00e5terbehandlingsprogram<\/span><\/h6>\n<p>[\/vc_column_text][\/vc_column_inner][vc_column_inner width=&#8221;1\/2&#8243; css=&#8221;.vc_custom_1765894978310{margin-top: 0px !important;border-top-width: 0px !important;padding-top: 0px !important;}&#8221;][vc_empty_space height=&#8221;15px&#8221;][vc_column_text]<span style=\"color: #adadad;\">Genom v\u00e5rt \u00e5terbehandlingsprogram, Resealant, st\u00e4rker vi upp din lackskyddsbehandling med j\u00e4mna intervall. Vid varje \u00f6versyn avl\u00e4gsnas smuts, inbr\u00e4nda partiklar och mindre repor.<\/span><\/p>\n<h6><span style=\"color: #f6f6f6;\">F\u00f6rdelar att g\u00e5 med:<\/span><\/h6>\n<p><span style=\"color: #adadad;\">\u2022 Reducerat pris vid varje lackskyddsbehandling i upp till 6 \u00e5r<\/span><br \/>\n<span style=\"color: #adadad;\">\u2022 G\u00f6r lacken mer motst\u00e5ndskraftig<\/span><br \/>\n<span style=\"color: #adadad;\">\u2022 Bilen blir l\u00e4ttare att tv\u00e4tta<\/span><\/p>\n<p><span style=\"color: #adadad;\">Rekommenderat intervall f\u00f6r \u00e5terbehandling \u00e4r en g\u00e5ng om \u00e5ret.<\/span>[\/vc_column_text][\/vc_column_inner][\/vc_row_inner][\/vc_column][\/vc_row]<\/p>\n<\/section>","protected":false},"excerpt":{"rendered":"<p>[vc_row row_width=&#8221;wrap-boxed&#8221; row_overlay=&#8221;&#8221;][vc_column offset=&#8221;vc_hidden-lg vc_hidden-md vc_hidden-sm&#8221; css=&#8221;.vc_custom_1763976515097{margin-top: 120px !important;}&#8221;][vc_column_text css=&#8221;.vc_custom_1764258394444{margin-bottom: 80px !important;}&#8221;] Lackskydd FormulaU [\/vc_column_text][\/vc_column][\/vc_row][vc_row row_width=&#8221;wrap-boxed&#8221; row_overlay=&#8221;&#8221;][vc_column offset=&#8221;vc_hidden-xs&#8221; css=&#8221;.vc_custom_1768376421354{margin-top: 144px !important;}&#8221;][vc_column_text css=&#8221;.vc_custom_1765965118620{margin-bottom: 80px !important;}&#8221;] FormulaU Ett t\u00e5ligt lackskydd av kvalit\u00e9 [\/vc_column_text][\/vc_column][\/vc_row][vc_row row_width=&#8221;wrap-boxed&#8221; row_overlay=&#8221;&#8221;][vc_column width=&#8221;1\/2&#8243; offset=&#8221;vc_hidden-xs&#8221;][vc_column_text css=&#8221;.vc_custom_1766134991171{margin-bottom: 0px !important;border-bottom-width: 0px !important;padding-right: 40px !important;padding-bottom: 0px !important;}&#8221;]FormulaU \u00e4r v\u00e5r mest bepr\u00f6vade lackskyddsbehandling som effektivt g\u00f6r din bil mer [&hellip;]<\/p>\n","protected":false},"author":1,"featured_media":3611,"parent":3995,"menu_order":0,"comment_status":"closed","ping_status":"closed","template":"page-vc.php","meta":{"_acf_changed":false,"footnotes":"","_links_to":"","_links_to_target":""},"yst_prominent_words":[],"class_list":["post-3300","page","type-page","status-publish","has-post-thumbnail","hentry"],"acf":[],"_links":{"self":[{"href":"https:\/\/mrcap.com\/index.php?rest_route=\/wp\/v2\/pages\/3300","targetHints":{"allow":["GET"]}}],"collection":[{"href":"https:\/\/mrcap.com\/index.php?rest_route=\/wp\/v2\/pages"}],"about":[{"href":"https:\/\/mrcap.com\/index.php?rest_route=\/wp\/v2\/types\/page"}],"author":[{"embeddable":true,"href":"https:\/\/mrcap.com\/index.php?rest_route=\/wp\/v2\/users\/1"}],"replies":[{"embeddable":true,"href":"https:\/\/mrcap.com\/index.php?rest_route=%2Fwp%2Fv2%2Fcomments&post=3300"}],"version-history":[{"count":95,"href":"https:\/\/mrcap.com\/index.php?rest_route=\/wp\/v2\/pages\/3300\/revisions"}],"predecessor-version":[{"id":14186,"href":"https:\/\/mrcap.com\/index.php?rest_route=\/wp\/v2\/pages\/3300\/revisions\/14186"}],"up":[{"embeddable":true,"href":"https:\/\/mrcap.com\/index.php?rest_route=\/wp\/v2\/pages\/3995"}],"wp:featuredmedia":[{"embeddable":true,"href":"https:\/\/mrcap.com\/index.php?rest_route=\/wp\/v2\/media\/3611"}],"wp:attachment":[{"href":"https:\/\/mrcap.com\/index.php?rest_route=%2Fwp%2Fv2%2Fmedia&parent=3300"}],"wp:term":[{"taxonomy":"yst_prominent_words","embeddable":true,"href":"https:\/\/mrcap.com\/index.php?rest_route=%2Fwp%2Fv2%2Fyst_prominent_words&post=3300"}],"curies":[{"name":"wp","href":"https:\/\/api.w.org\/{rel}","templated":true}]}}