{"id":3263,"date":"2017-05-28T21:56:40","date_gmt":"2017-05-28T19:56:40","guid":{"rendered":"http:\/\/89.46.86.101\/?page_id=3263"},"modified":"2026-01-14T09:37:25","modified_gmt":"2026-01-14T07:37:25","slug":"om-oss","status":"publish","type":"page","link":"https:\/\/mrcap.com\/?page_id=3263","title":{"rendered":"OM OSS"},"content":{"rendered":"<section class=\"wpb-content-wrapper\"><p>[vc_row row_overlay=&#8221;&#8221;][vc_column css=&#8221;.vc_custom_1768213925108{padding-top: 300px !important;padding-bottom: 300px !important;background-image: url(https:\/\/mrcap.com\/wp-content\/uploads\/MrCAP-Omslag.jpg?id=12967) !important;background-position: center !important;background-repeat: no-repeat !important;background-size: cover !important;}&#8221; offset=&#8221;vc_hidden-xs&#8221;][\/vc_column][\/vc_row][vc_row row_overlay=&#8221;&#8221;][vc_column css=&#8221;.vc_custom_1768213973157{margin-top: 100px !important;background-position: center !important;background-repeat: no-repeat !important;background-size: cover !important;}&#8221; offset=&#8221;vc_hidden-lg vc_hidden-md vc_hidden-sm&#8221;][vc_single_image image=&#8221;12967&#8243; img_size=&#8221;full&#8221;][\/vc_column][\/vc_row][vc_row row_width=&#8221;wrap-boxed&#8221; row_overlay=&#8221;&#8221; css=&#8221;.vc_custom_1764688272874{margin-top: 80px !important;}&#8221;][vc_column css=&#8221;.vc_custom_1764688237978{background-position: center !important;background-repeat: no-repeat !important;background-size: cover !important;}&#8221;][vc_column_text css=&#8221;.vc_custom_1765203149230{margin-top: 0px !important;border-top-width: 0px !important;padding-top: 0px !important;}&#8221;]<\/p>\n<h1 style=\"text-align: left;\"><span style=\"color: #f6f6f6;\">Om MrCAP<\/span><\/h1>\n<p>[\/vc_column_text][\/vc_column][\/vc_row][vc_row row_width=&#8221;wrap-boxed&#8221; row_overlay=&#8221;&#8221; css=&#8221;.vc_custom_1764688285865{margin-top: 32px !important;}&#8221;][vc_column width=&#8221;1\/2&#8243; css=&#8221;.vc_custom_1764663507407{margin-top: 0px !important;border-top-width: 0px !important;padding-top: 0px !important;}&#8221;][vc_column_text]<\/p>\n<p class=\"p1\"><span style=\"color: #f6f6f6;\">MrCAP \u00e4r ett svenskt franchisef\u00f6retag som sedan starten 1990 har utvecklat ett tydligt koncept inom bilf\u00f6r\u00e4dling. V\u00e5r ambition \u00e4r att med m\u00e4nskligt hantverk och erfarenhet hj\u00e4lpa v\u00e5ra kunder att f\u00f6rh\u00f6ja sin bilupplevelse, b\u00e5de exteri\u00f6rt och interi\u00f6rt, oavsett bilm\u00e4rke.<\/span><\/p>\n<p>[\/vc_column_text][\/vc_column][vc_column width=&#8221;1\/2&#8243;][vc_column_text]<span style=\"color: #f6f6f6;\">F\u00f6r oss handlar en behandling inte bara om att leverera en bil i gott skick, utan om att bygga l\u00e5ngsiktigt f\u00f6rtroende genom engagemang, personlig anpassning och ett genomt\u00e4nkt bem\u00f6tande.<\/span><\/p>\n<p><span style=\"color: #f6f6f6;\">Kvalitet har alltid varit en central del av v\u00e5rt arbete. Det har bland annat uppm\u00e4rksammats genom utm\u00e4rkelsen \u00c5rets Franchisekedja, samtidigt som v\u00e5ra egentillverkade lackskyddsprodukter i oberoende tester har visat goda resultat inom sin kategori.<\/span><\/p>\n<p><span style=\"color: #f6f6f6;\">MrCAP har genom \u00e5ren \u00e4ven expanderat internationellt, och v\u00e5rt koncept har introducerats i bland annat Tyskland, Portugal, Dubai och Sydkorea.<\/span>[\/vc_column_text][\/vc_column][\/vc_row][vc_row][vc_column][vc_empty_space height=&#8221;144px&#8221;][\/vc_column][\/vc_row]<\/p>\n<\/section>","protected":false},"excerpt":{"rendered":"<p>[vc_row row_overlay=&#8221;&#8221;][vc_column css=&#8221;.vc_custom_1768213925108{padding-top: 300px !important;padding-bottom: 300px !important;background-image: url(https:\/\/mrcap.com\/wp-content\/uploads\/MrCAP-Omslag.jpg?id=12967) !important;background-position: center !important;background-repeat: no-repeat !important;background-size: cover !important;}&#8221; offset=&#8221;vc_hidden-xs&#8221;][\/vc_column][\/vc_row][vc_row row_overlay=&#8221;&#8221;][vc_column css=&#8221;.vc_custom_1768213973157{margin-top: 100px !important;background-position: center !important;background-repeat: no-repeat !important;background-size: cover !important;}&#8221; offset=&#8221;vc_hidden-lg vc_hidden-md vc_hidden-sm&#8221;][vc_single_image image=&#8221;12967&#8243; img_size=&#8221;full&#8221;][\/vc_column][\/vc_row][vc_row row_width=&#8221;wrap-boxed&#8221; row_overlay=&#8221;&#8221; css=&#8221;.vc_custom_1764688272874{margin-top: 80px !important;}&#8221;][vc_column css=&#8221;.vc_custom_1764688237978{background-position: center !important;background-repeat: no-repeat !important;background-size: cover !important;}&#8221;][vc_column_text css=&#8221;.vc_custom_1765203149230{margin-top: 0px !important;border-top-width: 0px !important;padding-top: 0px !important;}&#8221;] Om MrCAP [\/vc_column_text][\/vc_column][\/vc_row][vc_row row_width=&#8221;wrap-boxed&#8221; row_overlay=&#8221;&#8221; [&hellip;]<\/p>\n","protected":false},"author":1,"featured_media":0,"parent":0,"menu_order":0,"comment_status":"closed","ping_status":"closed","template":"page-vc.php","meta":{"_acf_changed":false,"footnotes":"","_links_to":"","_links_to_target":""},"yst_prominent_words":[],"class_list":["post-3263","page","type-page","status-publish","hentry"],"acf":[],"_links":{"self":[{"href":"https:\/\/mrcap.com\/index.php?rest_route=\/wp\/v2\/pages\/3263","targetHints":{"allow":["GET"]}}],"collection":[{"href":"https:\/\/mrcap.com\/index.php?rest_route=\/wp\/v2\/pages"}],"about":[{"href":"https:\/\/mrcap.com\/index.php?rest_route=\/wp\/v2\/types\/page"}],"author":[{"embeddable":true,"href":"https:\/\/mrcap.com\/index.php?rest_route=\/wp\/v2\/users\/1"}],"replies":[{"embeddable":true,"href":"https:\/\/mrcap.com\/index.php?rest_route=%2Fwp%2Fv2%2Fcomments&post=3263"}],"version-history":[{"count":93,"href":"https:\/\/mrcap.com\/index.php?rest_route=\/wp\/v2\/pages\/3263\/revisions"}],"predecessor-version":[{"id":14182,"href":"https:\/\/mrcap.com\/index.php?rest_route=\/wp\/v2\/pages\/3263\/revisions\/14182"}],"wp:attachment":[{"href":"https:\/\/mrcap.com\/index.php?rest_route=%2Fwp%2Fv2%2Fmedia&parent=3263"}],"wp:term":[{"taxonomy":"yst_prominent_words","embeddable":true,"href":"https:\/\/mrcap.com\/index.php?rest_route=%2Fwp%2Fv2%2Fyst_prominent_words&post=3263"}],"curies":[{"name":"wp","href":"https:\/\/api.w.org\/{rel}","templated":true}]}}