{"id":3114,"date":"2017-05-28T17:31:02","date_gmt":"2017-05-28T15:31:02","guid":{"rendered":"http:\/\/89.46.86.101\/?page_id=3114"},"modified":"2026-01-15T11:47:15","modified_gmt":"2026-01-15T09:47:15","slug":"start","status":"publish","type":"page","link":"https:\/\/mrcap.com","title":{"rendered":"START"},"content":{"rendered":"<section class=\"wpb-content-wrapper\"><p>[vc_row][vc_column][\/vc_column][\/vc_row][vc_row row_overlay=&#8221;&#8221; equal_height=&#8221;yes&#8221; content_placement=&#8221;middle&#8221; css=&#8221;.vc_custom_1761833172465{background-position: center !important;background-repeat: no-repeat !important;background-size: cover !important;}&#8221;][vc_column css=&#8221;.vc_custom_1766047989027{padding-top: 330px !important;padding-right: 30px !important;padding-bottom: 330px !important;padding-left: 116px !important;background-image: url(https:\/\/mrcap.com\/wp-content\/uploads\/Hero-1-scaled.jpg?id=13532) !important;background-position: center !important;background-repeat: no-repeat !important;background-size: cover !important;}&#8221; el_class=&#8221;extra-flex&#8221; offset=&#8221;vc_hidden-xs&#8221;][vc_row_inner][vc_column_inner][vc_column_text css=&#8221;.vc_custom_1768213008937{padding-bottom: 0px !important;}&#8221;]<\/p>\n<h1><span style=\"color: #f6f6f6;\">Bilf\u00f6r\u00e4dling med<br \/>\nprecision i varje steg<\/span><\/h1>\n<p>[\/vc_column_text][vc_btn title=&#8221;Boka h\u00e4r&#8221; style=&#8221;outline&#8221; shape=&#8221;round&#8221; size=&#8221;lg&#8221; align=&#8221;left&#8221; link=&#8221;url:https%3A%2F%2Fbooking.mrcap.com&#8221;][\/vc_column_inner][\/vc_row_inner][\/vc_column][\/vc_row][vc_row row_width=&#8221;wrap-boxed&#8221; row_overlay=&#8221;&#8221; equal_height=&#8221;yes&#8221; content_placement=&#8221;middle&#8221; css=&#8221;.vc_custom_1768470204586{background-position: center !important;background-repeat: no-repeat !important;background-size: cover !important;}&#8221;][vc_column css=&#8221;.vc_custom_1768212932556{margin-bottom: 24px !important;border-bottom-width: 0px !important;background-position: center !important;background-repeat: no-repeat !important;background-size: contain !important;}&#8221; el_class=&#8221;extra-flex&#8221; offset=&#8221;vc_hidden-lg vc_hidden-md vc_hidden-sm&#8221;][vc_single_image image=&#8221;13532&#8243; img_size=&#8221;full&#8221;][\/vc_column][\/vc_row][vc_row row_width=&#8221;wrap-boxed&#8221; row_overlay=&#8221;&#8221; equal_height=&#8221;yes&#8221; content_placement=&#8221;middle&#8221; css=&#8221;.vc_custom_1768470217412{background-position: center !important;background-repeat: no-repeat !important;background-size: cover !important;}&#8221;][vc_column css=&#8221;.vc_custom_1765362373952{background-position: center !important;background-repeat: no-repeat !important;background-size: cover !important;}&#8221; el_class=&#8221;extra-flex&#8221; offset=&#8221;vc_hidden-lg vc_hidden-md vc_hidden-sm&#8221;][vc_column_text css=&#8221;.vc_custom_1768212952597{padding-top: 16px !important;padding-bottom: 16px !important;}&#8221;]<\/p>\n<h1 style=\"text-align: left;\"><span style=\"color: #f6f6f6;\">Bilf\u00f6r\u00e4dling med<\/span><br \/>\n<span style=\"color: #f6f6f6;\">precision i varje steg<\/span><\/h1>\n<p>[\/vc_column_text][vc_btn title=&#8221;Boka h\u00e4r&#8221; style=&#8221;outline&#8221; shape=&#8221;round&#8221; color=&#8221;white&#8221; size=&#8221;xs&#8221; align=&#8221;left&#8221; link=&#8221;url:https%3A%2F%2Fbooking.mrcap.com&#8221;][\/vc_column][\/vc_row][vc_row row_width=&#8221;wrap-boxed&#8221; row_overlay=&#8221;&#8221; css=&#8221;.vc_custom_1761833187761{margin-top: 100px !important;background-position: center !important;background-repeat: no-repeat !important;background-size: cover !important;}&#8221; el_id=&#8221;flex&#8221;][vc_column css=&#8221;.vc_custom_1761831121957{margin-top: 12px !important;background-position: center !important;background-repeat: no-repeat !important;background-size: cover !important;}&#8221; offset=&#8221;vc_hidden-xs&#8221;][vc_row_inner equal_height=&#8221;yes&#8221; content_placement=&#8221;middle&#8221; css=&#8221;.vc_custom_1765895705570{margin-bottom: 32px !important;background-color: #0f0f0f !important;}&#8221;][vc_column_inner el_class=&#8221;flex&#8221; width=&#8221;1\/2&#8243; css=&#8221;.vc_custom_1763454953517{padding-right: 40px !important;padding-left: 64px !important;}&#8221;][vc_column_text]<\/p>\n<h6 style=\"text-align: left;\"><span style=\"color: #fffbbf;\">Behandlingar<\/span><\/h6>\n<h2 style=\"text-align: left;\"><span style=\"color: #ffffff;\">En bilupplevelse<br \/>\nsom varar l\u00e4nge<\/span><\/h2>\n<p>[\/vc_column_text][vc_btn title=&#8221;L\u00e4s mer&#8221; style=&#8221;flat&#8221; shape=&#8221;round&#8221; color=&#8221;white&#8221; align=&#8221;left&#8221; link=&#8221;url:https%3A%2F%2Fmrcap.com%2Fmrcap-staging-si%2F%3Fpage_id%3D3995|title:FormulaCeramic&#8221;][\/vc_column_inner][vc_column_inner width=&#8221;1\/2&#8243; css=&#8221;.vc_custom_1763453219080{margin-top: 0px !important;margin-right: 0px !important;margin-bottom: 0px !important;margin-left: 0px !important;padding-top: 0px !important;padding-right: 0px !important;padding-bottom: 0px !important;padding-left: 0px !important;background-image: url(https:\/\/mrcap.com\/wp-content\/uploads\/mrcap-foretag_2_1000x1000px.jpg?id=11357) !important;background-position: center !important;background-repeat: no-repeat !important;background-size: cover !important;}&#8221;][vc_empty_space height=&#8221;500px&#8221;][\/vc_column_inner][\/vc_row_inner][\/vc_column][\/vc_row][vc_row row_width=&#8221;wrap-boxed&#8221; row_overlay=&#8221;&#8221; css=&#8221;.vc_custom_1761833661128{background-position: center !important;background-repeat: no-repeat !important;background-size: cover !important;}&#8221;][vc_column css=&#8221;.vc_custom_1761831113466{margin-top: 12px !important;background-position: center !important;background-repeat: no-repeat !important;background-size: cover !important;}&#8221; offset=&#8221;vc_hidden-xs&#8221;][vc_row_inner equal_height=&#8221;yes&#8221; content_placement=&#8221;middle&#8221; css=&#8221;.vc_custom_1765895716338{background-color: #0f0f0f !important;}&#8221;][vc_column_inner width=&#8221;1\/2&#8243; css=&#8221;.vc_custom_1761833640749{margin-top: 0px !important;margin-right: 0px !important;margin-bottom: 0px !important;margin-left: 0px !important;padding-top: 0px !important;padding-right: 0px !important;padding-bottom: 0px !important;padding-left: 0px !important;background-image: url(https:\/\/mrcap.com\/wp-content\/uploads\/DSC02022-2-scaled.jpg?id=12002) !important;background-position: center !important;background-repeat: no-repeat !important;background-size: cover !important;}&#8221;][vc_empty_space height=&#8221;500px&#8221;][\/vc_column_inner][vc_column_inner el_class=&#8221;flex&#8221; width=&#8221;1\/2&#8243; css=&#8221;.vc_custom_1763455244985{padding-right: 40px !important;padding-left: 64px !important;}&#8221;][vc_column_text]<\/p>\n<h6 style=\"text-align: left;\"><span style=\"color: #fffbbf;\">V\u00e5ra anl\u00e4ggningar<\/span><\/h6>\n<h2 style=\"text-align: left;\"><span style=\"color: #ffffff;\">Personlig service med<br \/>\nkvalit\u00e9 som ledord<\/span><\/h2>\n<p>[\/vc_column_text][vc_btn title=&#8221;Bes\u00f6k oss&#8221; style=&#8221;flat&#8221; shape=&#8221;round&#8221; color=&#8221;white&#8221; align=&#8221;left&#8221; link=&#8221;url:https%3A%2F%2Fmrcap.com%2Fmrcap-staging-si%2F%3Fpage_id%3D6293|title:FormulaCeramic&#8221;][\/vc_column_inner][\/vc_row_inner][\/vc_column][\/vc_row][vc_row row_width=&#8221;wrap-boxed&#8221; row_overlay=&#8221;&#8221; css=&#8221;.vc_custom_1768470226293{padding-bottom: 40px !important;background-position: center !important;background-repeat: no-repeat !important;background-size: cover !important;}&#8221;][vc_column css=&#8221;.vc_custom_1761831087023{margin-top: 12px !important;background-position: center !important;background-repeat: no-repeat !important;background-size: cover !important;}&#8221; offset=&#8221;vc_hidden-lg vc_hidden-md vc_hidden-sm&#8221;][vc_row_inner equal_height=&#8221;yes&#8221; content_placement=&#8221;middle&#8221; css=&#8221;.vc_custom_1763453549621{margin-bottom: 24px !important;background: #0c0c0c url(https:\/\/mrcap.com\/wp-content\/uploads\/mrcap-foretag_2_1000x1000px.jpg?id=11357) !important;background-position: center !important;background-repeat: no-repeat !important;background-size: cover !important;}&#8221;][vc_column_inner css=&#8221;.vc_custom_1761831019147{margin-top: 0px !important;margin-right: 0px !important;margin-bottom: 0px !important;margin-left: 0px !important;padding-top: 0px !important;padding-right: 0px !important;padding-bottom: 0px !important;padding-left: 0px !important;background-position: center !important;background-repeat: no-repeat !important;background-size: cover !important;}&#8221;][vc_empty_space height=&#8221;220px&#8221;][\/vc_column_inner][\/vc_row_inner][vc_column_text css=&#8221;.vc_custom_1768213054606{padding-bottom: 24px !important;}&#8221;]<\/p>\n<p style=\"text-align: left;\"><span style=\"color: #fffbbf;\">Behandlingar<\/span><\/p>\n<h3 style=\"text-align: left;\"><span style=\"color: #f6f6f6;\">En bilupplevelse som varar l\u00e4nge<\/span><\/h3>\n<p>[\/vc_column_text][vc_btn title=&#8221;L\u00e4s mer&#8221; style=&#8221;flat&#8221; shape=&#8221;round&#8221; color=&#8221;black&#8221; size=&#8221;xs&#8221; align=&#8221;left&#8221; link=&#8221;url:https%3A%2F%2Fmrcap.com%2Fmrcap-staging-si%2Ftjanster%2Fmastertreatment%2F|title:FormulaCeramic&#8221;][\/vc_column][\/vc_row][vc_row row_width=&#8221;wrap-boxed&#8221; row_overlay=&#8221;&#8221; css=&#8221;.vc_custom_1768470233746{padding-bottom: 100px !important;background-position: center !important;background-repeat: no-repeat !important;background-size: cover !important;}&#8221;][vc_column css=&#8221;.vc_custom_1761831087023{margin-top: 12px !important;background-position: center !important;background-repeat: no-repeat !important;background-size: cover !important;}&#8221; offset=&#8221;vc_hidden-lg vc_hidden-md vc_hidden-sm&#8221;][vc_row_inner equal_height=&#8221;yes&#8221; content_placement=&#8221;middle&#8221; css=&#8221;.vc_custom_1768470431916{margin-bottom: 24px !important;background: #0c0c0c url(https:\/\/mrcap.com\/wp-content\/uploads\/DSC02022-2-scaled.jpg?id=12002) !important;background-position: center !important;background-repeat: no-repeat !important;background-size: cover !important;}&#8221;][vc_column_inner css=&#8221;.vc_custom_1761831019147{margin-top: 0px !important;margin-right: 0px !important;margin-bottom: 0px !important;margin-left: 0px !important;padding-top: 0px !important;padding-right: 0px !important;padding-bottom: 0px !important;padding-left: 0px !important;background-position: center !important;background-repeat: no-repeat !important;background-size: cover !important;}&#8221;][vc_empty_space height=&#8221;220px&#8221;][\/vc_column_inner][\/vc_row_inner][vc_column_text css=&#8221;.vc_custom_1768213061415{padding-bottom: 24px !important;}&#8221;]<\/p>\n<p style=\"text-align: left;\"><span style=\"color: #fffbbf;\">V\u00e5ra anl\u00e4ggningar<\/span><\/p>\n<h3 style=\"text-align: left;\"><span style=\"color: #f6f6f6;\">Personlig service med kvalit\u00e9 som ledord<\/span><\/h3>\n<p>[\/vc_column_text][vc_btn title=&#8221;Bes\u00f6k oss&#8221; style=&#8221;flat&#8221; shape=&#8221;round&#8221; color=&#8221;black&#8221; size=&#8221;xs&#8221; align=&#8221;left&#8221; link=&#8221;url:https%3A%2F%2Fmrcap.com%2Fmrcap-staging-si%2Ftjanster%2Fmastertreatment%2F|title:FormulaCeramic&#8221;][\/vc_column][\/vc_row][vc_row row_overlay=&#8221;&#8221; disable_element=&#8221;yes&#8221;][vc_column][vc_column_text]<\/p>\n<h2 class=\"text-center\" style=\"text-align: center;\">V\u00e4lkommen till MrCAP<\/h2>\n<p>[\/vc_column_text][\/vc_column][\/vc_row][vc_row row_width=&#8221;wrap-boxed&#8221; row_overlay=&#8221;&#8221; content_placement=&#8221;middle&#8221; disable_element=&#8221;yes&#8221;][vc_column width=&#8221;1\/4&#8243;][vc_column_text]<strong>Premium tj\u00e4nster inom bilf\u00f6r\u00e4dling<br \/>\n<\/strong><\/p>\n<p>Vi erbjuder allt fr\u00e5n en manuell reng\u00f6ring till helt\u00e4ckande lackytbehandling och djupkemreng\u00f6ring av din bilkl\u00e4dsel.[\/vc_column_text][\/vc_column][vc_column width=&#8221;1\/4&#8243;][vc_column_text]<strong>Optimerat bilv\u00e4rde<br \/>\n<\/strong><\/p>\n<p>En snygg och v\u00e4lsk\u00f6tt bil som minskar s\u00e5 lite som m\u00f6jligt i v\u00e4rde, med minimalt underh\u00e5ll. Det \u00e4r vad vi levererar.[\/vc_column_text][\/vc_column][vc_column width=&#8221;1\/4&#8243;][vc_column_text]<strong>Precision med passion<br \/>\n<\/strong><\/p>\n<p>Alla v\u00e5ra behandlingar utf\u00f6rs av medarbetare med passion f\u00f6r hantverket, bilen och dess \u00e4gare.[\/vc_column_text][\/vc_column][vc_column width=&#8221;1\/4&#8243;][vc_column_text]<strong>Bevisat b\u00e4st i test!<br \/>\n<\/strong><\/p>\n<p>Teknikerna och produkterna som anv\u00e4nds \u00e4r v\u00e5ra egna och har visats \u00f6verl\u00e4gset b\u00e4st i vetenskapligt <a href=\"https:\/\/mrcap.com\/sp-rapport\/\">test<\/a>.[\/vc_column_text][\/vc_column][\/vc_row]<\/p>\n<\/section>","protected":false},"excerpt":{"rendered":"<p>[vc_row][vc_column][\/vc_column][\/vc_row][vc_row row_overlay=&#8221;&#8221; equal_height=&#8221;yes&#8221; content_placement=&#8221;middle&#8221; css=&#8221;.vc_custom_1761833172465{background-position: center !important;background-repeat: no-repeat !important;background-size: cover !important;}&#8221;][vc_column css=&#8221;.vc_custom_1766047989027{padding-top: 330px !important;padding-right: 30px !important;padding-bottom: 330px !important;padding-left: 116px !important;background-image: url(https:\/\/mrcap.com\/wp-content\/uploads\/Hero-1-scaled.jpg?id=13532) !important;background-position: center !important;background-repeat: no-repeat !important;background-size: cover !important;}&#8221; el_class=&#8221;extra-flex&#8221; offset=&#8221;vc_hidden-xs&#8221;][vc_row_inner][vc_column_inner][vc_column_text css=&#8221;.vc_custom_1768213008937{padding-bottom: 0px !important;}&#8221;] Bilf\u00f6r\u00e4dling med precision i varje steg [\/vc_column_text][vc_btn title=&#8221;Boka h\u00e4r&#8221; style=&#8221;outline&#8221; shape=&#8221;round&#8221; size=&#8221;lg&#8221; align=&#8221;left&#8221; link=&#8221;url:https%3A%2F%2Fbooking.mrcap.com&#8221;][\/vc_column_inner][\/vc_row_inner][\/vc_column][\/vc_row][vc_row row_width=&#8221;wrap-boxed&#8221; row_overlay=&#8221;&#8221; equal_height=&#8221;yes&#8221; content_placement=&#8221;middle&#8221; css=&#8221;.vc_custom_1768470204586{background-position: center !important;background-repeat: no-repeat [&hellip;]<\/p>\n","protected":false},"author":1,"featured_media":0,"parent":0,"menu_order":0,"comment_status":"closed","ping_status":"closed","template":"page-vc.php","meta":{"_acf_changed":false,"footnotes":"","_links_to":"","_links_to_target":""},"yst_prominent_words":[],"class_list":["post-3114","page","type-page","status-publish","hentry"],"acf":[],"_links":{"self":[{"href":"https:\/\/mrcap.com\/index.php?rest_route=\/wp\/v2\/pages\/3114","targetHints":{"allow":["GET"]}}],"collection":[{"href":"https:\/\/mrcap.com\/index.php?rest_route=\/wp\/v2\/pages"}],"about":[{"href":"https:\/\/mrcap.com\/index.php?rest_route=\/wp\/v2\/types\/page"}],"author":[{"embeddable":true,"href":"https:\/\/mrcap.com\/index.php?rest_route=\/wp\/v2\/users\/1"}],"replies":[{"embeddable":true,"href":"https:\/\/mrcap.com\/index.php?rest_route=%2Fwp%2Fv2%2Fcomments&post=3114"}],"version-history":[{"count":357,"href":"https:\/\/mrcap.com\/index.php?rest_route=\/wp\/v2\/pages\/3114\/revisions"}],"predecessor-version":[{"id":14199,"href":"https:\/\/mrcap.com\/index.php?rest_route=\/wp\/v2\/pages\/3114\/revisions\/14199"}],"wp:attachment":[{"href":"https:\/\/mrcap.com\/index.php?rest_route=%2Fwp%2Fv2%2Fmedia&parent=3114"}],"wp:term":[{"taxonomy":"yst_prominent_words","embeddable":true,"href":"https:\/\/mrcap.com\/index.php?rest_route=%2Fwp%2Fv2%2Fyst_prominent_words&post=3114"}],"curies":[{"name":"wp","href":"https:\/\/api.w.org\/{rel}","templated":true}]}}