{"id":12309,"date":"2025-11-18T10:19:39","date_gmt":"2025-11-18T08:19:39","guid":{"rendered":"https:\/\/mrcap.com\/?page_id=12309"},"modified":"2026-01-12T12:20:31","modified_gmt":"2026-01-12T10:20:31","slug":"interior","status":"publish","type":"page","link":"https:\/\/mrcap.com\/?page_id=12309","title":{"rendered":"Interi\u00f6r"},"content":{"rendered":"<section class=\"wpb-content-wrapper\"><p>[vc_row row_width=&#8221;wrap-boxed&#8221; row_overlay=&#8221;&#8221;][vc_column offset=&#8221;vc_hidden-xs&#8221; css=&#8221;.vc_custom_1765966996677{margin-top: 144px !important;margin-bottom: 0px !important;border-bottom-width: 0px !important;padding-bottom: 0px !important;}&#8221;][vc_column_text]<\/p>\n<h6 style=\"text-align: center;\"><span style=\"color: #fffbbf;\">Interi\u00f6r<\/span><\/h6>\n<p>[\/vc_column_text][vc_column_text css=&#8221;.vc_custom_1765967005299{margin-top: 0px !important;margin-bottom: 0px !important;border-top-width: 0px !important;border-bottom-width: 0px !important;padding-top: 0px !important;padding-bottom: 0px !important;}&#8221;]<\/p>\n<h1 class=\"p1\" style=\"text-align: center;\"><span style=\"color: #f6f6f6;\">\u00c5terskapa k\u00e4nslan<br \/>\nav ny interi\u00f6r<\/span><\/h1>\n<p>[\/vc_column_text][vc_column_text css=&#8221;.vc_custom_1765967010429{margin-top: 24px !important;}&#8221;]<\/p>\n<h6 class=\"p1\" style=\"text-align: center;\"><span style=\"color: #adadad;\">En interi\u00f6rbehandling \u00e5terst\u00e4ller bilens kup\u00e9, f\u00f6rebygger slitage <\/span><span style=\"color: #adadad;\">och<br \/>\nf\u00f6rhindrar <\/span><span style=\"color: #adadad;\">missf\u00e4rgningar p\u00e5 panel och kl\u00e4dsel. Att ta hand om bilen<br \/>\ninv\u00e4ndigt <\/span><span style=\"color: #adadad;\">b\u00e5de h\u00f6jer bilupplevelsen och f\u00f6rl\u00e4nger interi\u00f6rens livsl\u00e4ngd.<\/span><\/h6>\n<p>[\/vc_column_text][\/vc_column][\/vc_row][vc_row row_overlay=&#8221;&#8221; css=&#8221;.vc_custom_1765967369354{margin-right: 16px !important;margin-left: 16px !important;}&#8221;][vc_column offset=&#8221;vc_hidden-lg vc_hidden-md vc_hidden-sm&#8221; css=&#8221;.vc_custom_1765371869267{margin-top: 120px !important;margin-left: 0px !important;border-left-width: 0px !important;padding-left: 0px !important;}&#8221;][vc_column_text css=&#8221;.vc_custom_1765792296982{margin-bottom: 0px !important;border-bottom-width: 0px !important;padding-bottom: 16px !important;}&#8221;]<\/p>\n<h6 style=\"text-align: left;\"><span style=\"color: #fffbbf;\">Interi\u00f6r<\/span><\/h6>\n<h2 class=\"p1\" style=\"text-align: left;\"><span style=\"color: #f6f6f6;\">\u00c5terskapa k\u00e4nslan av ny interi\u00f6r<\/span><\/h2>\n<p>[\/vc_column_text][vc_column_text]<\/p>\n<p class=\"p1\" style=\"text-align: left;\"><span style=\"color: #adadad;\">En interi\u00f6rbehandling \u00e5terst\u00e4ller bilens kup\u00e9, f\u00f6rebygger slitage och <\/span><span style=\"color: #adadad;\">f\u00f6rhindrar missf\u00e4rgningar p\u00e5 panel och kl\u00e4dsel. Att ta hand om bilen <\/span><span style=\"color: #adadad;\">inv\u00e4ndigt b\u00e5de h\u00f6jer bilupplevelsen och f\u00f6rl\u00e4nger interi\u00f6rens livsl\u00e4ngd.<\/span><\/p>\n<p>[\/vc_column_text][\/vc_column][\/vc_row][vc_row row_width=&#8221;wrap-boxed&#8221; row_overlay=&#8221;&#8221; css=&#8221;.vc_custom_1761840355874{margin-top: 40px !important;margin-bottom: 32px !important;}&#8221;][vc_column width=&#8221;1\/2&#8243; offset=&#8221;vc_hidden-xs&#8221;][vc_empty_space][vc_single_image image=&#8221;12584&#8243; img_size=&#8221;600&#215;450&#8243;][vc_column_text css=&#8221;.vc_custom_1765872475737{margin-bottom: 0px !important;border-bottom-width: 0px !important;padding-bottom: 0px !important;}&#8221;]<\/p>\n<h3><span style=\"color: #f6f6f6;\">LeatherCare &amp; InteriorService<\/span><\/h3>\n<p><span style=\"color: #adadad;\">En inv\u00e4ndig behandling speciellt anpassad f\u00f6r bilar med l\u00e4derinteri\u00f6r. \u00c5terfuktar och bevarar l\u00e4drets naturliga k\u00e4nsla, samtidigt som hela kup\u00e9n reng\u00f6rs grundligt och ger bilen ett inv\u00e4ndigt lyft.<\/span>[\/vc_column_text][vc_btn title=&#8221;L\u00e4s mer&#8221; style=&#8221;flat&#8221; shape=&#8221;round&#8221; color=&#8221;black&#8221; align=&#8221;left&#8221; link=&#8221;url:https%3A%2F%2Fmrcap.com%2Fmrcap-staging-si%2F%3Fpage_id%3D3306|title:LeatherCare%20%26%20InteriorService&#8221; css=&#8221;.vc_custom_1765880959145{margin-top: 0px !important;border-top-width: 0px !important;padding-top: 24px !important;padding-bottom: 16px !important;}&#8221;][\/vc_column][vc_column width=&#8221;1\/2&#8243; offset=&#8221;vc_hidden-xs&#8221;][vc_empty_space][vc_single_image image=&#8221;13720&#8243; img_size=&#8221;600&#215;450&#8243;][vc_column_text css=&#8221;.vc_custom_1765872610684{margin-bottom: 0px !important;border-bottom-width: 0px !important;padding-bottom: 0px !important;}&#8221;]<\/p>\n<h3><span style=\"color: #f6f6f6;\">NewMatizing<\/span><\/h3>\n<p><span style=\"color: #adadad;\">En djupg\u00e5ende behandling speciellt anpassad f\u00f6r bilar med textilkl\u00e4dsel. Inkluderar en noggrann reng\u00f6ring, fl\u00e4ckborttagning och impregnering av bilens interi\u00f6r, och \u00e5terst\u00e4ller s\u00e5 n\u00e4ra som m\u00f6jligt kup\u00e9n till nyskick.<\/span>[\/vc_column_text][vc_btn title=&#8221;L\u00e4s mer&#8221; style=&#8221;flat&#8221; shape=&#8221;round&#8221; color=&#8221;black&#8221; align=&#8221;left&#8221; link=&#8221;url:https%3A%2F%2Fmrcap.com%2Fmrcap-staging-si%2F%3Fpage_id%3D3304|title:NewMatizing&#8221; css=&#8221;.vc_custom_1765880964581{margin-top: 0px !important;border-top-width: 0px !important;padding-top: 24px !important;padding-bottom: 16px !important;}&#8221;][\/vc_column][\/vc_row][vc_row row_overlay=&#8221;&#8221; css=&#8221;.vc_custom_1765967353441{margin-right: 16px !important;margin-left: 16px !important;}&#8221;][vc_column width=&#8221;1\/2&#8243; offset=&#8221;vc_hidden-lg vc_hidden-md vc_hidden-sm&#8221; css=&#8221;.vc_custom_1765371677000{margin-right: 0px !important;margin-left: 0px !important;border-right-width: 0px !important;border-left-width: 0px !important;padding-right: 0px !important;padding-left: 0px !important;}&#8221;][vc_empty_space][vc_single_image image=&#8221;12584&#8243; img_size=&#8221;600&#215;450&#8243;][vc_column_text css=&#8221;.vc_custom_1765792343681{margin-bottom: 0px !important;border-bottom-width: 0px !important;padding-bottom: 0px !important;}&#8221;]<\/p>\n<h5><span style=\"color: #f6f6f6;\">LeatherCare &amp; InteriorService<\/span><\/h5>\n<p><span style=\"color: #adadad;\">En inv\u00e4ndig behandling speciellt anpassad f\u00f6r bilar med l\u00e4derinteri\u00f6r. Reng\u00f6r, \u00e5terfuktar, och bevarar l\u00e4drets naturliga k\u00e4nsla, samtidigt som hela kup\u00e9n st\u00e4das ur grundligt och ger bilen en inv\u00e4ndigt mer trivsam upplevelse.<\/span>[\/vc_column_text][vc_btn title=&#8221;L\u00e4s mer&#8221; style=&#8221;flat&#8221; shape=&#8221;round&#8221; color=&#8221;black&#8221; size=&#8221;sm&#8221; align=&#8221;left&#8221; link=&#8221;url:https%3A%2F%2Fmrcap.com%2Fmrcap-staging-si%2F%3Fpage_id%3D3306|title:LeatherCare%20%26%20InteriorService&#8221; css=&#8221;.vc_custom_1765880948333{margin-top: 0px !important;border-top-width: 0px !important;padding-top: 24px !important;padding-bottom: 16px !important;}&#8221;][\/vc_column][vc_column width=&#8221;1\/2&#8243; offset=&#8221;vc_hidden-lg vc_hidden-md vc_hidden-sm&#8221; css=&#8221;.vc_custom_1765371688195{margin-right: 0px !important;margin-left: 0px !important;border-right-width: 0px !important;border-left-width: 0px !important;padding-right: 0px !important;padding-left: 0px !important;}&#8221;][vc_empty_space][vc_single_image image=&#8221;13720&#8243; img_size=&#8221;600&#215;450&#8243;][vc_column_text css=&#8221;.vc_custom_1765792350550{margin-bottom: 0px !important;border-bottom-width: 0px !important;padding-bottom: 0px !important;}&#8221;]<\/p>\n<h5><span style=\"color: #f6f6f6;\">NewMatizing<\/span><\/h5>\n<p><span style=\"color: #adadad;\">En djupg\u00e5ende behandling speciellt anpassad f\u00f6r bilar med textilkl\u00e4dsel som inkluderar en noggrann reng\u00f6ring, fl\u00e4ckborttagning och impregnering av bilens interi\u00f6r. \u00c5terst\u00e4ller s\u00e5 n\u00e4ra som m\u00f6jligt kup\u00e9n till nyskick, och g\u00f6r interi\u00f6ren slitt\u00e5ligare.<\/span>[\/vc_column_text][vc_btn title=&#8221;L\u00e4s mer&#8221; style=&#8221;flat&#8221; shape=&#8221;round&#8221; color=&#8221;black&#8221; size=&#8221;sm&#8221; align=&#8221;left&#8221; link=&#8221;url:https%3A%2F%2Fmrcap.com%2Fmrcap-staging-si%2F%3Fpage_id%3D3304|title:NewMatizing&#8221; css=&#8221;.vc_custom_1765880953418{margin-top: 0px !important;border-top-width: 0px !important;padding-top: 24px !important;padding-bottom: 16px !important;}&#8221;][\/vc_column][\/vc_row][vc_row row_width=&#8221;wrap-boxed&#8221; row_overlay=&#8221;&#8221;][vc_column width=&#8221;1\/3&#8243; offset=&#8221;vc_hidden-xs&#8221;][vc_btn title=&#8221;Boka behandling&#8221; style=&#8221;flat&#8221; shape=&#8221;round&#8221; color=&#8221;green&#8221; align=&#8221;left&#8221; link=&#8221;url:http%3A%2F%2Fbooking.mrcap.com%2F&#8221;][\/vc_column][\/vc_row][vc_row row_overlay=&#8221;&#8221; css=&#8221;.vc_custom_1765967390685{margin-left: 16px !important;}&#8221;][vc_column width=&#8221;1\/3&#8243; offset=&#8221;vc_hidden-lg vc_hidden-md vc_hidden-sm&#8221; css=&#8221;.vc_custom_1765967419126{margin-left: 0px !important;border-left-width: 0px !important;padding-left: 0px !important;}&#8221;][vc_btn title=&#8221;Boka behandling&#8221; style=&#8221;flat&#8221; shape=&#8221;round&#8221; color=&#8221;green&#8221; size=&#8221;sm&#8221; align=&#8221;left&#8221; link=&#8221;url:http%3A%2F%2Fbooking.mrcap.com%2F&#8221; css=&#8221;.vc_custom_1765967456081{margin-top: 32px !important;}&#8221;][\/vc_column][\/vc_row][vc_row][vc_column][vc_empty_space height=&#8221;144px&#8221;][\/vc_column][\/vc_row]<\/p>\n<\/section>","protected":false},"excerpt":{"rendered":"<p>[vc_row row_width=&#8221;wrap-boxed&#8221; row_overlay=&#8221;&#8221;][vc_column offset=&#8221;vc_hidden-xs&#8221; css=&#8221;.vc_custom_1765966996677{margin-top: 144px !important;margin-bottom: 0px !important;border-bottom-width: 0px !important;padding-bottom: 0px !important;}&#8221;][vc_column_text] Interi\u00f6r [\/vc_column_text][vc_column_text css=&#8221;.vc_custom_1765967005299{margin-top: 0px !important;margin-bottom: 0px !important;border-top-width: 0px !important;border-bottom-width: 0px !important;padding-top: 0px !important;padding-bottom: 0px !important;}&#8221;] \u00c5terskapa k\u00e4nslan av ny interi\u00f6r [\/vc_column_text][vc_column_text css=&#8221;.vc_custom_1765967010429{margin-top: 24px !important;}&#8221;] En interi\u00f6rbehandling \u00e5terst\u00e4ller bilens kup\u00e9, f\u00f6rebygger slitage och f\u00f6rhindrar missf\u00e4rgningar p\u00e5 panel och kl\u00e4dsel. Att ta hand om [&hellip;]<\/p>\n","protected":false},"author":40,"featured_media":0,"parent":0,"menu_order":0,"comment_status":"closed","ping_status":"closed","template":"page-vc.php","meta":{"_acf_changed":false,"footnotes":"","_links_to":"","_links_to_target":""},"yst_prominent_words":[],"class_list":["post-12309","page","type-page","status-publish","hentry"],"acf":[],"_links":{"self":[{"href":"https:\/\/mrcap.com\/index.php?rest_route=\/wp\/v2\/pages\/12309","targetHints":{"allow":["GET"]}}],"collection":[{"href":"https:\/\/mrcap.com\/index.php?rest_route=\/wp\/v2\/pages"}],"about":[{"href":"https:\/\/mrcap.com\/index.php?rest_route=\/wp\/v2\/types\/page"}],"author":[{"embeddable":true,"href":"https:\/\/mrcap.com\/index.php?rest_route=\/wp\/v2\/users\/40"}],"replies":[{"embeddable":true,"href":"https:\/\/mrcap.com\/index.php?rest_route=%2Fwp%2Fv2%2Fcomments&post=12309"}],"version-history":[{"count":63,"href":"https:\/\/mrcap.com\/index.php?rest_route=\/wp\/v2\/pages\/12309\/revisions"}],"predecessor-version":[{"id":14149,"href":"https:\/\/mrcap.com\/index.php?rest_route=\/wp\/v2\/pages\/12309\/revisions\/14149"}],"wp:attachment":[{"href":"https:\/\/mrcap.com\/index.php?rest_route=%2Fwp%2Fv2%2Fmedia&parent=12309"}],"wp:term":[{"taxonomy":"yst_prominent_words","embeddable":true,"href":"https:\/\/mrcap.com\/index.php?rest_route=%2Fwp%2Fv2%2Fyst_prominent_words&post=12309"}],"curies":[{"name":"wp","href":"https:\/\/api.w.org\/{rel}","templated":true}]}}