{"id":11690,"date":"2024-06-21T11:51:19","date_gmt":"2024-06-21T09:51:19","guid":{"rendered":"https:\/\/mrcap.com\/?page_id=11690\/"},"modified":"2025-12-05T14:21:44","modified_gmt":"2025-12-05T12:21:44","slug":"jonkoping","status":"publish","type":"page","link":"https:\/\/mrcap.com\/?page_id=11690","title":{"rendered":"MrCAP J\u00f6nk\u00f6ping"},"content":{"rendered":"<section class=\"wpb-content-wrapper\"><p>[vc_row row_width=&#8221;wrap-boxed&#8221; row_overlay=&#8221;&#8221; css=&#8221;.vc_custom_1764936860931{background-position: center !important;background-repeat: no-repeat !important;background-size: cover !important;}&#8221;][vc_column][vc_column_text css=&#8221;.vc_custom_1764937220739{margin-top: 120px !important;padding-top: 100px !important;}&#8221;]<\/p>\n<h1 style=\"text-align: left;\"><span style=\"color: #ffffff;\">J\u00f6nk\u00f6ping<\/span><\/h1>\n<p>[\/vc_column_text][vc_separator color=&#8221;black&#8221; css=&#8221;.vc_custom_1764936884283{margin-bottom: 80px !important;}&#8221;][\/vc_column][\/vc_row][vc_row row_width=&#8221;wrap-boxed&#8221; row_overlay=&#8221;&#8221;][vc_column width=&#8221;1\/4&#8243; css=&#8221;.vc_custom_1764937301839{padding-bottom: 20px !important;}&#8221;][vc_column_text]<img loading=\"lazy\" decoding=\"async\" class=\"alignnone size-medium wp-image-11617\" src=\"https:\/\/mrcap.com\/wp-content\/uploads\/unnamed-1-300x157.png\" alt=\"\" width=\"300\" height=\"157\" srcset=\"https:\/\/mrcap.com\/wp-content\/uploads\/unnamed-1-300x157.png 300w, https:\/\/mrcap.com\/wp-content\/uploads\/unnamed-1-500x261.png 500w, https:\/\/mrcap.com\/wp-content\/uploads\/unnamed-1.png 640w\" sizes=\"auto, (max-width: 300px) 100vw, 300px\" \/>[\/vc_column_text][vc_column_text]<\/p>\n<h4><span style=\"color: #f6f6f6;\">\u00d6ppettider<\/span><\/h4>\n<p>[\/vc_column_text][vc_separator color=&#8221;black&#8221; css=&#8221;.vc_custom_1764936941284{margin-top: 32px !important;margin-bottom: 32px !important;}&#8221;][vc_column_text]<span style=\"color: #ffffff;\">M\u00e5n &#8211; Fre 07:00 &#8211; 17:00<br \/>\nL\u00f6r &#8211; st\u00e4ngt<br \/>\nS\u00f6n &#8211; st\u00e4ngt<\/span>[\/vc_column_text][\/vc_column][vc_column width=&#8221;3\/4&#8243;][vc_column_text]<\/p>\n<div style=\"color: #ffffff; line-height: 22px; font-size: 16px;\">\n<div style=\"color: #ffffff; line-height: 22px; font-size: 16px;\">\n<p><span style=\"color: #adadad;\">V\u00e4lkommen till MrCAP J\u00f6nk\u00f6ping, d\u00e4r passion f\u00f6r bilv\u00e5rd m\u00f6ter personlig service!<\/span><\/p>\n<p><span style=\"color: #adadad;\">Upplev din bils fulla potential med personlig v\u00e4gledning av oss. V\u00e5r v\u00e4lutbildade personal utf\u00f6r varje behandling med yttersta noggrannhet, f\u00f6r att s\u00e4kerst\u00e4lla ett resultat som \u00f6vertr\u00e4ffar dina f\u00f6rv\u00e4ntningar. Oavsett om din bil beh\u00f6ver en grundlig reng\u00f6ring, polering eller lackskyddsbehandling, kan du lita p\u00e5 att vi behandlar den som om den vore v\u00e5r egen. Hos oss anv\u00e4nds endast premiumprodukter, vilket garanterar ett l\u00e5ngvarigt och h\u00f6gkvalitativt resultat. Vi ser fram emot att hj\u00e4lpa dig hitta en behandling som \u00e4r anpassad efter ditt behov.<\/span><\/p>\n<p><span style=\"color: #adadad;\">Hos MrCAP J\u00f6nk\u00f6ping st\u00e5r du och din bil i centrum.<\/span><\/p>\n<\/div>\n<\/div>\n<p>[\/vc_column_text][vc_column_text]<div class='yrm-content yrm-content-1 yrm-content-hide  ' id='yrm-Kseom' data-id='1' data-show-status='false' data-after-action='' style=\"visibility: hidden;height: 0;\">\n\t\t\t<div id='yrm-inner-content-yrm-Kseom' class='yrm-inner-content-wrapper yrm-cntent-1'><\/p>\n<div style=\"color: #ffffff; line-height: 22px; font-size: 16px;\"><span style=\"color: #adadad; line-height: 22px; font-size: 16px;\">MrCAP etablerades 1990 och har sedan dess legat i framkant g\u00e4llande premiumtj\u00e4nster inom bilv\u00e5rd. Vi \u00e4r specialiserade p\u00e5 att optimera v\u00e4rdet p\u00e5 din bil, b\u00e5de genom exteri\u00f6r och interi\u00f6r behandling. Lackytbehandling ligger i v\u00e5rt DNA, och k\u00e4rt barn har m\u00e5nga namn. Lackf\u00f6rsegling, lackkonservering, lackskydd, rekond och lackbehandling \u00e4r n\u00e5gra av de ben\u00e4mningar som anv\u00e4nds p\u00e5 marknaden idag. Gemensamt f\u00f6r samtliga \u00e4r dock att de i grund och botten har ett och samma syfte, n\u00e4mligen att skydda bilens lack och skapa en l\u00e5ngsiktigt skydd. Allt f\u00f6r att din bil ska beh\u00e5lla sitt v\u00e4rde och g\u00f6ra den l\u00e4ttare att underh\u00e5lla f\u00f6r optimal glans och skydd mot v\u00e4der och vind. Med n\u00e4rmre 2 000 omd\u00f6men fr\u00e5n v\u00e5ra kunder \u00e4r vi stolta \u00f6ver snittbetyget 4,8 av 5. Du kan tryggt lita p\u00e5 att v\u00e5ra utbildade bilv\u00e5rdstekniker med passion och engagemang kommer ge dig b\u00e4sta service, kvalitet och hantverk. Boka din behandling idag och f\u00e5 ett resultat och hantverk att beundra!<\/span><\/div>\n<div><\/div>\n<div style=\"color: #ffffff; line-height: 22px; font-size: 16px;\"><span style=\"color: #adadad; line-height: 22px; font-size: 16px;\">V\u00e5ra premiumbehandlingar inom lackf\u00f6rsegling heter FormulaU och FormulaCeramic och \u00e4r utvecklade specifikt f\u00f6r svenska f\u00f6rh\u00e5llanden. Det g\u00e4ller \u00e4ven tj\u00e4nsten MasterTreatment som \u00e4r en helt\u00e4ckande behandling f\u00f6r b\u00e5de bilens lack och interi\u00f6r. Att investera i ett l\u00e5ngsiktigt skydd f\u00f6r din bil g\u00f6r den inte bara l\u00e4ttare att underh\u00e5lla. Det hj\u00e4lper dig beh\u00e5lla v\u00e4rdet p\u00e5 din bil och dessutom att skapa en h\u00e4rlig k\u00e4nsla att k\u00f6ra en fin v\u00e4lv\u00e5rdad gnistrande ren bil. Boka din behandling idag och f\u00e5 ett resultat och hantverk att beundra!<\/span><\/div>\n<p><\/div>\n\t\t<\/div><div class='yrm-btn-wrapper yrm-btn-wrapper-1 yrm-more-button-wrapper  '\n\t\tdata-custom-more-class-name='' data-custom-less-class-name=''><span title='' data-less-title='' data-more-title='' class='yrm-toggle-expand  yrm-toggle-expand-1 ' data-rel='yrm-Kseom' data-more='L\u00e4s mer' data-less='L\u00e4s mer'><span class='yrm-text-wrapper yrm-text-wrapper-custom-dimensions'><span class=\"yrm-button-text-1 yrm-button-text-span\">L\u00e4s mer<\/span><\/span><\/span><\/div>[\/vc_column_text][vc_row_inner][vc_column_inner width=&#8221;1\/2&#8243; css=&#8221;.vc_custom_1716497003623{padding-top: 10px !important;}&#8221;][vc_column_text]<\/p>\n<h6><span style=\"color: #f6f6f6;\">Hitta din behandling och boka h\u00e4r!<\/span><\/h6>\n<p>[\/vc_column_text][vc_btn title=&#8221;Boka&#8221; shape=&#8221;round&#8221; color=&#8221;orange&#8221; align=&#8221;left&#8221; link=&#8221;url:https%3A%2F%2Fbooking.mrcap.com%2F%3Fanl%3Dj%C3%B6nk%C3%B6ping&#8221; css=&#8221;.vc_custom_1764937145507{margin-top: 16px !important;}&#8221;][\/vc_column_inner][vc_column_inner width=&#8221;1\/2&#8243; css=&#8221;.vc_custom_1716496981810{padding-top: 20px !important;}&#8221;][\/vc_column_inner][\/vc_row_inner][\/vc_column][\/vc_row][vc_row row_width=&#8221;wrap-boxed&#8221; row_overlay=&#8221;&#8221;][vc_column][vc_separator color=&#8221;black&#8221; css=&#8221;.vc_custom_1764937192978{margin-top: 80px !important;}&#8221;][\/vc_column][\/vc_row][vc_row row_width=&#8221;wrap-boxed&#8221; row_overlay=&#8221;&#8221; css=&#8221;.vc_custom_1764937020456{padding-top: 50px !important;}&#8221;][vc_column width=&#8221;1\/4&#8243; css=&#8221;.vc_custom_1722806028726{padding-top: 20px !important;padding-bottom: 20px !important;}&#8221;][vc_column_text]<\/p>\n<h6 style=\"text-align: left;\"><span style=\"color: #ffffff;\">J\u00f6nk\u00f6ping<\/span><\/h6>\n<p style=\"text-align: left;\"><span style=\"color: #ffffff;\">\u00d6ster\u00e4ngsv\u00e4gen 6, 554 63 J\u00f6nk\u00f6ping<\/span><\/p>\n<p style=\"text-align: left;\"><a href=\"tel:+4636161622\"><span style=\"color: #ffffff;\">+46 (0) 36-16 16 22<\/span><\/a><br \/>\n<a href=\"tel:+46735161670\"><span style=\"color: #ffffff;\">+46 (0) 735-16 16 70<\/span><\/a><\/p>\n<p style=\"text-align: left;\">\u00a0<a href=\"mailto:jonkoping@mrcap.com\"><span style=\"color: #ffffff;\">jonkoping@mrcap.com<\/span><\/a><\/p>\n<p>[\/vc_column_text][\/vc_column][vc_column width=&#8221;1\/3&#8243; css=&#8221;.vc_custom_1722806036675{padding-top: 20px !important;padding-bottom: 20px !important;}&#8221;][vc_gmaps link=&#8221;#E-8_JTNDaWZyYW1lJTIwc3JjJTNEJTIyaHR0cHMlM0ElMkYlMkZ3d3cuZ29vZ2xlLmNvbSUyRm1hcHMlMkZlbWJlZCUzRnBiJTNEJTIxMW0xOCUyMTFtMTIlMjExbTMlMjExZDIxMjcuMDk4ODEzMjUyNzc3MyUyMTJkMTQuMjI5Nzg2NDEzMjYxMjglMjEzZDU3Ljc4MjcwMDM3Mzc5Mzc2NiUyMTJtMyUyMTFmMCUyMTJmMCUyMTNmMCUyMTNtMiUyMTFpMTAyNCUyMTJpNzY4JTIxNGYxMy4xJTIxM20zJTIxMW0yJTIxMXMweDQ2NWE2ZDEzZDc4OTg0NTElMjUzQTB4YWUzYzQ3ZDNhZjhmMTllJTIxMnp3NVp6ZEdWeXc2UnVaM04ydzZSblpXNGdOaXdnTlRVMElEWXpJRXJEdG01cnc3WndhVzVuTENCVGQyVmtaVzQlMjE1ZTAlMjEzbTIlMjExc2VuJTIxMnNlZSUyMTR2MTcxOTEzODY3MjEyMyUyMTVtMiUyMTFzZW4lMjEyc2VlJTIyJTIwd2lkdGglM0QlMjI2MDAlMjIlMjBoZWlnaHQlM0QlMjIzNTAlMjIlMjBzdHlsZSUzRCUyMmJvcmRlciUzQTAlM0IlMjIlMjBhbGxvd2Z1bGxzY3JlZW4lM0QlMjIlMjIlMjBsb2FkaW5nJTNEJTIybGF6eSUyMiUyMHJlZmVycmVycG9saWN5JTNEJTIybm8tcmVmZXJyZXItd2hlbi1kb3duZ3JhZGUlMjIlM0UlM0MlMkZpZnJhbWUlM0U=&#8221;][\/vc_column][vc_column width=&#8221;1\/3&#8243; css=&#8221;.vc_custom_1722806043051{padding-top: 20px !important;padding-bottom: 20px !important;}&#8221;][vc_raw_html]JTNDaWZyYW1lJTIwc3JjJTNEJTIyaHR0cHMlM0ElMkYlMkZ3aWRnZXQucmVjby5zZSUyRnYyJTJGdmVudWVzJTJGNDAzODM1NSUyRnZlcnRpY2FsJTJGbWVkaXVtJTNGaW52ZXJ0ZWQlM0R0cnVlJTI2Ym9yZGVyJTNEdHJ1ZSUyNmxhbmclM0RzdiUyMiUyMHRpdGxlJTNEJTIyTXJDQVAlMjBKJUMzJUI2bmslQzMlQjZwaW5nJTIwLSUyME9tZCVDMyVCNm1lbiUyMHAlQzMlQTUlMjBSZWNvJTIyJTIwaGVpZ2h0JTNEJTIyMTUwJTIyJTIwc3R5bGUlM0QlMjJ3aWR0aCUzQTMwMHB4JTNCYm9yZGVyJTNBMCUzQmRpc3BsYXklM0FibG9jayUzQm92ZXJmbG93JTNBaGlkZGVuJTNCJTIyJTIwZGF0YS1yZWFjdHJvb3QlM0UlM0MlMkZpZnJhbWUlM0U=[\/vc_raw_html][\/vc_column][\/vc_row][vc_row row_width=&#8221;wrap-boxed&#8221; row_overlay=&#8221;&#8221; css=&#8221;.vc_custom_1719578361557{background-color: #000000 !important;}&#8221;][vc_column css=&#8221;.vc_custom_1764937026818{padding-top: 20px !important;padding-bottom: 20px !important;}&#8221; offset=&#8221;vc_hidden-lg vc_hidden-md vc_hidden-sm vc_hidden-xs&#8221;][vc_column_text]<\/p>\n<h2 style=\"text-align: center;\"><span style=\"color: #ffffff;\">&#8221; &#8211;<em> Mycket bra! Hade stora f\u00f6rv\u00e4ntningar. Fick ett riktigt bra jobb stor behandling bilen blev som ny. Kunnig personal<\/em>.&#8221; <\/span><\/h2>\n<p style=\"text-align: center;\"><span style=\"color: #ffffff;\">Roger K fr\u00e5n Reco\u00a0<\/span><\/p>\n<p>[\/vc_column_text][\/vc_column][\/vc_row]<\/p>\n<\/section>","protected":false},"excerpt":{"rendered":"<p>[vc_row row_width=&#8221;wrap-boxed&#8221; row_overlay=&#8221;&#8221; css=&#8221;.vc_custom_1764936860931{background-position: center !important;background-repeat: no-repeat !important;background-size: cover !important;}&#8221;][vc_column][vc_column_text css=&#8221;.vc_custom_1764937220739{margin-top: 120px !important;padding-top: 100px !important;}&#8221;] J\u00f6nk\u00f6ping [\/vc_column_text][vc_separator color=&#8221;black&#8221; css=&#8221;.vc_custom_1764936884283{margin-bottom: 80px !important;}&#8221;][\/vc_column][\/vc_row][vc_row row_width=&#8221;wrap-boxed&#8221; row_overlay=&#8221;&#8221;][vc_column width=&#8221;1\/4&#8243; css=&#8221;.vc_custom_1764937301839{padding-bottom: 20px !important;}&#8221;][vc_column_text][\/vc_column_text][vc_column_text] \u00d6ppettider [\/vc_column_text][vc_separator color=&#8221;black&#8221; css=&#8221;.vc_custom_1764936941284{margin-top: 32px !important;margin-bottom: 32px !important;}&#8221;][vc_column_text]M\u00e5n &#8211; Fre 07:00 &#8211; 17:00 L\u00f6r &#8211; st\u00e4ngt S\u00f6n &#8211; st\u00e4ngt[\/vc_column_text][\/vc_column][vc_column width=&#8221;3\/4&#8243;][vc_column_text] V\u00e4lkommen till MrCAP J\u00f6nk\u00f6ping, d\u00e4r passion f\u00f6r bilv\u00e5rd [&hellip;]<\/p>\n","protected":false},"author":21,"featured_media":0,"parent":0,"menu_order":0,"comment_status":"closed","ping_status":"closed","template":"page-vc.php","meta":{"_acf_changed":false,"footnotes":"","_links_to":"","_links_to_target":""},"yst_prominent_words":[],"class_list":["post-11690","page","type-page","status-publish","hentry"],"acf":[],"_links":{"self":[{"href":"https:\/\/mrcap.com\/index.php?rest_route=\/wp\/v2\/pages\/11690","targetHints":{"allow":["GET"]}}],"collection":[{"href":"https:\/\/mrcap.com\/index.php?rest_route=\/wp\/v2\/pages"}],"about":[{"href":"https:\/\/mrcap.com\/index.php?rest_route=\/wp\/v2\/types\/page"}],"author":[{"embeddable":true,"href":"https:\/\/mrcap.com\/index.php?rest_route=\/wp\/v2\/users\/21"}],"replies":[{"embeddable":true,"href":"https:\/\/mrcap.com\/index.php?rest_route=%2Fwp%2Fv2%2Fcomments&post=11690"}],"version-history":[{"count":43,"href":"https:\/\/mrcap.com\/index.php?rest_route=\/wp\/v2\/pages\/11690\/revisions"}],"predecessor-version":[{"id":13294,"href":"https:\/\/mrcap.com\/index.php?rest_route=\/wp\/v2\/pages\/11690\/revisions\/13294"}],"wp:attachment":[{"href":"https:\/\/mrcap.com\/index.php?rest_route=%2Fwp%2Fv2%2Fmedia&parent=11690"}],"wp:term":[{"taxonomy":"yst_prominent_words","embeddable":true,"href":"https:\/\/mrcap.com\/index.php?rest_route=%2Fwp%2Fv2%2Fyst_prominent_words&post=11690"}],"curies":[{"name":"wp","href":"https:\/\/api.w.org\/{rel}","templated":true}]}}