{"id":11682,"date":"2024-06-21T11:55:45","date_gmt":"2024-06-21T09:55:45","guid":{"rendered":"https:\/\/mrcap.com\/?page_id=11682\/"},"modified":"2025-12-05T15:09:06","modified_gmt":"2025-12-05T13:09:06","slug":"sundsvall","status":"publish","type":"page","link":"https:\/\/mrcap.com\/?page_id=11682","title":{"rendered":"MrCAP Sundsvall"},"content":{"rendered":"<section class=\"wpb-content-wrapper\"><p>[vc_row row_width=&#8221;wrap-boxed&#8221; row_overlay=&#8221;&#8221; css=&#8221;.vc_custom_1764939635914{background-position: center !important;background-repeat: no-repeat !important;background-size: cover !important;}&#8221;][vc_column][vc_column_text css=&#8221;.vc_custom_1764939654907{margin-top: 120px !important;padding-top: 100px !important;}&#8221;]<\/p>\n<h1 style=\"text-align: left;\"><span style=\"color: #f6f6f6;\">Sundsvall<\/span><\/h1>\n<p>[\/vc_column_text][vc_separator color=&#8221;black&#8221; css=&#8221;.vc_custom_1764939667207{margin-bottom: 80px !important;}&#8221;][\/vc_column][\/vc_row][vc_row row_width=&#8221;wrap-boxed&#8221; row_overlay=&#8221;&#8221;][vc_column width=&#8221;1\/4&#8243; css=&#8221;.vc_custom_1722805366848{padding-top: 20px !important;padding-bottom: 20px !important;}&#8221;][vc_column_text]<\/p>\n<h4><span style=\"color: #ffffff;\">\u00d6ppettider<\/span><\/h4>\n<p>[\/vc_column_text][vc_separator color=&#8221;black&#8221; css=&#8221;.vc_custom_1764939703950{margin-top: 32px !important;margin-bottom: 32px !important;}&#8221;][vc_column_text]<span style=\"color: #ffffff;\">M\u00e5n &#8211; Fre 08:00 &#8211; 17:00<br \/>\nHelgdagar: St\u00e4ngt<\/span>[\/vc_column_text][\/vc_column][vc_column width=&#8221;3\/4&#8243;][vc_column_text]<\/p>\n<div style=\"color: #ffffff; line-height: 22px; font-size: 16px;\"><span style=\"color: #adadad; line-height: 22px; font-size: 16px;\">MrCAP etablerades 1990 och har sedan dess legat i framkant g\u00e4llande premiumtj\u00e4nster inom bilv\u00e5rd. Vi \u00e4r specialiserade p\u00e5 att optimera v\u00e4rdet p\u00e5 din bil, b\u00e5de genom exteri\u00f6r och interi\u00f6r behandling. Lackytbehandling ligger i v\u00e5rt DNA, och k\u00e4rt barn har m\u00e5nga namn. Lackf\u00f6rsegling, lackkonservering, lackskydd, rekond och lackbehandling \u00e4r n\u00e5gra av de ben\u00e4mningar som anv\u00e4nds p\u00e5 marknaden idag. Gemensamt f\u00f6r samtliga \u00e4r dock att de i grund och botten har ett och samma syfte, n\u00e4mligen att skydda bilens lack och skapa en l\u00e5ngsiktigt skydd. Allt f\u00f6r att din bil ska beh\u00e5lla sitt v\u00e4rde och g\u00f6ra den l\u00e4ttare att underh\u00e5lla f\u00f6r optimal glans och skydd mot v\u00e4der och vind. Med n\u00e4rmre 2 000 omd\u00f6men fr\u00e5n v\u00e5ra kunder \u00e4r vi stolta \u00f6ver snittbetyget 4,8 av 5. Du kan tryggt lita p\u00e5 att v\u00e5ra utbildade bilv\u00e5rdstekniker med passion och engagemang kommer ge dig b\u00e4sta service, kvalitet och hantverk. Boka din behandling idag och f\u00e5 ett resultat och hantverk att beundra!<br \/>\n<\/span><\/div>\n<p>[\/vc_column_text][vc_column_text]<div class='yrm-content yrm-content-1 yrm-content-hide  ' id='yrm-JMm1R' data-id='1' data-show-status='false' data-after-action='' style=\"visibility: hidden;height: 0;\">\n\t\t\t<div id='yrm-inner-content-yrm-JMm1R' class='yrm-inner-content-wrapper yrm-cntent-1'><\/p>\n<div style=\"color: #ffffff; line-height: 22px; font-size: 16px;\"><span style=\"color: #adadad; line-height: 22px; font-size: 16px;\">V\u00e5ra premiumbehandlingar inom lackf\u00f6rsegling heter FormulaU och FormulaCeramic och \u00e4r utvecklade specifikt f\u00f6r svenska f\u00f6rh\u00e5llanden. Det g\u00e4ller \u00e4ven tj\u00e4nsten MasterTreatment som \u00e4r en helt\u00e4ckande behandling f\u00f6r b\u00e5de bilens lack och interi\u00f6r. Att investera i ett l\u00e5ngsiktigt skydd f\u00f6r din bil g\u00f6r den inte bara l\u00e4ttare att underh\u00e5lla. Det hj\u00e4lper dig beh\u00e5lla v\u00e4rdet p\u00e5 din bil och dessutom att skapa en h\u00e4rlig k\u00e4nsla att k\u00f6ra en fin v\u00e4lv\u00e5rdad gnistrande ren bil. Boka din behandling idag och f\u00e5 ett resultat och hantverk att beundra!<\/span><\/div>\n<p><\/div>\n\t\t<\/div><div class='yrm-btn-wrapper yrm-btn-wrapper-1 yrm-more-button-wrapper  '\n\t\tdata-custom-more-class-name='' data-custom-less-class-name=''><span title='' data-less-title='' data-more-title='' class='yrm-toggle-expand  yrm-toggle-expand-1 ' data-rel='yrm-JMm1R' data-more='L\u00e4s mer' data-less='L\u00e4s mer'><span class='yrm-text-wrapper yrm-text-wrapper-custom-dimensions'><span class=\"yrm-button-text-1 yrm-button-text-span\">L\u00e4s mer<\/span><\/span><\/span><\/div>[\/vc_column_text][vc_row_inner][vc_column_inner width=&#8221;1\/2&#8243; css=&#8221;.vc_custom_1716497003623{padding-top: 10px !important;}&#8221;][vc_column_text]<\/p>\n<h6><span style=\"color: #ffffff;\">Hitta din behandling och boka h\u00e4r!<\/span><\/h6>\n<p>[\/vc_column_text][vc_btn title=&#8221;Boka&#8221; shape=&#8221;round&#8221; color=&#8221;orange&#8221; align=&#8221;left&#8221; link=&#8221;url:https%3A%2F%2Fbooking.mrcap.com%2F%3Fanl%3Dsundsvall&#8221; css=&#8221;.vc_custom_1764939838078{margin-top: 16px !important;}&#8221;][\/vc_column_inner][vc_column_inner width=&#8221;1\/2&#8243; css=&#8221;.vc_custom_1716496981810{padding-top: 20px !important;}&#8221;][\/vc_column_inner][\/vc_row_inner][\/vc_column][\/vc_row][vc_row row_width=&#8221;wrap-boxed&#8221; row_overlay=&#8221;&#8221;][vc_column][vc_separator color=&#8221;black&#8221; css=&#8221;.vc_custom_1764939788631{margin-top: 80px !important;}&#8221;][\/vc_column][\/vc_row][vc_row row_width=&#8221;wrap-boxed&#8221; row_overlay=&#8221;&#8221; css=&#8221;.vc_custom_1764939761087{padding-top: 50px !important;}&#8221;][vc_column width=&#8221;1\/4&#8243; css=&#8221;.vc_custom_1722806515949{padding-top: 20px !important;padding-bottom: 20px !important;}&#8221;][vc_column_text]<\/p>\n<h6 style=\"text-align: left;\"><span style=\"color: #ffffff;\">Sundsvall<\/span><\/h6>\n<p style=\"text-align: left;\"><span style=\"color: #ffffff;\">Bergsgatan 122, 853 50 Sundsvall<\/span><\/p>\n<p style=\"text-align: left;\"><a href=\"tel:+4660532532\"><span style=\"color: #ffffff;\">+46 (0) 60-532 532<\/span><\/a><\/p>\n<p style=\"text-align: left;\">\u00a0<a href=\"mailto:sundsvall@mrcap.com\"><span style=\"color: #ffffff;\">sundsvall@mrcap.com<\/span><\/a><\/p>\n<p>[\/vc_column_text][\/vc_column][vc_column width=&#8221;1\/3&#8243; css=&#8221;.vc_custom_1722806523682{padding-top: 20px !important;padding-bottom: 20px !important;}&#8221;][vc_gmaps link=&#8221;#E-8_JTNDaWZyYW1lJTIwc3JjJTNEJTIyaHR0cHMlM0ElMkYlMkZ3d3cuZ29vZ2xlLmNvbSUyRm1hcHMlMkZlbWJlZCUzRnBiJTNEJTIxMW0xOCUyMTFtMTIlMjExbTMlMjExZDE4NDguNjg0MDI2NDI4ODE4MiUyMTJkMTcuMjUwNzY3NDEzNDc5NzY3JTIxM2Q2Mi4zOTY0ODMyNzYxNDMyNSUyMTJtMyUyMTFmMCUyMTJmMCUyMTNmMCUyMTNtMiUyMTFpMTAyNCUyMTJpNzY4JTIxNGYxMy4xJTIxM20zJTIxMW0yJTIxMXMweDQ2NjQ1ZGVhODk2MTU1ZWQlMjUzQTB4ZmQwODVjYjhiNzg4YTViMSUyMTJzQmVyZ3NnYXRhbiUyNTIwMTIyJTI1MkMlMjUyMDg1MyUyNTIwNTAlMjUyMFN1bmRzdmFsbCUyNTJDJTI1MjBTd2VkZW4lMjE1ZTAlMjEzbTIlMjExc2VuJTIxMnNlZSUyMTR2MTcxOTEzOTg3MDAwMCUyMTVtMiUyMTFzZW4lMjEyc2VlJTIyJTIwd2lkdGglM0QlMjI2MDAlMjIlMjBoZWlnaHQlM0QlMjIzNTAlMjIlMjBzdHlsZSUzRCUyMmJvcmRlciUzQTAlM0IlMjIlMjBhbGxvd2Z1bGxzY3JlZW4lM0QlMjIlMjIlMjBsb2FkaW5nJTNEJTIybGF6eSUyMiUyMHJlZmVycmVycG9saWN5JTNEJTIybm8tcmVmZXJyZXItd2hlbi1kb3duZ3JhZGUlMjIlM0UlM0MlMkZpZnJhbWUlM0U=&#8221;][\/vc_column][vc_column width=&#8221;1\/3&#8243; css=&#8221;.vc_custom_1722806529917{padding-top: 20px !important;padding-bottom: 20px !important;}&#8221;][vc_raw_html]JTNDaWZyYW1lJTIwc3JjJTNEJTIyaHR0cHMlM0ElMkYlMkZ3aWRnZXQucmVjby5zZSUyRnYyJTJGdmVudWVzJTJGNDk3NTQ5NyUyRnZlcnRpY2FsJTJGbWVkaXVtJTNGaW52ZXJ0ZWQlM0R0cnVlJTI2Ym9yZGVyJTNEdHJ1ZSUyNmxhbmclM0RzdiUyMiUyMHRpdGxlJTNEJTIyTXJDQVAlMjBTdW5kc3ZhbGwlMjAtJTIwT21kJUMzJUI2bWVuJTIwcCVDMyVBNSUyMFJlY28lMjIlMjBoZWlnaHQlM0QlMjIxNTAlMjIlMjBzdHlsZSUzRCUyMndpZHRoJTNBMzAwcHglM0Jib3JkZXIlM0EwJTNCZGlzcGxheSUzQWJsb2NrJTNCb3ZlcmZsb3clM0FoaWRkZW4lM0IlMjIlMjBkYXRhLXJlYWN0cm9vdCUzRSUzQyUyRmlmcmFtZSUzRQ==[\/vc_raw_html][\/vc_column][\/vc_row]<\/p>\n<\/section>","protected":false},"excerpt":{"rendered":"<p>[vc_row row_width=&#8221;wrap-boxed&#8221; row_overlay=&#8221;&#8221; css=&#8221;.vc_custom_1764939635914{background-position: center !important;background-repeat: no-repeat !important;background-size: cover !important;}&#8221;][vc_column][vc_column_text css=&#8221;.vc_custom_1764939654907{margin-top: 120px !important;padding-top: 100px !important;}&#8221;] Sundsvall [\/vc_column_text][vc_separator color=&#8221;black&#8221; css=&#8221;.vc_custom_1764939667207{margin-bottom: 80px !important;}&#8221;][\/vc_column][\/vc_row][vc_row row_width=&#8221;wrap-boxed&#8221; row_overlay=&#8221;&#8221;][vc_column width=&#8221;1\/4&#8243; css=&#8221;.vc_custom_1722805366848{padding-top: 20px !important;padding-bottom: 20px !important;}&#8221;][vc_column_text] \u00d6ppettider [\/vc_column_text][vc_separator color=&#8221;black&#8221; css=&#8221;.vc_custom_1764939703950{margin-top: 32px !important;margin-bottom: 32px !important;}&#8221;][vc_column_text]M\u00e5n &#8211; Fre 08:00 &#8211; 17:00 Helgdagar: St\u00e4ngt[\/vc_column_text][\/vc_column][vc_column width=&#8221;3\/4&#8243;][vc_column_text] MrCAP etablerades 1990 och har sedan dess legat i framkant [&hellip;]<\/p>\n","protected":false},"author":29,"featured_media":0,"parent":0,"menu_order":0,"comment_status":"closed","ping_status":"closed","template":"page-vc.php","meta":{"_acf_changed":false,"footnotes":"","_links_to":"","_links_to_target":""},"yst_prominent_words":[],"class_list":["post-11682","page","type-page","status-publish","hentry"],"acf":[],"_links":{"self":[{"href":"https:\/\/mrcap.com\/index.php?rest_route=\/wp\/v2\/pages\/11682","targetHints":{"allow":["GET"]}}],"collection":[{"href":"https:\/\/mrcap.com\/index.php?rest_route=\/wp\/v2\/pages"}],"about":[{"href":"https:\/\/mrcap.com\/index.php?rest_route=\/wp\/v2\/types\/page"}],"author":[{"embeddable":true,"href":"https:\/\/mrcap.com\/index.php?rest_route=\/wp\/v2\/users\/29"}],"replies":[{"embeddable":true,"href":"https:\/\/mrcap.com\/index.php?rest_route=%2Fwp%2Fv2%2Fcomments&post=11682"}],"version-history":[{"count":16,"href":"https:\/\/mrcap.com\/index.php?rest_route=\/wp\/v2\/pages\/11682\/revisions"}],"predecessor-version":[{"id":13312,"href":"https:\/\/mrcap.com\/index.php?rest_route=\/wp\/v2\/pages\/11682\/revisions\/13312"}],"wp:attachment":[{"href":"https:\/\/mrcap.com\/index.php?rest_route=%2Fwp%2Fv2%2Fmedia&parent=11682"}],"wp:term":[{"taxonomy":"yst_prominent_words","embeddable":true,"href":"https:\/\/mrcap.com\/index.php?rest_route=%2Fwp%2Fv2%2Fyst_prominent_words&post=11682"}],"curies":[{"name":"wp","href":"https:\/\/api.w.org\/{rel}","templated":true}]}}