{"id":11005,"date":"2022-11-16T09:23:09","date_gmt":"2022-11-16T07:23:09","guid":{"rendered":"https:\/\/mrcap.com\/?page_id=11005\/"},"modified":"2026-01-21T11:05:12","modified_gmt":"2026-01-21T09:05:12","slug":"formulaceramic","status":"publish","type":"page","link":"https:\/\/mrcap.com\/?page_id=11005","title":{"rendered":"FormulaCeramic"},"content":{"rendered":"<section class=\"wpb-content-wrapper\"><p>[vc_row row_width=&#8221;wrap-boxed&#8221; row_overlay=&#8221;&#8221;][vc_column offset=&#8221;vc_hidden-lg vc_hidden-md vc_hidden-sm&#8221; css=&#8221;.vc_custom_1763976515097{margin-top: 120px !important;}&#8221;][vc_column_text css=&#8221;.vc_custom_1768213569354{margin-bottom: 80px !important;}&#8221;]<\/p>\n<h6 style=\"text-align: left;\"><span style=\"color: #fffbbf;\">FormulaCeramic<\/span><\/h6>\n<h1 style=\"text-align: left;\"><span style=\"color: #f6f6f6;\">Ett slitstarkt lackskydd<\/span><br \/>\n<span style=\"color: #f6f6f6;\">med h\u00f6g prestanda<\/span><\/h1>\n<p>[\/vc_column_text][\/vc_column][\/vc_row][vc_row row_width=&#8221;wrap-boxed&#8221; row_overlay=&#8221;&#8221;][vc_column offset=&#8221;vc_hidden-xs&#8221; css=&#8221;.vc_custom_1768376457607{margin-top: 144px !important;}&#8221;][vc_column_text css=&#8221;.vc_custom_1768986060022{margin-bottom: 80px !important;}&#8221;]<\/p>\n<h6 style=\"text-align: center;\"><span style=\"color: #fffbbf;\">FormulaCeramic<\/span><\/h6>\n<h1 style=\"text-align: center;\"><span style=\"color: #f6f6f6;\">Slitstarkt lackskydd f\u00f6r djup glans<br \/>\noch vattenavvisande yta<\/span><\/h1>\n<p>[\/vc_column_text][\/vc_column][\/vc_row][vc_row row_width=&#8221;wrap-boxed&#8221; row_overlay=&#8221;&#8221;][vc_column width=&#8221;1\/2&#8243; offset=&#8221;vc_hidden-xs&#8221;][vc_column_text css=&#8221;.vc_custom_1764687846145{margin-bottom: 0px !important;border-bottom-width: 0px !important;padding-right: 40px !important;padding-bottom: 0px !important;}&#8221;]<span style=\"color: #adadad;\">FormulaCeramic \u00e4r v\u00e5r mest slitstarka lackskyddsbehandling som g\u00f6r den mycket motst\u00e5ndskraftig mot yttre p\u00e5frestningar. Lacken blir vattenavvisande, vilket g\u00f6r att den kr\u00e4ver mindre underh\u00e5ll, smuts inte fastnar lika l\u00e4tt, och bilen f\u00e5r en djupare glans. Behandlingen kombinerar ett gediget f\u00f6rarbete av v\u00e5ra tekniker f\u00f6r att anpassa efter bilen specifika behov och inkluderar en djupreng\u00f6ring, polering, och \u00e5terst\u00e4llning av lacken f\u00f6r att bevara kvalit\u00e9n \u00f6ver tid.<\/span>[\/vc_column_text][vc_column_text css=&#8221;.vc_custom_1766134969375{margin-top: 32px !important;margin-bottom: 0px !important;border-bottom-width: 0px !important;padding-right: 40px !important;padding-bottom: 0px !important;}&#8221;]<span style=\"color: #f6f6f6;\">Behandlingen passar bilar som:<\/span><\/p>\n<p><span style=\"color: #adadad;\">\u2022 \u00e4r nya och i behov av ett starkt lackskydd som bevarar lackens utseende, f\u00f6rdjupar glansen och h\u00e5ller ytan ren och v\u00e4lv\u00e5rdad.<\/span><\/p>\n<p><span style=\"color: #adadad;\">\u2022 \u00e4r begagnade och i behov av att \u00e5terst\u00e4lla sitt lackskydd och dess glans.<\/span>[\/vc_column_text][vc_btn title=&#8221;Boka behandling&#8221; style=&#8221;flat&#8221; shape=&#8221;round&#8221; color=&#8221;green&#8221; align=&#8221;left&#8221; link=&#8221;url:http%3A%2F%2Fbooking.mrcap.com%2F&#8221; css=&#8221;.vc_custom_1766070896798{margin-top: 0px !important;margin-bottom: 0px !important;border-top-width: 0px !important;border-bottom-width: 0px !important;padding-top: 24px !important;}&#8221;][\/vc_column][vc_column width=&#8221;1\/2&#8243; offset=&#8221;vc_hidden-xs&#8221;][vc_single_image image=&#8221;11322&#8243; img_size=&#8221;600&#215;450&#8243; alignment=&#8221;center&#8221; onclick=&#8221;custom_link&#8221; link=&#8221;https:\/\/mrcap.com\/tjanster\/bilglas\/windowtinting\/&#8221;][\/vc_column][\/vc_row][vc_row row_width=&#8221;wrap-boxed&#8221; row_overlay=&#8221;&#8221;][vc_column offset=&#8221;vc_hidden-lg vc_hidden-md vc_hidden-sm&#8221;][vc_single_image image=&#8221;11010&#8243; img_size=&#8221;full&#8221; alignment=&#8221;center&#8221; onclick=&#8221;custom_link&#8221; link=&#8221;https:\/\/mrcap.com\/tjanster\/bilglas\/windowtinting\/&#8221;][\/vc_column][\/vc_row][vc_row row_width=&#8221;wrap-boxed&#8221; row_overlay=&#8221;&#8221;][vc_column offset=&#8221;vc_hidden-lg vc_hidden-md vc_hidden-sm&#8221;][vc_column_text css=&#8221;.vc_custom_1764688070548{padding-right: 40px !important;}&#8221;]<span style=\"color: #adadad;\">FormulaCeramic \u00e4r v\u00e5r mest slitstarka lackskyddsbehandling som g\u00f6r den mycket motst\u00e5ndskraftig mot yttre p\u00e5frestningar. Lacken blir vattenavvisande, vilket g\u00f6r att den kr\u00e4ver mindre underh\u00e5ll, smuts inte fastnar lika l\u00e4tt, och bilen f\u00e5r en djupare glans. Behandlingen kombinerar ett gediget f\u00f6rarbete av v\u00e5ra tekniker f\u00f6r att anpassa efter bilen specifika behov och inkluderar en djupreng\u00f6ring, polering, och \u00e5terst\u00e4llning av lacken f\u00f6r att bevara kvalit\u00e9n \u00f6ver tid.<\/span>[\/vc_column_text][vc_column_text css=&#8221;.vc_custom_1764688084286{padding-right: 40px !important;}&#8221;]<\/p>\n<h6><span style=\"color: #f6f6f6;\">Behandlingen passar bilar som:<\/span><\/h6>\n<p><span style=\"color: #adadad;\">\u2022 \u00e4r nya och i behov av ett starkt lackskydd som bevarar lackens utseende, f\u00f6rdjupar glansen och h\u00e5ller ytan ren och v\u00e4lv\u00e5rdad.<\/span><\/p>\n<p><span style=\"color: #adadad;\">\u2022 \u00e4r begagnade och i behov av att \u00e5terst\u00e4lla sitt lackskydd och dess glans.<\/span>[\/vc_column_text][vc_btn title=&#8221;Boka behandling&#8221; style=&#8221;flat&#8221; shape=&#8221;round&#8221; color=&#8221;green&#8221; size=&#8221;sm&#8221; align=&#8221;left&#8221; link=&#8221;url:http%3A%2F%2Fbooking.mrcap.com%2F&#8221; css=&#8221;.vc_custom_1765957408505{margin-top: 0px !important;border-top-width: 0px !important;padding-top: 24px !important;padding-bottom: 16px !important;}&#8221;][\/vc_column][\/vc_row][vc_row row_width=&#8221;wrap-boxed&#8221; row_overlay=&#8221;&#8221;][vc_column][vc_separator color=&#8221;black&#8221; css=&#8221;.vc_custom_1765985842777{margin-top: 50px !important;margin-bottom: 32px !important;}&#8221;][\/vc_column][\/vc_row][vc_row row_width=&#8221;wrap-boxed&#8221; row_overlay=&#8221;&#8221;][vc_column width=&#8221;2\/3&#8243;][vc_column_text]<\/p>\n<h3><span style=\"color: #f6f6f6;\">Vad ing\u00e5r i behandlingen?<\/span><\/h3>\n<div id=\"message-list_1763542721.316099\" class=\"c-virtual_list__item\" tabindex=\"0\" role=\"listitem\" aria-setsize=\"-1\" data-qa=\"virtual-list-item\" data-item-key=\"1763542721.316099\">\n<div class=\"c-message_kit__background p-message_pane_message__message c-message_kit__message\" role=\"presentation\" data-qa=\"message_container\" data-qa-unprocessed=\"false\" data-qa-placeholder=\"false\">\n<div class=\"c-message_kit__hover\" role=\"document\" aria-roledescription=\"message\" data-qa-hover=\"true\">\n<div class=\"c-message_kit__actions c-message_kit__actions--default\">\n<div class=\"c-message_kit__gutter\">\n<div class=\"c-message_kit__gutter__right\" role=\"presentation\" data-qa=\"message_content\">\n<div class=\"c-message_kit__blocks c-message_kit__blocks--rich_text\">\n<div class=\"c-message__message_blocks c-message__message_blocks--rich_text\" data-qa=\"message-text\">\n<div class=\"p-block_kit_renderer\" data-qa=\"block-kit-renderer\">\n<div class=\"p-block_kit_renderer__block_wrapper p-block_kit_renderer__block_wrapper--first\">\n<div class=\"p-rich_text_block\" dir=\"auto\">\n<div class=\"p-rich_text_section\">\n<p><span style=\"color: #adadad;\">FormulaCeramic \u00e4r en specialanpassad lackskyddsbehandling f\u00f6r nya och begagnade bilar som inkluderar f\u00f6ljande moment:<\/span><\/p>\n<p><span style=\"color: #adadad;\">\u2022 individuell bed\u00f6mning och analys<\/span><br aria-hidden=\"true\" \/><span style=\"color: #adadad;\">\u2022 reng\u00f6ring, polering, och \u00e5terst\u00e4llande av lack<\/span><br aria-hidden=\"true\" \/><span style=\"color: #adadad;\">\u2022 applicering och h\u00e4rdning av keramiskt lackskydd<\/span><\/p>\n<p><span style=\"color: #adadad;\">FormulaCeramic utf\u00f6rs alltid manuellt av erfarna tekniker.<\/span><br aria-hidden=\"true\" \/><span style=\"color: #adadad;\">Efter behandlingen f\u00e5r du tillbaka din bil med v\u00e5rt starkaste och t\u00e5ligaste lackskydd som varar under l\u00e5ng tid.<\/span><\/p>\n<\/div>\n<\/div>\n<\/div>\n<\/div>\n<\/div>\n<\/div>\n<\/div>\n<\/div>\n<\/div>\n<\/div>\n<\/div>\n<\/div>\n<p>[\/vc_column_text][\/vc_column][\/vc_row][vc_row row_width=&#8221;wrap-boxed&#8221; row_overlay=&#8221;&#8221; css=&#8221;.vc_custom_1766070870334{margin-top: 100px !important;margin-right: 32px !important;margin-bottom: 100px !important;margin-left: 32px !important;border-top-width: 0px !important;padding-top: 100px !important;padding-bottom: 100px !important;background-color: #0f0f0f !important;}&#8221;][vc_column width=&#8221;1\/3&#8243; offset=&#8221;vc_hidden-xs&#8221;][\/vc_column][vc_column width=&#8221;1\/3&#8243; offset=&#8221;vc_hidden-xs&#8221;][vc_column_text]<\/p>\n<h3><span style=\"color: #f6f6f6;\">FormulaCeramic<\/span><\/h3>\n<p>[\/vc_column_text][\/vc_column][vc_column width=&#8221;1\/3&#8243; offset=&#8221;vc_hidden-xs&#8221;][vc_column_text]<\/p>\n<h3><span style=\"color: #f6f6f6;\"><span style=\"color: #adadad;\">FormulaCeramic<\/span> MasterTreatment<\/span><\/h3>\n<p>[\/vc_column_text][\/vc_column][vc_column css=&#8221;.vc_custom_1766070320314{margin-top: 0px !important;margin-bottom: 0px !important;border-top-width: 0px !important;border-bottom-width: 0px !important;padding-top: 0px !important;padding-bottom: 0px !important;}&#8221; offset=&#8221;vc_hidden-xs&#8221;][vc_separator color=&#8221;custom&#8221; css=&#8221;.vc_custom_1765985790501{margin-top: 0px !important;margin-bottom: 16px !important;border-top-width: 0px !important;border-bottom-width: 0px !important;padding-top: 0px !important;padding-bottom: 0px !important;}&#8221; accent_color=&#8221;#606060&#8243;][\/vc_column][vc_column width=&#8221;1\/3&#8243; offset=&#8221;vc_hidden-xs&#8221;][vc_column_text]<span style=\"color: #f6f6f6;\">Ny bil<\/span>[\/vc_column_text][\/vc_column][vc_column width=&#8221;1\/3&#8243; offset=&#8221;vc_hidden-xs&#8221;][vc_column_text]<span style=\"color: #f6f6f6;\"><img loading=\"lazy\" decoding=\"async\" class=\"alignleft wp-image-13652\" src=\"https:\/\/mrcap.com\/wp-content\/uploads\/Arrow-ikon-2.png\" alt=\"\" width=\"20\" height=\"20\" \/>Fr\u00e5n 6 995 kr<\/span>[\/vc_column_text][\/vc_column][vc_column width=&#8221;1\/3&#8243; offset=&#8221;vc_hidden-xs&#8221;][vc_column_text]<span style=\"color: #f6f6f6;\"><img loading=\"lazy\" decoding=\"async\" class=\"alignleft wp-image-13635\" src=\"https:\/\/mrcap.com\/wp-content\/uploads\/Arrow-ikon.png\" alt=\"\" width=\"20\" height=\"20\" \/>Fr\u00e5n 7 995 kr<\/span>[\/vc_column_text][\/vc_column][vc_column offset=&#8221;vc_hidden-xs&#8221;][vc_separator color=&#8221;custom&#8221; css=&#8221;.vc_custom_1765985798283{margin-top: 16px !important;margin-bottom: 16px !important;border-top-width: 0px !important;border-bottom-width: 0px !important;padding-top: 0px !important;padding-bottom: 0px !important;}&#8221; accent_color=&#8221;#606060&#8243;][\/vc_column][vc_column width=&#8221;1\/3&#8243; offset=&#8221;vc_hidden-xs&#8221;][vc_column_text css=&#8221;.vc_custom_1764661305925{margin-top: 0px !important;border-top-width: 0px !important;padding-top: 0px !important;}&#8221;]<span style=\"color: #f6f6f6;\">Begagnad bil<\/span>[\/vc_column_text][\/vc_column][vc_column width=&#8221;1\/3&#8243; offset=&#8221;vc_hidden-xs&#8221;][vc_column_text]<span style=\"color: #f6f6f6;\"><img loading=\"lazy\" decoding=\"async\" class=\"alignleft wp-image-13652\" src=\"https:\/\/mrcap.com\/wp-content\/uploads\/Arrow-ikon-2.png\" alt=\"\" width=\"20\" height=\"20\" \/>Fr\u00e5n 8 495 kr<\/span>[\/vc_column_text][\/vc_column][vc_column width=&#8221;1\/3&#8243; offset=&#8221;vc_hidden-xs&#8221;][vc_column_text]<span style=\"color: #f6f6f6;\"><img loading=\"lazy\" decoding=\"async\" class=\"alignleft wp-image-13635\" src=\"https:\/\/mrcap.com\/wp-content\/uploads\/Arrow-ikon.png\" alt=\"\" width=\"20\" height=\"20\" \/>Fr\u00e5n 9 995 kr<\/span>[\/vc_column_text][\/vc_column][vc_column css=&#8221;.vc_custom_1766070421054{margin-right: 0px !important;margin-left: 0px !important;border-right-width: 0px !important;border-left-width: 0px !important;padding-right: 8px !important;padding-left: 8px !important;background-color: #0f0f0f !important;}&#8221; offset=&#8221;vc_hidden-lg vc_hidden-md vc_hidden-sm&#8221;][vc_single_image image=&#8221;14067&#8243; img_size=&#8221;full&#8221;][\/vc_column][\/vc_row][vc_row row_width=&#8221;wrap-boxed&#8221; row_overlay=&#8221;&#8221; css=&#8221;.vc_custom_1766070817177{margin-bottom: 144px !important;}&#8221;][vc_column css=&#8221;.vc_custom_1765894872644{margin-top: 0px !important;margin-bottom: 0px !important;border-top-width: 0px !important;border-bottom-width: 0px !important;padding-top: 0px !important;padding-bottom: 0px !important;}&#8221;][vc_column_text css=&#8221;.vc_custom_1765898470478{margin-bottom: 32px !important;}&#8221;]<\/p>\n<h2><span style=\"color: #f6f6f6;\">Uppgradera till MasterTreatment<\/span><\/h2>\n<p>[\/vc_column_text][vc_row_inner css=&#8221;.vc_custom_1765894891132{margin-top: 0px !important;margin-bottom: 0px !important;border-top-width: 0px !important;border-bottom-width: 0px !important;padding-top: 0px !important;padding-bottom: 0px !important;}&#8221;][vc_column_inner css=&#8221;.vc_custom_1765894913403{margin-top: 0px !important;margin-bottom: 0px !important;border-top-width: 0px !important;border-bottom-width: 0px !important;padding-top: 0px !important;padding-bottom: 0px !important;}&#8221;][vc_separator color=&#8221;black&#8221;][\/vc_column_inner][\/vc_row_inner][vc_row_inner css=&#8221;.vc_custom_1765894898566{margin-top: 0px !important;margin-bottom: 0px !important;border-top-width: 0px !important;border-bottom-width: 0px !important;padding-top: 0px !important;padding-bottom: 0px !important;}&#8221;][vc_column_inner width=&#8221;1\/2&#8243; css=&#8221;.vc_custom_1765894920038{margin-top: 0px !important;margin-bottom: 0px !important;border-top-width: 0px !important;border-bottom-width: 0px !important;padding-top: 0px !important;padding-bottom: 0px !important;}&#8221;][vc_column_text css=&#8221;.vc_custom_1765959054103{margin-top: 0px !important;margin-bottom: 32px !important;border-top-width: 0px !important;padding-top: 0px !important;}&#8221;]<span style=\"color: #adadad;\">F\u00f6rh\u00f6j bilupplevelsen med en uppgradering av FormulaCeramic till MasterTreatment. Ut\u00f6ver ett komplett och starkt lackskydd adderas en djupg\u00e5ende behandling av bilens interi\u00f6r och motorrum. MasterTreatment kompletterar FormulaCeramic med en grundlig reng\u00f6ring av bilens kup\u00e9, impregnering av textilier, \u00e5terfuktning av l\u00e4derytor, samt en noggrann manuell tv\u00e4tt under motorhuven. Allt f\u00f6r ett best\u00e5ende helhetsintryck.<\/span>[\/vc_column_text][\/vc_column_inner][vc_column_inner width=&#8221;1\/2&#8243;][\/vc_column_inner][\/vc_row_inner][vc_row_inner css=&#8221;.vc_custom_1765894932932{margin-top: 0px !important;margin-bottom: 0px !important;border-top-width: 0px !important;border-bottom-width: 0px !important;padding-top: 0px !important;padding-bottom: 0px !important;}&#8221;][vc_column_inner css=&#8221;.vc_custom_1765894928695{margin-top: 0px !important;margin-bottom: 0px !important;border-top-width: 0px !important;border-bottom-width: 0px !important;padding-top: 0px !important;padding-bottom: 0px !important;}&#8221;][vc_separator color=&#8221;black&#8221;][\/vc_column_inner][\/vc_row_inner][vc_row_inner css=&#8221;.vc_custom_1765894963957{margin-top: 0px !important;border-top-width: 0px !important;padding-top: 0px !important;}&#8221;][vc_column_inner width=&#8221;1\/2&#8243; css=&#8221;.vc_custom_1765894968844{margin-top: 0px !important;border-top-width: 0px !important;padding-top: 0px !important;}&#8221;][vc_column_text css=&#8221;.vc_custom_1765965301286{margin-top: 0px !important;border-top-width: 0px !important;padding-top: 0px !important;}&#8221;]<\/p>\n<h2><span style=\"color: #f6f6f6;\">Resealant<\/span><\/h2>\n<h6><span style=\"color: #f6f6f6;\">\u2013 reducerat pris med v\u00e5rt \u00e5terbehandlingsprogram<\/span><\/h6>\n<p>[\/vc_column_text][\/vc_column_inner][vc_column_inner width=&#8221;1\/2&#8243; css=&#8221;.vc_custom_1765894978310{margin-top: 0px !important;border-top-width: 0px !important;padding-top: 0px !important;}&#8221;][vc_empty_space height=&#8221;15px&#8221;][vc_column_text]<span style=\"color: #adadad;\">Genom v\u00e5rt \u00e5terbehandlingsprogram, Resealant, st\u00e4rker vi upp din lackskyddsbehandling med j\u00e4mna intervall. Vid varje \u00f6versyn avl\u00e4gsnas smuts, inbr\u00e4nda partiklar och mindre repor.<\/span><\/p>\n<h6><span style=\"color: #f6f6f6;\">F\u00f6rdelar att g\u00e5 med:<\/span><\/h6>\n<p><span style=\"color: #adadad;\">\u2022 Reducerat pris vid varje lackskyddsbehandling i upp till 6 \u00e5r<\/span><br \/>\n<span style=\"color: #adadad;\">\u2022 G\u00f6r lacken mer motst\u00e5ndskraftig<\/span><br \/>\n<span style=\"color: #adadad;\">\u2022 Bilen blir l\u00e4ttare att tv\u00e4tta<\/span><\/p>\n<p><span style=\"color: #adadad;\">Rekommenderat intervall f\u00f6r \u00e5terbehandling \u00e4r en g\u00e5ng om \u00e5ret.<\/span>[\/vc_column_text][\/vc_column_inner][\/vc_row_inner][\/vc_column][\/vc_row]<\/p>\n<\/section>","protected":false},"excerpt":{"rendered":"<p>[vc_row row_width=&#8221;wrap-boxed&#8221; row_overlay=&#8221;&#8221;][vc_column offset=&#8221;vc_hidden-lg vc_hidden-md vc_hidden-sm&#8221; css=&#8221;.vc_custom_1763976515097{margin-top: 120px !important;}&#8221;][vc_column_text css=&#8221;.vc_custom_1768213569354{margin-bottom: 80px !important;}&#8221;] FormulaCeramic Ett slitstarkt lackskydd med h\u00f6g prestanda [\/vc_column_text][\/vc_column][\/vc_row][vc_row row_width=&#8221;wrap-boxed&#8221; row_overlay=&#8221;&#8221;][vc_column offset=&#8221;vc_hidden-xs&#8221; css=&#8221;.vc_custom_1768376457607{margin-top: 144px !important;}&#8221;][vc_column_text css=&#8221;.vc_custom_1768986060022{margin-bottom: 80px !important;}&#8221;] FormulaCeramic Slitstarkt lackskydd f\u00f6r djup glans och vattenavvisande yta [\/vc_column_text][\/vc_column][\/vc_row][vc_row row_width=&#8221;wrap-boxed&#8221; row_overlay=&#8221;&#8221;][vc_column width=&#8221;1\/2&#8243; offset=&#8221;vc_hidden-xs&#8221;][vc_column_text css=&#8221;.vc_custom_1764687846145{margin-bottom: 0px !important;border-bottom-width: 0px !important;padding-right: 40px !important;padding-bottom: 0px !important;}&#8221;]FormulaCeramic \u00e4r v\u00e5r mest [&hellip;]<\/p>\n","protected":false},"author":11,"featured_media":0,"parent":3995,"menu_order":0,"comment_status":"closed","ping_status":"closed","template":"page-vc.php","meta":{"_acf_changed":false,"footnotes":"","_links_to":"","_links_to_target":""},"yst_prominent_words":[],"class_list":["post-11005","page","type-page","status-publish","hentry"],"acf":[],"_links":{"self":[{"href":"https:\/\/mrcap.com\/index.php?rest_route=\/wp\/v2\/pages\/11005","targetHints":{"allow":["GET"]}}],"collection":[{"href":"https:\/\/mrcap.com\/index.php?rest_route=\/wp\/v2\/pages"}],"about":[{"href":"https:\/\/mrcap.com\/index.php?rest_route=\/wp\/v2\/types\/page"}],"author":[{"embeddable":true,"href":"https:\/\/mrcap.com\/index.php?rest_route=\/wp\/v2\/users\/11"}],"replies":[{"embeddable":true,"href":"https:\/\/mrcap.com\/index.php?rest_route=%2Fwp%2Fv2%2Fcomments&post=11005"}],"version-history":[{"count":130,"href":"https:\/\/mrcap.com\/index.php?rest_route=\/wp\/v2\/pages\/11005\/revisions"}],"predecessor-version":[{"id":14229,"href":"https:\/\/mrcap.com\/index.php?rest_route=\/wp\/v2\/pages\/11005\/revisions\/14229"}],"up":[{"embeddable":true,"href":"https:\/\/mrcap.com\/index.php?rest_route=\/wp\/v2\/pages\/3995"}],"wp:attachment":[{"href":"https:\/\/mrcap.com\/index.php?rest_route=%2Fwp%2Fv2%2Fmedia&parent=11005"}],"wp:term":[{"taxonomy":"yst_prominent_words","embeddable":true,"href":"https:\/\/mrcap.com\/index.php?rest_route=%2Fwp%2Fv2%2Fyst_prominent_words&post=11005"}],"curies":[{"name":"wp","href":"https:\/\/api.w.org\/{rel}","templated":true}]}}